{"id":1131,"date":"2020-02-17T09:17:50","date_gmt":"2020-02-17T12:17:50","guid":{"rendered":"https:\/\/www.verilinebazar.com.br\/?post_type=product&#038;p=1131"},"modified":"2023-09-30T09:57:29","modified_gmt":"2023-09-30T12:57:29","slug":"agulha-circular-de-bambu-circulo-60cm","status":"publish","type":"product","link":"https:\/\/www.verilinebazar.com.br\/index.php\/produto\/agulha-circular-de-bambu-circulo-60cm\/","title":{"rendered":"Agulha Circular de Bambu Circulo 60cm"},"content":{"rendered":"<p>Agulha Circular de Bambu Circulo 60cm<\/p>\n<p>Leve, pr\u00e1tica e flex\u00edvel, a Agulha Circular de Bambu Circulo 60cm proporciona momentos agrad\u00e1veis na hora de tricotar. Desenvolvida especialmente para confeccionar todos os tipos de pe\u00e7as, de forma cil\u00edndrica sem deixar nenhuma emenda ou costura, proporcionando um \u00f3timo acabamento. A ponta de bambu permite que a pe\u00e7a deslize perfeitamente e possibilita mais conforto para as m\u00e3os. O cabo de a\u00e7o que liga as duas pontas da agulha garante resist\u00eancia e facilidade para trabalhar com pe\u00e7as grandes.<\/p>\n<p>Tamanhos: 3,0mm, 3,5mm, 4,0mm, 4,5mm, 5,0mm, 6,0mm, 7,0mm, 8,0mm, 9,0mm e 10,0mm.<\/p>\n<p>&nbsp;<\/p>\n<p><a href=\"https:\/\/www.verilinebazar.com.br\/index.php\/categoria-produto\/agulhas\/agulha-croche\/\">\u00a0\u00a0\u00a0\u00a0 <img decoding=\"async\" class=\"alignnone wp-image-5633 size-full lazyload\" data-src=\"https:\/\/www.verilinebazar.com.br\/wp-content\/uploads\/2020\/04\/Logo-C\u00edrculo.jpg\" alt=\"Agulha Circular de Bambu Circulo 60cm\" width=\"79\" height=\"53\" data-srcset=\"https:\/\/www.verilinebazar.com.br\/wp-content\/uploads\/2020\/04\/Logo-C\u00edrculo.jpg 79w, https:\/\/www.verilinebazar.com.br\/wp-content\/uploads\/2020\/04\/Logo-C\u00edrculo-64x43.jpg 64w\" data-sizes=\"(max-width: 79px) 100vw, 79px\" src=\"data:image\/svg+xml;base64,PHN2ZyB3aWR0aD0iMSIgaGVpZ2h0PSIxIiB4bWxucz0iaHR0cDovL3d3dy53My5vcmcvMjAwMC9zdmciPjwvc3ZnPg==\" style=\"--smush-placeholder-width: 79px; --smush-placeholder-aspect-ratio: 79\/53;\" \/><\/a>\u00a0<span style=\"color: #0000ff;\"> \u00a0\u00a0 \u00a0 \u00a0 \u00a0 \u00a0 \u00a0 \u00a0 \u00a0\u00a0 <a href=\"https:\/\/www.verilinebazar.com.br\/blog\/\" target=\"_blank\" rel=\"noopener\"><img decoding=\"async\" class=\"alignnone wp-image-5475 lazyload\" data-src=\"https:\/\/www.verilinebazar.com.br\/wp-content\/uploads\/2020\/04\/Logo-blog-1.jpg\" alt=\"Blog Veriline Bazar\" width=\"140\" height=\"41\" src=\"data:image\/svg+xml;base64,PHN2ZyB3aWR0aD0iMSIgaGVpZ2h0PSIxIiB4bWxucz0iaHR0cDovL3d3dy53My5vcmcvMjAwMC9zdmciPjwvc3ZnPg==\" style=\"--smush-placeholder-width: 140px; --smush-placeholder-aspect-ratio: 140\/41;\" \/><\/a>\u00a0 \u00a0 <\/span><\/p>\n<p><span style=\"color: #0000ff;\">Mais Produtos da Marca <\/span>\u00a0\u00a0\u00a0\u00a0\u00a0\u00a0\u00a0\u00a0\u00a0<span style=\"color: #0000ff;\">\u00a0 Visite nosso Blog!<\/span><\/p>\n<div class=\"everest-forms\"><div class=\"evf-container default\" id=\"evf-803\"><form id=\"evf-form-803\" class=\"everest-form\" data-formid=\"803\" data-ajax_submission=\"0\" data-keyboard_friendly_form=\"0\" data-form_state_type=\"\" method=\"post\" enctype=\"multipart\/form-data\" action=\"\/index.php\/wp-json\/wp\/v2\/product\/1131\"><div class=\"evf-field-container\"><input type=\"hidden\" id=\"_wpnonce803\" name=\"_wpnonce803\" value=\"3519efd05f\" \/><input type=\"hidden\" name=\"_wp_http_referer\" value=\"\/index.php\/wp-json\/wp\/v2\/product\/1131\" \/><div class=\"evf-frontend-row\" data-row=\"row_1\" conditional_rules=\"[]\"><div class=\"evf-frontend-grid evf-grid-2\" data-grid=\"grid_1\"><div id=\"evf-803-field_saB3bOpLww-2-container\" class=\"evf-field evf-field-textarea form-row\" data-field-id=\"saB3bOpLww-2\"><label class=\"evf-field-label\" for=\"evf-803-field_saB3bOpLww-2\"><span class=\"evf-label\">Tem alguma d\u00favida sobre este produto?<\/span> <\/label><textarea id=\"evf-803-field_saB3bOpLww-2\" class=\"input-text\" name=\"everest_forms[form_fields][saB3bOpLww-2]\"  ><\/textarea><\/div><\/div><div class=\"evf-frontend-grid evf-grid-2\" data-grid=\"grid_2\"><div id=\"evf-803-field_5x9M4T3hmb-1-container\" class=\"evf-field evf-field-email form-row validate-required validate-email\" data-required-field-message=\"Please enter a valid email address.\" data-field-id=\"5x9M4T3hmb-1\"><label class=\"evf-field-label\" for=\"evf-803-field_5x9M4T3hmb-1\"><span class=\"evf-label\">Email<\/span> <abbr class=\"required\" title=\"Requeridos\">*<\/abbr><\/label><input type=\"email\" id=\"evf-803-field_5x9M4T3hmb-1\" class=\"input-text\" name=\"everest_forms[form_fields][5x9M4T3hmb-1]\" required ><\/div><\/div><\/div><\/div><div class=\"evf-honeypot-container evf-field-hp\"><label for=\"evf-803-field-hp\" class=\"evf-field-label\">Comment<\/label><input type=\"text\" name=\"everest_forms[hp]\" id=\"evf-803-field-hp\" class=\"input-text\"><\/div><div class=\"evf-submit-container \" ><input type=\"hidden\" name=\"everest_forms[id]\" value=\"803\"><input type=\"hidden\" name=\"everest_forms[author]\" value=\"1\"><button type='submit' name='everest_forms[submit]' class='everest-forms-submit-button button evf-submit ' id='evf-submit-803' value='evf-submit' data-process-text=\"Preparando....\" conditional_rules='&quot;&quot;' conditional_id='evf-submit-803'  id=\"evf-submit-803\" aria-live=\"assertive\">Enviar<\/button><\/div><\/form><\/div><!-- .evf-container --><\/div>\n<p>&nbsp;<\/p>\n","protected":false},"excerpt":{"rendered":"<p class=\"western\"><span style=\"color: #0000ff;\">Escolha a quantidade de cada tamanho<\/span><\/p>\n<p class=\"western\"><span style=\"color: #0000ff;\">Clique em ADICIONAR AO CARRINHO<\/span><\/p>\n","protected":false},"featured_media":31624,"template":"","meta":{"_crdt_document":"","_uag_custom_page_level_css":"","site-sidebar-layout":"default","site-content-layout":"default","ast-site-content-layout":"default","site-content-style":"default","site-sidebar-style":"default","ast-global-header-display":"","ast-banner-title-visibility":"","ast-main-header-display":"","ast-hfb-above-header-display":"","ast-hfb-below-header-display":"","ast-hfb-mobile-header-display":"","site-post-title":"","ast-breadcrumbs-content":"","ast-featured-img":"","footer-sml-layout":"","ast-disable-related-posts":"","theme-transparent-header-meta":"default","adv-header-id-meta":"","stick-header-meta":"default","header-above-stick-meta":"","header-main-stick-meta":"","header-below-stick-meta":"","astra-migrate-meta-layouts":"set","ast-page-background-enabled":"default","ast-page-background-meta":{"desktop":{"background-color":"","background-image":"","background-repeat":"repeat","background-position":"center center","background-size":"auto","background-attachment":"scroll","background-type":"","background-media":"","overlay-type":"","overlay-color":"","overlay-opacity":"","overlay-gradient":""},"tablet":{"background-color":"","background-image":"","background-repeat":"repeat","background-position":"center center","background-size":"auto","background-attachment":"scroll","background-type":"","background-media":"","overlay-type":"","overlay-color":"","overlay-opacity":"","overlay-gradient":""},"mobile":{"background-color":"","background-image":"","background-repeat":"repeat","background-position":"center center","background-size":"auto","background-attachment":"scroll","background-type":"","background-media":"","overlay-type":"","overlay-color":"","overlay-opacity":"","overlay-gradient":""}},"ast-content-background-meta":{"desktop":{"background-color":"var(--ast-global-color-5)","background-image":"","background-repeat":"repeat","background-position":"center center","background-size":"auto","background-attachment":"scroll","background-type":"","background-media":"","overlay-type":"","overlay-color":"","overlay-opacity":"","overlay-gradient":""},"tablet":{"background-color":"var(--ast-global-color-5)","background-image":"","background-repeat":"repeat","background-position":"center center","background-size":"auto","background-attachment":"scroll","background-type":"","background-media":"","overlay-type":"","overlay-color":"","overlay-opacity":"","overlay-gradient":""},"mobile":{"background-color":"var(--ast-global-color-5)","background-image":"","background-repeat":"repeat","background-position":"center center","background-size":"auto","background-attachment":"scroll","background-type":"","background-media":"","overlay-type":"","overlay-color":"","overlay-opacity":"","overlay-gradient":""}}},"pwb-brand":[4582],"product_brand":[],"product_cat":[4740,31],"product_tag":[307],"class_list":{"0":"post-1131","1":"product","2":"type-product","3":"status-publish","4":"has-post-thumbnail","6":"pwb-brand-circulo","7":"product_cat-agulha-circular","8":"product_cat-agulhas","9":"product_tag-agulha-circular","10":"desktop-align-center","11":"tablet-align-left","12":"mobile-align-center","13":"ast-product-gallery-layout-horizontal-slider","14":"ast-product-gallery-with-no-image","15":"ast-product-single-variable","16":"ast-product-tabs-layout-horizontal","17":"ast-qv-on-image","19":"first","20":"instock","21":"taxable","22":"shipping-taxable","23":"purchasable","24":"product-type-variable"},"uagb_featured_image_src":{"full":["https:\/\/www.verilinebazar.com.br\/wp-content\/uploads\/2020\/02\/Agulha-circular.jpg?v=1692629901",200,241,false],"thumbnail":["https:\/\/www.verilinebazar.com.br\/wp-content\/uploads\/2020\/02\/Agulha-circular-150x150.jpg?v=1692629901",150,150,true],"medium":["https:\/\/www.verilinebazar.com.br\/wp-content\/uploads\/2020\/02\/Agulha-circular.jpg?v=1692629901",200,241,false],"medium_large":["https:\/\/www.verilinebazar.com.br\/wp-content\/uploads\/2020\/02\/Agulha-circular.jpg?v=1692629901",200,241,false],"large":["https:\/\/www.verilinebazar.com.br\/wp-content\/uploads\/2020\/02\/Agulha-circular.jpg?v=1692629901",200,241,false],"ryviu-small":["https:\/\/www.verilinebazar.com.br\/wp-content\/uploads\/2020\/02\/Agulha-circular-40x40.jpg?v=1692629901",40,40,true],"ryviu-medium":["https:\/\/www.verilinebazar.com.br\/wp-content\/uploads\/2020\/02\/Agulha-circular-132x132.jpg?v=1692629901",132,132,true],"1536x1536":["https:\/\/www.verilinebazar.com.br\/wp-content\/uploads\/2020\/02\/Agulha-circular.jpg?v=1692629901",200,241,false],"2048x2048":["https:\/\/www.verilinebazar.com.br\/wp-content\/uploads\/2020\/02\/Agulha-circular.jpg?v=1692629901",200,241,false],"wishsuite-image":["https:\/\/www.verilinebazar.com.br\/wp-content\/uploads\/2020\/02\/Agulha-circular.jpg?v=1692629901",66,80,false],"ever-compare-image":["https:\/\/www.verilinebazar.com.br\/wp-content\/uploads\/2020\/02\/Agulha-circular.jpg?v=1692629901",200,241,false],"_nx_notification_thumb_100_100":["https:\/\/www.verilinebazar.com.br\/wp-content\/uploads\/2020\/02\/Agulha-circular.jpg?v=1692629901",83,100,false],"_nx_notification_thumb_200_200":["https:\/\/www.verilinebazar.com.br\/wp-content\/uploads\/2020\/02\/Agulha-circular.jpg?v=1692629901",166,200,false],"_nx_notification_thumb_300_300":["https:\/\/www.verilinebazar.com.br\/wp-content\/uploads\/2020\/02\/Agulha-circular.jpg?v=1692629901",200,241,false],"_nx_notification_thumb_400_400":["https:\/\/www.verilinebazar.com.br\/wp-content\/uploads\/2020\/02\/Agulha-circular.jpg?v=1692629901",200,241,false],"_nx_notification_thumb_500_500":["https:\/\/www.verilinebazar.com.br\/wp-content\/uploads\/2020\/02\/Agulha-circular.jpg?v=1692629901",200,241,false],"woocommerce_thumbnail":["https:\/\/www.verilinebazar.com.br\/wp-content\/uploads\/2020\/02\/Agulha-circular-200x200.jpg?v=1692629901",200,200,true],"woocommerce_single":["https:\/\/www.verilinebazar.com.br\/wp-content\/uploads\/2020\/02\/Agulha-circular.jpg?v=1692629901",200,241,false],"woocommerce_gallery_thumbnail":["https:\/\/www.verilinebazar.com.br\/wp-content\/uploads\/2020\/02\/Agulha-circular-100x100.jpg?v=1692629901",100,100,true],"dgwt-wcas-product-suggestion":["https:\/\/www.verilinebazar.com.br\/wp-content\/uploads\/2020\/02\/Agulha-circular-64x77.jpg?v=1692629901",64,77,true],"yith-woocompare-image":["https:\/\/www.verilinebazar.com.br\/wp-content\/uploads\/2020\/02\/Agulha-circular-200x154.jpg?v=1692629901",200,154,true]},"uagb_author_info":{"display_name":"admin","author_link":"https:\/\/www.verilinebazar.com.br\/index.php\/author\/"},"uagb_comment_info":0,"uagb_excerpt":"Escolha a quantidade de cada tamanho Clique em ADICIONAR AO CARRINHO","brands":[{"id":4582,"name":"Circulo","slug":"circulo"}],"post_mailing_queue_ids":[],"_links":{"self":[{"href":"https:\/\/www.verilinebazar.com.br\/index.php\/wp-json\/wp\/v2\/product\/1131","targetHints":{"allow":["GET"]}}],"collection":[{"href":"https:\/\/www.verilinebazar.com.br\/index.php\/wp-json\/wp\/v2\/product"}],"about":[{"href":"https:\/\/www.verilinebazar.com.br\/index.php\/wp-json\/wp\/v2\/types\/product"}],"wp:featuredmedia":[{"embeddable":true,"href":"https:\/\/www.verilinebazar.com.br\/index.php\/wp-json\/wp\/v2\/media\/31624"}],"wp:attachment":[{"href":"https:\/\/www.verilinebazar.com.br\/index.php\/wp-json\/wp\/v2\/media?parent=1131"}],"wp:term":[{"taxonomy":"pwb-brand","embeddable":true,"href":"https:\/\/www.verilinebazar.com.br\/index.php\/wp-json\/wp\/v2\/pwb-brand?post=1131"},{"taxonomy":"product_brand","embeddable":true,"href":"https:\/\/www.verilinebazar.com.br\/index.php\/wp-json\/wp\/v2\/product_brand?post=1131"},{"taxonomy":"product_cat","embeddable":true,"href":"https:\/\/www.verilinebazar.com.br\/index.php\/wp-json\/wp\/v2\/product_cat?post=1131"},{"taxonomy":"product_tag","embeddable":true,"href":"https:\/\/www.verilinebazar.com.br\/index.php\/wp-json\/wp\/v2\/product_tag?post=1131"}],"curies":[{"name":"wp","href":"https:\/\/api.w.org\/{rel}","templated":true}]}}