{"id":13389,"date":"2021-06-29T15:53:50","date_gmt":"2021-06-29T18:53:50","guid":{"rendered":"https:\/\/www.verilinebazar.com.br\/?post_type=product&#038;p=13389"},"modified":"2023-06-27T08:06:59","modified_gmt":"2023-06-27T11:06:59","slug":"fio-de-malha-euroroma-ecomalha-140m","status":"publish","type":"product","link":"https:\/\/www.verilinebazar.com.br\/index.php\/produto\/fio-de-malha-euroroma-ecomalha-140m\/","title":{"rendered":"Fio de Malha EuroRoma Ecomalha 140m"},"content":{"rendered":"<p>Fio de Malha EuroRoma Ecomalha 140m<\/p>\n<p>O Fio de Malha EuroRoma Ecomalha 140m \u00e9 um fio de malha ecol\u00f3gico que oferece m\u00faltiplas possibilidades. Atrav\u00e9s de um reaproveitamento criativo, este fant\u00e1stico fio \u00e9 coletado e selecionado para que possa ser transformado nas mais belas pe\u00e7as.<\/p>\n<p>&nbsp;<\/p>\n<p><span style=\"color: #0000ff\">Foto do Produto Pronto<\/span><\/p>\n<p><img decoding=\"async\" class=\"alignnone wp-image-13400 size-medium lazyload\" data-src=\"https:\/\/www.verilinebazar.com.br\/wp-content\/uploads\/2021\/06\/amostra-fio-de-malha-300x300.jpeg\" alt=\"Fio de Malha EuroRoma Ecomalha 140m\" width=\"300\" height=\"300\" data-srcset=\"https:\/\/www.verilinebazar.com.br\/wp-content\/uploads\/2021\/06\/amostra-fio-de-malha.jpeg 300w, https:\/\/www.verilinebazar.com.br\/wp-content\/uploads\/2021\/06\/amostra-fio-de-malha-200x200.jpeg 200w, https:\/\/www.verilinebazar.com.br\/wp-content\/uploads\/2021\/06\/amostra-fio-de-malha-100x100.jpeg 100w, https:\/\/www.verilinebazar.com.br\/wp-content\/uploads\/2021\/06\/amostra-fio-de-malha-64x64.jpeg 64w, https:\/\/www.verilinebazar.com.br\/wp-content\/uploads\/2021\/06\/amostra-fio-de-malha-150x150.jpeg 150w\" data-sizes=\"(max-width: 300px) 100vw, 300px\" src=\"data:image\/svg+xml;base64,PHN2ZyB3aWR0aD0iMSIgaGVpZ2h0PSIxIiB4bWxucz0iaHR0cDovL3d3dy53My5vcmcvMjAwMC9zdmciPjwvc3ZnPg==\" style=\"--smush-placeholder-width: 300px; --smush-placeholder-aspect-ratio: 300\/300;\" \/><\/p>\n<p class=\"western\">\n<p class=\"western\"><a href=\"https:\/\/www.verilinebazar.com.br\/index.php\/produto\/barbante-spesso-euroroma-24-fios\/\"><span style=\"color: #000080\"><img decoding=\"async\" class=\"alignleft lazyload\" data-src=\"https:\/\/www.verilinebazar.com.br\/wp-content\/uploads\/2021\/06\/Euroroma.jpg\" alt=\"Fio de Malha EuroRoma Ecomalha 140m\" width=\"127\" height=\"68\" align=\"BOTTOM\" border=\"1\" src=\"data:image\/svg+xml;base64,PHN2ZyB3aWR0aD0iMSIgaGVpZ2h0PSIxIiB4bWxucz0iaHR0cDovL3d3dy53My5vcmcvMjAwMC9zdmciPjwvc3ZnPg==\" style=\"--smush-placeholder-width: 127px; --smush-placeholder-aspect-ratio: 127\/68;\" \/><\/span><\/a>\u00a0\u00a0\u00a0 \u00a0 <span style=\"color: #000080\"> <a href=\"https:\/\/www.verilinebazar.com.br\/blog\/\" target=\"_blank\" rel=\"noopener\"><img decoding=\"async\" class=\"alignnone lazyload\" data-src=\"https:\/\/www.verilinebazar.com.br\/wp-content\/uploads\/2020\/04\/Logo-blog-1.jpg\" alt=\"Blog Veriline Bazar\" width=\"140\" height=\"41\" align=\"BOTTOM\" border=\"1\" src=\"data:image\/svg+xml;base64,PHN2ZyB3aWR0aD0iMSIgaGVpZ2h0PSIxIiB4bWxucz0iaHR0cDovL3d3dy53My5vcmcvMjAwMC9zdmciPjwvc3ZnPg==\" style=\"--smush-placeholder-width: 140px; --smush-placeholder-aspect-ratio: 140\/41;\" \/><\/a><\/span><\/p>\n<p class=\"western\"><span style=\"color: #0000ff\">Mais Produtos da Marca\u00a0 \u00a0 \u00a0 \u00a0 \u00a0Visite nosso Blog!<\/span><\/p>\n<p><span style=\"color: #0000ff\">Modo de Lavagem<\/span><\/p>\n<p><img decoding=\"async\" class=\"alignnone wp-image-5913 size-full lazyload\" data-src=\"https:\/\/www.verilinebazar.com.br\/wp-content\/uploads\/2020\/04\/Modo-de-lavagem-linha-circulo.jpg\" alt=\"Modo de lavagem Fio de Malha EuroRoma Ecomalha 140m\" width=\"299\" height=\"61\" data-srcset=\"https:\/\/www.verilinebazar.com.br\/wp-content\/uploads\/2020\/04\/Modo-de-lavagem-linha-circulo.jpg 299w, https:\/\/www.verilinebazar.com.br\/wp-content\/uploads\/2020\/04\/Modo-de-lavagem-linha-circulo-64x13.jpg 64w, https:\/\/www.verilinebazar.com.br\/wp-content\/uploads\/2020\/04\/Modo-de-lavagem-linha-circulo-200x41.jpg 200w\" data-sizes=\"(max-width: 299px) 100vw, 299px\" src=\"data:image\/svg+xml;base64,PHN2ZyB3aWR0aD0iMSIgaGVpZ2h0PSIxIiB4bWxucz0iaHR0cDovL3d3dy53My5vcmcvMjAwMC9zdmciPjwvc3ZnPg==\" style=\"--smush-placeholder-width: 299px; --smush-placeholder-aspect-ratio: 299\/61;\" \/><\/p>\n<div class=\"everest-forms\"><div class=\"evf-container default\" id=\"evf-803\"><form id=\"evf-form-803\" class=\"everest-form\" data-formid=\"803\" data-ajax_submission=\"0\" data-keyboard_friendly_form=\"0\" data-form_state_type=\"\" method=\"post\" enctype=\"multipart\/form-data\" action=\"\/index.php\/wp-json\/wp\/v2\/product\/13389\"><div class=\"evf-field-container\"><input type=\"hidden\" id=\"_wpnonce803\" name=\"_wpnonce803\" value=\"595d07fe6f\" \/><input type=\"hidden\" name=\"_wp_http_referer\" value=\"\/index.php\/wp-json\/wp\/v2\/product\/13389\" \/><div class=\"evf-frontend-row\" data-row=\"row_1\" conditional_rules=\"[]\"><div class=\"evf-frontend-grid evf-grid-2\" data-grid=\"grid_1\"><div id=\"evf-803-field_saB3bOpLww-2-container\" class=\"evf-field evf-field-textarea form-row\" data-field-id=\"saB3bOpLww-2\"><label class=\"evf-field-label\" for=\"evf-803-field_saB3bOpLww-2\"><span class=\"evf-label\">Tem alguma d\u00favida sobre este produto?<\/span> <\/label><textarea id=\"evf-803-field_saB3bOpLww-2\" class=\"input-text\" name=\"everest_forms[form_fields][saB3bOpLww-2]\"  ><\/textarea><\/div><\/div><div class=\"evf-frontend-grid evf-grid-2\" data-grid=\"grid_2\"><div id=\"evf-803-field_5x9M4T3hmb-1-container\" class=\"evf-field evf-field-email form-row validate-required validate-email\" data-required-field-message=\"Please enter a valid email address.\" data-field-id=\"5x9M4T3hmb-1\"><label class=\"evf-field-label\" for=\"evf-803-field_5x9M4T3hmb-1\"><span class=\"evf-label\">Email<\/span> <abbr class=\"required\" title=\"Requeridos\">*<\/abbr><\/label><input type=\"email\" id=\"evf-803-field_5x9M4T3hmb-1\" class=\"input-text\" name=\"everest_forms[form_fields][5x9M4T3hmb-1]\" required ><\/div><\/div><\/div><\/div><div class=\"evf-honeypot-container evf-field-hp\"><label for=\"evf-803-field-hp\" class=\"evf-field-label\">Website<\/label><input type=\"text\" name=\"everest_forms[hp]\" id=\"evf-803-field-hp\" class=\"input-text\"><\/div><div class=\"evf-submit-container \" ><input type=\"hidden\" name=\"everest_forms[id]\" value=\"803\"><input type=\"hidden\" name=\"everest_forms[author]\" value=\"1\"><button type='submit' name='everest_forms[submit]' class='everest-forms-submit-button button evf-submit ' id='evf-submit-803' value='evf-submit' data-process-text=\"Preparando....\" conditional_rules='&quot;&quot;' conditional_id='evf-submit-803'  id=\"evf-submit-803\" aria-live=\"assertive\">Enviar<\/button><\/div><\/form><\/div><!-- .evf-container --><\/div>\n","protected":false},"excerpt":{"rendered":"<p class=\"western\"><span style=\"color: #0000ff\">Escolha a quantidade de cada cor<\/span><\/p>\n<p class=\"western\"><span style=\"color: #0000ff\">Clique em ADICIONAR AO CARRINHO<\/span><\/p>\n<p>&nbsp;<\/p>\n<p>&nbsp;<\/p>\n","protected":false},"featured_media":13419,"template":"","meta":{"_crdt_document":"","_uag_custom_page_level_css":"","site-sidebar-layout":"default","site-content-layout":"default","ast-site-content-layout":"default","site-content-style":"default","site-sidebar-style":"default","ast-global-header-display":"","ast-banner-title-visibility":"","ast-main-header-display":"","ast-hfb-above-header-display":"","ast-hfb-below-header-display":"","ast-hfb-mobile-header-display":"","site-post-title":"","ast-breadcrumbs-content":"","ast-featured-img":"","footer-sml-layout":"","ast-disable-related-posts":"","theme-transparent-header-meta":"default","adv-header-id-meta":"","stick-header-meta":"","header-above-stick-meta":"","header-main-stick-meta":"","header-below-stick-meta":"","astra-migrate-meta-layouts":"default","ast-page-background-enabled":"default","ast-page-background-meta":{"desktop":{"background-color":"","background-image":"","background-repeat":"repeat","background-position":"center center","background-size":"auto","background-attachment":"scroll","background-type":"","background-media":"","overlay-type":"","overlay-color":"","overlay-opacity":"","overlay-gradient":""},"tablet":{"background-color":"","background-image":"","background-repeat":"repeat","background-position":"center center","background-size":"auto","background-attachment":"scroll","background-type":"","background-media":"","overlay-type":"","overlay-color":"","overlay-opacity":"","overlay-gradient":""},"mobile":{"background-color":"","background-image":"","background-repeat":"repeat","background-position":"center center","background-size":"auto","background-attachment":"scroll","background-type":"","background-media":"","overlay-type":"","overlay-color":"","overlay-opacity":"","overlay-gradient":""}},"ast-content-background-meta":{"desktop":{"background-color":"var(--ast-global-color-5)","background-image":"","background-repeat":"repeat","background-position":"center center","background-size":"auto","background-attachment":"scroll","background-type":"","background-media":"","overlay-type":"","overlay-color":"","overlay-opacity":"","overlay-gradient":""},"tablet":{"background-color":"var(--ast-global-color-5)","background-image":"","background-repeat":"repeat","background-position":"center center","background-size":"auto","background-attachment":"scroll","background-type":"","background-media":"","overlay-type":"","overlay-color":"","overlay-opacity":"","overlay-gradient":""},"mobile":{"background-color":"var(--ast-global-color-5)","background-image":"","background-repeat":"repeat","background-position":"center center","background-size":"auto","background-attachment":"scroll","background-type":"","background-media":"","overlay-type":"","overlay-color":"","overlay-opacity":"","overlay-gradient":""}}},"pwb-brand":[4637],"product_brand":[],"product_cat":[59],"product_tag":[4704],"class_list":{"0":"post-13389","1":"product","2":"type-product","3":"status-publish","4":"has-post-thumbnail","6":"pwb-brand-euroroma","7":"product_cat-fios-para-tapecaria","8":"product_tag-malha","9":"desktop-align-center","10":"tablet-align-left","11":"mobile-align-center","12":"ast-product-gallery-layout-horizontal-slider","13":"ast-product-gallery-with-no-image","14":"ast-product-single-variable","15":"ast-product-tabs-layout-horizontal","16":"ast-qv-on-image","18":"first","19":"instock","20":"taxable","21":"shipping-taxable","22":"purchasable","23":"product-type-variable"},"uagb_featured_image_src":{"full":["https:\/\/www.verilinebazar.com.br\/wp-content\/uploads\/2021\/06\/514d0e2932cd5f848d78dab9dfb5208a7bcf375f.png?v=1692635421",232,300,false],"thumbnail":["https:\/\/www.verilinebazar.com.br\/wp-content\/uploads\/2021\/06\/514d0e2932cd5f848d78dab9dfb5208a7bcf375f-150x150.png?v=1692635421",150,150,true],"medium":["https:\/\/www.verilinebazar.com.br\/wp-content\/uploads\/2021\/06\/514d0e2932cd5f848d78dab9dfb5208a7bcf375f.png?v=1692635421",232,300,false],"medium_large":["https:\/\/www.verilinebazar.com.br\/wp-content\/uploads\/2021\/06\/514d0e2932cd5f848d78dab9dfb5208a7bcf375f.png?v=1692635421",232,300,false],"large":["https:\/\/www.verilinebazar.com.br\/wp-content\/uploads\/2021\/06\/514d0e2932cd5f848d78dab9dfb5208a7bcf375f.png?v=1692635421",232,300,false],"ryviu-small":["https:\/\/www.verilinebazar.com.br\/wp-content\/uploads\/2021\/06\/514d0e2932cd5f848d78dab9dfb5208a7bcf375f-40x40.png?v=1692635421",40,40,true],"ryviu-medium":["https:\/\/www.verilinebazar.com.br\/wp-content\/uploads\/2021\/06\/514d0e2932cd5f848d78dab9dfb5208a7bcf375f-132x132.png?v=1692635421",132,132,true],"1536x1536":["https:\/\/www.verilinebazar.com.br\/wp-content\/uploads\/2021\/06\/514d0e2932cd5f848d78dab9dfb5208a7bcf375f.png?v=1692635421",232,300,false],"2048x2048":["https:\/\/www.verilinebazar.com.br\/wp-content\/uploads\/2021\/06\/514d0e2932cd5f848d78dab9dfb5208a7bcf375f.png?v=1692635421",232,300,false],"wishsuite-image":["https:\/\/www.verilinebazar.com.br\/wp-content\/uploads\/2021\/06\/514d0e2932cd5f848d78dab9dfb5208a7bcf375f.png?v=1692635421",62,80,false],"ever-compare-image":["https:\/\/www.verilinebazar.com.br\/wp-content\/uploads\/2021\/06\/514d0e2932cd5f848d78dab9dfb5208a7bcf375f.png?v=1692635421",232,300,false],"_nx_notification_thumb_100_100":["https:\/\/www.verilinebazar.com.br\/wp-content\/uploads\/2021\/06\/514d0e2932cd5f848d78dab9dfb5208a7bcf375f.png?v=1692635421",77,100,false],"_nx_notification_thumb_200_200":["https:\/\/www.verilinebazar.com.br\/wp-content\/uploads\/2021\/06\/514d0e2932cd5f848d78dab9dfb5208a7bcf375f.png?v=1692635421",155,200,false],"_nx_notification_thumb_300_300":["https:\/\/www.verilinebazar.com.br\/wp-content\/uploads\/2021\/06\/514d0e2932cd5f848d78dab9dfb5208a7bcf375f.png?v=1692635421",232,300,false],"_nx_notification_thumb_400_400":["https:\/\/www.verilinebazar.com.br\/wp-content\/uploads\/2021\/06\/514d0e2932cd5f848d78dab9dfb5208a7bcf375f.png?v=1692635421",232,300,false],"_nx_notification_thumb_500_500":["https:\/\/www.verilinebazar.com.br\/wp-content\/uploads\/2021\/06\/514d0e2932cd5f848d78dab9dfb5208a7bcf375f.png?v=1692635421",232,300,false],"woocommerce_thumbnail":["https:\/\/www.verilinebazar.com.br\/wp-content\/uploads\/2021\/06\/514d0e2932cd5f848d78dab9dfb5208a7bcf375f-200x200.png?v=1692635421",200,200,true],"woocommerce_single":["https:\/\/www.verilinebazar.com.br\/wp-content\/uploads\/2021\/06\/514d0e2932cd5f848d78dab9dfb5208a7bcf375f.png?v=1692635421",232,300,false],"woocommerce_gallery_thumbnail":["https:\/\/www.verilinebazar.com.br\/wp-content\/uploads\/2021\/06\/514d0e2932cd5f848d78dab9dfb5208a7bcf375f-100x100.png?v=1692635421",100,100,true],"dgwt-wcas-product-suggestion":["https:\/\/www.verilinebazar.com.br\/wp-content\/uploads\/2021\/06\/514d0e2932cd5f848d78dab9dfb5208a7bcf375f-64x83.png?v=1692635421",64,83,true],"yith-woocompare-image":["https:\/\/www.verilinebazar.com.br\/wp-content\/uploads\/2021\/06\/514d0e2932cd5f848d78dab9dfb5208a7bcf375f.png?v=1692635421",119,154,false]},"uagb_author_info":{"display_name":"admin","author_link":"https:\/\/www.verilinebazar.com.br\/index.php\/author\/"},"uagb_comment_info":0,"uagb_excerpt":"Escolha a quantidade de cada cor Clique em ADICIONAR AO CARRINHO &nbsp; &nbsp;","brands":[{"id":4637,"name":"Euroroma","slug":"euroroma"}],"post_mailing_queue_ids":[],"_links":{"self":[{"href":"https:\/\/www.verilinebazar.com.br\/index.php\/wp-json\/wp\/v2\/product\/13389","targetHints":{"allow":["GET"]}}],"collection":[{"href":"https:\/\/www.verilinebazar.com.br\/index.php\/wp-json\/wp\/v2\/product"}],"about":[{"href":"https:\/\/www.verilinebazar.com.br\/index.php\/wp-json\/wp\/v2\/types\/product"}],"wp:featuredmedia":[{"embeddable":true,"href":"https:\/\/www.verilinebazar.com.br\/index.php\/wp-json\/wp\/v2\/media\/13419"}],"wp:attachment":[{"href":"https:\/\/www.verilinebazar.com.br\/index.php\/wp-json\/wp\/v2\/media?parent=13389"}],"wp:term":[{"taxonomy":"pwb-brand","embeddable":true,"href":"https:\/\/www.verilinebazar.com.br\/index.php\/wp-json\/wp\/v2\/pwb-brand?post=13389"},{"taxonomy":"product_brand","embeddable":true,"href":"https:\/\/www.verilinebazar.com.br\/index.php\/wp-json\/wp\/v2\/product_brand?post=13389"},{"taxonomy":"product_cat","embeddable":true,"href":"https:\/\/www.verilinebazar.com.br\/index.php\/wp-json\/wp\/v2\/product_cat?post=13389"},{"taxonomy":"product_tag","embeddable":true,"href":"https:\/\/www.verilinebazar.com.br\/index.php\/wp-json\/wp\/v2\/product_tag?post=13389"}],"curies":[{"name":"wp","href":"https:\/\/api.w.org\/{rel}","templated":true}]}}