{"id":21930,"date":"2021-09-20T23:43:10","date_gmt":"2021-09-21T02:43:10","guid":{"rendered":"https:\/\/www.verilinebazar.com.br\/?post_type=product&#038;p=21930"},"modified":"2023-06-16T18:13:04","modified_gmt":"2023-06-16T21:13:04","slug":"refil-para-almofada-45x45cm-dois-m-textil","status":"publish","type":"product","link":"https:\/\/www.verilinebazar.com.br\/index.php\/produto\/refil-para-almofada-45x45cm-dois-m-textil\/","title":{"rendered":"Refil para Almofada 45x45cm Dois M T\u00eaxtil"},"content":{"rendered":"<p>Refil para Almofada 45x45cm Dois M T\u00eaxtil<\/p>\n<p>As almofadas se tornaram componentes essenciais em locais de descanso e repouso. Esses componentes podem ser confeccionados em diversos materiais, de modo que a criatividade \u00e9 um dos aspectos que caracterizam as amplas possibilidades de almofadas existentes, uma vez que in\u00fameras s\u00e3o as possibilidades que elas disp\u00f5em de tecidos, bordados, enfeites, formatos, tamanhos e muitos outros.<\/p>\n<p>Um dos principais diferenciais das almofadas \u00e9 a maciez de seus preenchimentos, que podem tamb\u00e9m ser realizados de diversas maneiras, com materiais sint\u00e9ticos, penas, entre outros. Todavia, um dos principais tipos de preenchimento para aqueles que produzem esses tipos de pe\u00e7as \u00e9 o Refil para Almofada 45x45cm. Al\u00e9m de ser fabricado de acordo com as demandas particulares de cada almofada, o Refil para Almofada 45x45cm Dois M T\u00eaxtil, possibilita tamb\u00e9m a substitui\u00e7\u00e3o de preenchimentos desgastados, de maneira a tornar as almofadas novamente macias e confort\u00e1veis.<\/p>\n<p>&nbsp;<\/p>\n<p class=\"western\"><a href=\"https:\/\/www.verilinebazar.com.br\/index.php\/categoria-produto\/agulhas\/agulha-croche\/\">\u00a0\u00a0\u00a0\u00a0 <\/a> <span style=\"color: #000080\"><a href=\"https:\/\/www.verilinebazar.com.br\/index.php\/categoria-produto\/manta-acrilica-e-fibra-siliconada\/\"><img decoding=\"async\" class=\"alignnone wp-image-13195 lazyload\" data-src=\"https:\/\/www.verilinebazar.com.br\/wp-content\/uploads\/2021\/06\/logo-2m-textil-300x183-1.png\" alt=\"Refil para Almofada 45x45cm Dois M T\u00eaxtil\" width=\"88\" height=\"54\" data-srcset=\"https:\/\/www.verilinebazar.com.br\/wp-content\/uploads\/2021\/06\/logo-2m-textil-300x183-1.png 300w, https:\/\/www.verilinebazar.com.br\/wp-content\/uploads\/2021\/06\/logo-2m-textil-300x183-1-64x39.png 64w, https:\/\/www.verilinebazar.com.br\/wp-content\/uploads\/2021\/06\/logo-2m-textil-300x183-1-200x122.png 200w\" data-sizes=\"(max-width: 88px) 100vw, 88px\" src=\"data:image\/svg+xml;base64,PHN2ZyB3aWR0aD0iMSIgaGVpZ2h0PSIxIiB4bWxucz0iaHR0cDovL3d3dy53My5vcmcvMjAwMC9zdmciPjwvc3ZnPg==\" style=\"--smush-placeholder-width: 88px; --smush-placeholder-aspect-ratio: 88\/54;\" \/><\/a><\/span>\u00a0 \u00a0\u00a0 \u00a0 \u00a0 \u00a0 \u00a0 \u00a0 \u00a0 \u00a0\u00a0 <a href=\"https:\/\/www.verilinebazar.com.br\/blog\/\" target=\"_blank\" rel=\"noopener\"><span style=\"color: #000080\"><img decoding=\"async\" class=\"alignnone lazyload\" data-src=\"https:\/\/www.verilinebazar.com.br\/wp-content\/uploads\/2020\/04\/Logo-blog-1.jpg\" alt=\"Blog Veriline Bazar\" width=\"140\" height=\"41\" align=\"BOTTOM\" border=\"1\" src=\"data:image\/svg+xml;base64,PHN2ZyB3aWR0aD0iMSIgaGVpZ2h0PSIxIiB4bWxucz0iaHR0cDovL3d3dy53My5vcmcvMjAwMC9zdmciPjwvc3ZnPg==\" style=\"--smush-placeholder-width: 140px; --smush-placeholder-aspect-ratio: 140\/41;\" \/><\/span><\/a><\/p>\n<p class=\"western\"><span style=\"color: #0000ff\">Mais Produtos da Marca \u00a0\u00a0\u00a0\u00a0\u00a0\u00a0\u00a0\u00a0\u00a0\u00a0 Visite nosso Blog!<\/span><\/p>\n<div class=\"everest-forms\"><div class=\"evf-container default\" id=\"evf-803\"><form id=\"evf-form-803\" class=\"everest-form\" data-formid=\"803\" data-ajax_submission=\"0\" data-keyboard_friendly_form=\"0\" data-form_state_type=\"\" method=\"post\" enctype=\"multipart\/form-data\" action=\"\/index.php\/wp-json\/wp\/v2\/product\/21930\"><div class=\"evf-field-container\"><input type=\"hidden\" id=\"_wpnonce803\" name=\"_wpnonce803\" value=\"385038e2ab\" \/><input type=\"hidden\" name=\"_wp_http_referer\" value=\"\/index.php\/wp-json\/wp\/v2\/product\/21930\" \/><div class=\"evf-frontend-row\" data-row=\"row_1\" conditional_rules=\"[]\"><div class=\"evf-frontend-grid evf-grid-2\" data-grid=\"grid_1\"><div id=\"evf-803-field_saB3bOpLww-2-container\" class=\"evf-field evf-field-textarea form-row\" data-field-id=\"saB3bOpLww-2\"><label class=\"evf-field-label\" for=\"evf-803-field_saB3bOpLww-2\"><span class=\"evf-label\">Tem alguma d\u00favida sobre este produto?<\/span> <\/label><textarea id=\"evf-803-field_saB3bOpLww-2\" class=\"input-text\" name=\"everest_forms[form_fields][saB3bOpLww-2]\"  ><\/textarea><\/div><\/div><div class=\"evf-frontend-grid evf-grid-2\" data-grid=\"grid_2\"><div id=\"evf-803-field_5x9M4T3hmb-1-container\" class=\"evf-field evf-field-email form-row validate-required validate-email\" data-required-field-message=\"Please enter a valid email address.\" data-field-id=\"5x9M4T3hmb-1\"><label class=\"evf-field-label\" for=\"evf-803-field_5x9M4T3hmb-1\"><span class=\"evf-label\">Email<\/span> <abbr class=\"required\" title=\"Requeridos\">*<\/abbr><\/label><input type=\"email\" id=\"evf-803-field_5x9M4T3hmb-1\" class=\"input-text\" name=\"everest_forms[form_fields][5x9M4T3hmb-1]\" required ><\/div><\/div><\/div><\/div><div class=\"evf-honeypot-container evf-field-hp\"><label for=\"evf-803-field-hp\" class=\"evf-field-label\">Name<\/label><input type=\"text\" name=\"everest_forms[hp]\" id=\"evf-803-field-hp\" class=\"input-text\"><\/div><div class=\"evf-submit-container \" ><input type=\"hidden\" name=\"everest_forms[id]\" value=\"803\"><input type=\"hidden\" name=\"everest_forms[author]\" value=\"1\"><button type='submit' name='everest_forms[submit]' class='everest-forms-submit-button button evf-submit ' id='evf-submit-803' value='evf-submit' data-process-text=\"Preparando....\" conditional_rules='&quot;&quot;' conditional_id='evf-submit-803'  id=\"evf-submit-803\" aria-live=\"assertive\">Enviar<\/button><\/div><\/form><\/div><!-- .evf-container --><\/div>\n","protected":false},"excerpt":{"rendered":"<p><span style=\"color: #0000ff\">\u00a0<\/span><\/p>\n<p class=\"western\"><span style=\"color: #0000ff\">Escolha a quantidade <\/span><\/p>\n<p class=\"western\"><span style=\"color: #0000ff\">Clique em COMPRAR<\/span><\/p>\n<p>&nbsp;<\/p>\n","protected":false},"featured_media":21929,"template":"","meta":{"_uag_custom_page_level_css":"","site-sidebar-layout":"default","site-content-layout":"default","ast-site-content-layout":"default","site-content-style":"default","site-sidebar-style":"default","ast-global-header-display":"","ast-banner-title-visibility":"","ast-main-header-display":"","ast-hfb-above-header-display":"","ast-hfb-below-header-display":"","ast-hfb-mobile-header-display":"","site-post-title":"","ast-breadcrumbs-content":"","ast-featured-img":"","footer-sml-layout":"","ast-disable-related-posts":"","theme-transparent-header-meta":"default","adv-header-id-meta":"","stick-header-meta":"","header-above-stick-meta":"","header-main-stick-meta":"","header-below-stick-meta":"","astra-migrate-meta-layouts":"default","ast-page-background-enabled":"default","ast-page-background-meta":{"desktop":{"background-color":"","background-image":"","background-repeat":"repeat","background-position":"center center","background-size":"auto","background-attachment":"scroll","background-type":"","background-media":"","overlay-type":"","overlay-color":"","overlay-opacity":"","overlay-gradient":""},"tablet":{"background-color":"","background-image":"","background-repeat":"repeat","background-position":"center center","background-size":"auto","background-attachment":"scroll","background-type":"","background-media":"","overlay-type":"","overlay-color":"","overlay-opacity":"","overlay-gradient":""},"mobile":{"background-color":"","background-image":"","background-repeat":"repeat","background-position":"center center","background-size":"auto","background-attachment":"scroll","background-type":"","background-media":"","overlay-type":"","overlay-color":"","overlay-opacity":"","overlay-gradient":""}},"ast-content-background-meta":{"desktop":{"background-color":"var(--ast-global-color-5)","background-image":"","background-repeat":"repeat","background-position":"center center","background-size":"auto","background-attachment":"scroll","background-type":"","background-media":"","overlay-type":"","overlay-color":"","overlay-opacity":"","overlay-gradient":""},"tablet":{"background-color":"var(--ast-global-color-5)","background-image":"","background-repeat":"repeat","background-position":"center center","background-size":"auto","background-attachment":"scroll","background-type":"","background-media":"","overlay-type":"","overlay-color":"","overlay-opacity":"","overlay-gradient":""},"mobile":{"background-color":"var(--ast-global-color-5)","background-image":"","background-repeat":"repeat","background-position":"center center","background-size":"auto","background-attachment":"scroll","background-type":"","background-media":"","overlay-type":"","overlay-color":"","overlay-opacity":"","overlay-gradient":""}},"_mbp_gutenberg_autopost":false},"pwb-brand":[4633],"product_brand":[],"product_cat":[66],"product_tag":[429],"class_list":{"0":"post-21930","1":"product","2":"type-product","3":"status-publish","4":"has-post-thumbnail","6":"pwb-brand-dois-m-textil","7":"product_cat-manta-acrilica-e-fibra-siliconada","8":"product_tag-fibra-siliconada","9":"desktop-align-center","10":"tablet-align-left","11":"mobile-align-center","12":"ast-product-gallery-layout-horizontal-slider","13":"ast-product-gallery-with-no-image","14":"ast-product-tabs-layout-horizontal","15":"ast-qv-on-image","17":"first","18":"instock","19":"taxable","20":"shipping-taxable","21":"purchasable","22":"product-type-simple"},"uagb_featured_image_src":{"full":["https:\/\/www.verilinebazar.com.br\/wp-content\/uploads\/2021\/09\/fabrica-enchimento-almofadas-02.jpg?v=1692636867",400,267,false],"thumbnail":["https:\/\/www.verilinebazar.com.br\/wp-content\/uploads\/2021\/09\/fabrica-enchimento-almofadas-02-150x150.jpg?v=1692636867",150,150,true],"medium":["https:\/\/www.verilinebazar.com.br\/wp-content\/uploads\/2021\/09\/fabrica-enchimento-almofadas-02-300x200.jpg?v=1692636867",300,200,true],"medium_large":["https:\/\/www.verilinebazar.com.br\/wp-content\/uploads\/2021\/09\/fabrica-enchimento-almofadas-02.jpg?v=1692636867",400,267,false],"large":["https:\/\/www.verilinebazar.com.br\/wp-content\/uploads\/2021\/09\/fabrica-enchimento-almofadas-02.jpg?v=1692636867",400,267,false],"ryviu-small":["https:\/\/www.verilinebazar.com.br\/wp-content\/uploads\/2021\/09\/fabrica-enchimento-almofadas-02-40x40.jpg?v=1692636867",40,40,true],"ryviu-medium":["https:\/\/www.verilinebazar.com.br\/wp-content\/uploads\/2021\/09\/fabrica-enchimento-almofadas-02-132x132.jpg?v=1692636867",132,132,true],"1536x1536":["https:\/\/www.verilinebazar.com.br\/wp-content\/uploads\/2021\/09\/fabrica-enchimento-almofadas-02.jpg?v=1692636867",400,267,false],"2048x2048":["https:\/\/www.verilinebazar.com.br\/wp-content\/uploads\/2021\/09\/fabrica-enchimento-almofadas-02.jpg?v=1692636867",400,267,false],"pgmb-post-image":["https:\/\/www.verilinebazar.com.br\/wp-content\/uploads\/2021\/09\/fabrica-enchimento-almofadas-02.jpg?v=1692636867",400,267,false],"_nx_notification_thumb_100_100":["https:\/\/www.verilinebazar.com.br\/wp-content\/uploads\/2021\/09\/fabrica-enchimento-almofadas-02.jpg?v=1692636867",100,67,false],"_nx_notification_thumb_200_200":["https:\/\/www.verilinebazar.com.br\/wp-content\/uploads\/2021\/09\/fabrica-enchimento-almofadas-02.jpg?v=1692636867",200,134,false],"_nx_notification_thumb_300_300":["https:\/\/www.verilinebazar.com.br\/wp-content\/uploads\/2021\/09\/fabrica-enchimento-almofadas-02.jpg?v=1692636867",300,200,false],"_nx_notification_thumb_400_400":["https:\/\/www.verilinebazar.com.br\/wp-content\/uploads\/2021\/09\/fabrica-enchimento-almofadas-02.jpg?v=1692636867",400,267,false],"_nx_notification_thumb_500_500":["https:\/\/www.verilinebazar.com.br\/wp-content\/uploads\/2021\/09\/fabrica-enchimento-almofadas-02.jpg?v=1692636867",400,267,false],"woocommerce_thumbnail":["https:\/\/www.verilinebazar.com.br\/wp-content\/uploads\/2021\/09\/fabrica-enchimento-almofadas-02-200x200.jpg?v=1692636867",200,200,true],"woocommerce_single":["https:\/\/www.verilinebazar.com.br\/wp-content\/uploads\/2021\/09\/fabrica-enchimento-almofadas-02.jpg?v=1692636867",400,267,false],"woocommerce_gallery_thumbnail":["https:\/\/www.verilinebazar.com.br\/wp-content\/uploads\/2021\/09\/fabrica-enchimento-almofadas-02-100x100.jpg?v=1692636867",100,100,true],"dgwt-wcas-product-suggestion":["https:\/\/www.verilinebazar.com.br\/wp-content\/uploads\/2021\/09\/fabrica-enchimento-almofadas-02-64x43.jpg?v=1692636867",64,43,true],"yith-woocompare-image":["https:\/\/www.verilinebazar.com.br\/wp-content\/uploads\/2021\/09\/fabrica-enchimento-almofadas-02.jpg?v=1692636867",220,147,false]},"uagb_author_info":{"display_name":"admin","author_link":"https:\/\/www.verilinebazar.com.br\/index.php\/author\/"},"uagb_comment_info":0,"uagb_excerpt":"\u00a0 Escolha a quantidade Clique em COMPRAR &nbsp;","brands":[{"id":4633,"name":"Dois M Textil","slug":"dois-m-textil"}],"post_mailing_queue_ids":[],"_links":{"self":[{"href":"https:\/\/www.verilinebazar.com.br\/index.php\/wp-json\/wp\/v2\/product\/21930","targetHints":{"allow":["GET"]}}],"collection":[{"href":"https:\/\/www.verilinebazar.com.br\/index.php\/wp-json\/wp\/v2\/product"}],"about":[{"href":"https:\/\/www.verilinebazar.com.br\/index.php\/wp-json\/wp\/v2\/types\/product"}],"wp:featuredmedia":[{"embeddable":true,"href":"https:\/\/www.verilinebazar.com.br\/index.php\/wp-json\/wp\/v2\/media\/21929"}],"wp:attachment":[{"href":"https:\/\/www.verilinebazar.com.br\/index.php\/wp-json\/wp\/v2\/media?parent=21930"}],"wp:term":[{"taxonomy":"pwb-brand","embeddable":true,"href":"https:\/\/www.verilinebazar.com.br\/index.php\/wp-json\/wp\/v2\/pwb-brand?post=21930"},{"taxonomy":"product_brand","embeddable":true,"href":"https:\/\/www.verilinebazar.com.br\/index.php\/wp-json\/wp\/v2\/product_brand?post=21930"},{"taxonomy":"product_cat","embeddable":true,"href":"https:\/\/www.verilinebazar.com.br\/index.php\/wp-json\/wp\/v2\/product_cat?post=21930"},{"taxonomy":"product_tag","embeddable":true,"href":"https:\/\/www.verilinebazar.com.br\/index.php\/wp-json\/wp\/v2\/product_tag?post=21930"}],"curies":[{"name":"wp","href":"https:\/\/api.w.org\/{rel}","templated":true}]}}