{"id":22601,"date":"2021-09-23T14:47:19","date_gmt":"2021-09-23T17:47:19","guid":{"rendered":"https:\/\/www.verilinebazar.com.br\/?post_type=product&#038;p=22601"},"modified":"2026-04-26T20:46:49","modified_gmt":"2026-04-26T23:46:49","slug":"solado-eva-com-palmilha-8mm-preta","status":"publish","type":"product","link":"https:\/\/www.verilinebazar.com.br\/index.php\/produto\/solado-eva-com-palmilha-8mm-preta\/","title":{"rendered":"Solado EVA com Palmilha Preta 8mm"},"content":{"rendered":"<p>Solado EVA com Palmilha Preta 8mm ,\u00a0 para confec\u00e7\u00e3o de pantufas, sapatinhos e chinelos em croch\u00ea, utilizando l\u00e3 ou o Fio Telacril.<\/p>\n<p>&nbsp;<\/p>\n<h6><span style=\"color: #0000ff\"><strong>Foto do Produto Pronto<\/strong><\/span><\/h6>\n<p><img decoding=\"async\" class=\"alignnone wp-image-671 lazyload\" data-src=\"https:\/\/www.verilinebazar.com.br\/wp-content\/uploads\/2020\/02\/Chinelo-02-300x186.jpg\" alt=\"Solado EVA com Palmilha Preta 8mm \" width=\"362\" height=\"224\" data-srcset=\"https:\/\/www.verilinebazar.com.br\/wp-content\/uploads\/2020\/02\/Chinelo-02-300x186.jpg 300w, https:\/\/www.verilinebazar.com.br\/wp-content\/uploads\/2020\/02\/Chinelo-02-64x40.jpg 64w, https:\/\/www.verilinebazar.com.br\/wp-content\/uploads\/2020\/02\/Chinelo-02-600x371.jpg 600w, https:\/\/www.verilinebazar.com.br\/wp-content\/uploads\/2020\/02\/Chinelo-02-1024x634.jpg 1024w, https:\/\/www.verilinebazar.com.br\/wp-content\/uploads\/2020\/02\/Chinelo-02-768x475.jpg 768w, https:\/\/www.verilinebazar.com.br\/wp-content\/uploads\/2020\/02\/Chinelo-02.jpg 1078w\" data-sizes=\"(max-width: 362px) 100vw, 362px\" src=\"data:image\/svg+xml;base64,PHN2ZyB3aWR0aD0iMSIgaGVpZ2h0PSIxIiB4bWxucz0iaHR0cDovL3d3dy53My5vcmcvMjAwMC9zdmciPjwvc3ZnPg==\" style=\"--smush-placeholder-width: 362px; --smush-placeholder-aspect-ratio: 362\/224;\" \/><\/p>\n<p class=\"western\">\n<p class=\"western\"><a href=\"https:\/\/www.verilinebazar.com.br\/index.php\/categoria-produto\/agulhas\/agulha-croche\/\">\u00a0\u00a0\u00a0 <\/a><span style=\"color: #000080\"><a href=\"https:\/\/www.verilinebazar.com.br\/index.php\/categoria-produto\/fios-para-tapecaria\/acessorios-fios-para-tapecaria\/\"><img decoding=\"async\" class=\"alignnone wp-image-13198 lazyload\" data-src=\"https:\/\/www.verilinebazar.com.br\/wp-content\/uploads\/2021\/06\/Copia-2-de-Logotipo_Veriline.jpg\" alt=\"\" width=\"107\" height=\"55\" data-srcset=\"https:\/\/www.verilinebazar.com.br\/wp-content\/uploads\/2021\/06\/Copia-2-de-Logotipo_Veriline.jpg 138w, https:\/\/www.verilinebazar.com.br\/wp-content\/uploads\/2021\/06\/Copia-2-de-Logotipo_Veriline-64x33.jpg 64w\" data-sizes=\"(max-width: 107px) 100vw, 107px\" src=\"data:image\/svg+xml;base64,PHN2ZyB3aWR0aD0iMSIgaGVpZ2h0PSIxIiB4bWxucz0iaHR0cDovL3d3dy53My5vcmcvMjAwMC9zdmciPjwvc3ZnPg==\" style=\"--smush-placeholder-width: 107px; --smush-placeholder-aspect-ratio: 107\/55;\" \/><\/a><\/span>\u00a0 \u00a0\u00a0 \u00a0 \u00a0 \u00a0 \u00a0\u00a0 <a href=\"https:\/\/www.verilinebazar.com.br\/blog\/\" target=\"_blank\" rel=\"noopener\"><span style=\"color: #000080\"><img decoding=\"async\" data-src=\"https:\/\/www.verilinebazar.com.br\/wp-content\/uploads\/2020\/04\/Logo-blog-1.jpg\" alt=\"Agulha Circular de Bambu Circulo 100cm\" width=\"140\" height=\"41\" align=\"BOTTOM\" border=\"1\" src=\"data:image\/svg+xml;base64,PHN2ZyB3aWR0aD0iMSIgaGVpZ2h0PSIxIiB4bWxucz0iaHR0cDovL3d3dy53My5vcmcvMjAwMC9zdmciPjwvc3ZnPg==\" class=\"lazyload\" style=\"--smush-placeholder-width: 140px; --smush-placeholder-aspect-ratio: 140\/41;\" \/><\/span><\/a><\/p>\n<p class=\"western\"><span style=\"color: #0000ff\">Mais Produtos da Marca \u00a0\u00a0\u00a0\u00a0\u00a0\u00a0\u00a0\u00a0\u00a0\u00a0 Visite nosso Blog!<\/span><\/p>\n<div class=\"everest-forms\"><div class=\"evf-container default\" id=\"evf-803\"><form id=\"evf-form-803\" class=\"everest-form\" data-formid=\"803\" data-ajax_submission=\"0\" data-keyboard_friendly_form=\"0\" data-form_state_type=\"\" method=\"post\" enctype=\"multipart\/form-data\" action=\"\/index.php\/wp-json\/wp\/v2\/product\/22601\"><div class=\"evf-field-container\"><input type=\"hidden\" id=\"_wpnonce803\" name=\"_wpnonce803\" value=\"f4b5e2c11c\" \/><input type=\"hidden\" name=\"_wp_http_referer\" value=\"\/index.php\/wp-json\/wp\/v2\/product\/22601\" \/><div class=\"evf-frontend-row\" data-row=\"row_1\" conditional_rules=\"[]\"><div class=\"evf-frontend-grid evf-grid-2\" data-grid=\"grid_1\"><div id=\"evf-803-field_saB3bOpLww-2-container\" class=\"evf-field evf-field-textarea form-row\" data-field-id=\"saB3bOpLww-2\"><label class=\"evf-field-label\" for=\"evf-803-field_saB3bOpLww-2\"><span class=\"evf-label\">Tem alguma d\u00favida sobre este produto?<\/span> <\/label><textarea id=\"evf-803-field_saB3bOpLww-2\" class=\"input-text\" name=\"everest_forms[form_fields][saB3bOpLww-2]\"  ><\/textarea><\/div><\/div><div class=\"evf-frontend-grid evf-grid-2\" data-grid=\"grid_2\"><div id=\"evf-803-field_5x9M4T3hmb-1-container\" class=\"evf-field evf-field-email form-row validate-required validate-email\" data-required-field-message=\"Please enter a valid email address.\" data-field-id=\"5x9M4T3hmb-1\"><label class=\"evf-field-label\" for=\"evf-803-field_5x9M4T3hmb-1\"><span class=\"evf-label\">Email<\/span> <abbr class=\"required\" title=\"Requeridos\">*<\/abbr><\/label><input type=\"email\" id=\"evf-803-field_5x9M4T3hmb-1\" class=\"input-text\" name=\"everest_forms[form_fields][5x9M4T3hmb-1]\" required ><\/div><\/div><\/div><\/div><div class=\"evf-honeypot-container evf-field-hp\"><label for=\"evf-803-field-hp\" class=\"evf-field-label\">Comment<\/label><input type=\"text\" name=\"everest_forms[hp]\" id=\"evf-803-field-hp\" class=\"input-text\"><\/div><div class=\"evf-submit-container \" ><input type=\"hidden\" name=\"everest_forms[id]\" value=\"803\"><input type=\"hidden\" name=\"everest_forms[author]\" value=\"1\"><button type='submit' name='everest_forms[submit]' class='everest-forms-submit-button button evf-submit ' id='evf-submit-803' value='evf-submit' data-process-text=\"Preparando....\" conditional_rules='&quot;&quot;' conditional_id='evf-submit-803'  id=\"evf-submit-803\" aria-live=\"assertive\">Enviar<\/button><\/div><\/form><\/div><!-- .evf-container --><\/div>\n","protected":false},"excerpt":{"rendered":"<p><span style=\"color: #0000ff\">\u00a0Escolha a numera\u00e7\u00e3o desejada<br \/>\n<\/span><\/p>\n<p><span style=\"color: #0000ff\">Clique em ADICIONAR AO CARRINHO<\/span><\/p>\n","protected":false},"featured_media":631,"template":"","meta":{"_crdt_document":"","_uag_custom_page_level_css":"","site-sidebar-layout":"default","site-content-layout":"default","ast-site-content-layout":"default","site-content-style":"default","site-sidebar-style":"default","ast-global-header-display":"","ast-banner-title-visibility":"","ast-main-header-display":"","ast-hfb-above-header-display":"","ast-hfb-below-header-display":"","ast-hfb-mobile-header-display":"","site-post-title":"","ast-breadcrumbs-content":"","ast-featured-img":"","footer-sml-layout":"","ast-disable-related-posts":"","theme-transparent-header-meta":"default","adv-header-id-meta":"","stick-header-meta":"","header-above-stick-meta":"","header-main-stick-meta":"","header-below-stick-meta":"","astra-migrate-meta-layouts":"default","ast-page-background-enabled":"default","ast-page-background-meta":{"desktop":{"background-color":"","background-image":"","background-repeat":"repeat","background-position":"center center","background-size":"auto","background-attachment":"scroll","background-type":"","background-media":"","overlay-type":"","overlay-color":"","overlay-opacity":"","overlay-gradient":""},"tablet":{"background-color":"","background-image":"","background-repeat":"repeat","background-position":"center center","background-size":"auto","background-attachment":"scroll","background-type":"","background-media":"","overlay-type":"","overlay-color":"","overlay-opacity":"","overlay-gradient":""},"mobile":{"background-color":"","background-image":"","background-repeat":"repeat","background-position":"center center","background-size":"auto","background-attachment":"scroll","background-type":"","background-media":"","overlay-type":"","overlay-color":"","overlay-opacity":"","overlay-gradient":""}},"ast-content-background-meta":{"desktop":{"background-color":"var(--ast-global-color-5)","background-image":"","background-repeat":"repeat","background-position":"center center","background-size":"auto","background-attachment":"scroll","background-type":"","background-media":"","overlay-type":"","overlay-color":"","overlay-opacity":"","overlay-gradient":""},"tablet":{"background-color":"var(--ast-global-color-5)","background-image":"","background-repeat":"repeat","background-position":"center center","background-size":"auto","background-attachment":"scroll","background-type":"","background-media":"","overlay-type":"","overlay-color":"","overlay-opacity":"","overlay-gradient":""},"mobile":{"background-color":"var(--ast-global-color-5)","background-image":"","background-repeat":"repeat","background-position":"center center","background-size":"auto","background-attachment":"scroll","background-type":"","background-media":"","overlay-type":"","overlay-color":"","overlay-opacity":"","overlay-gradient":""}}},"pwb-brand":[4636],"product_brand":[],"product_cat":[63],"product_tag":[151],"class_list":{"0":"post-22601","1":"product","2":"type-product","3":"status-publish","4":"has-post-thumbnail","6":"pwb-brand-veriline","7":"product_cat-solados-e-chinelos","8":"product_tag-solado","9":"desktop-align-center","10":"tablet-align-left","11":"mobile-align-center","12":"ast-product-gallery-layout-horizontal-slider","13":"ast-product-gallery-with-no-image","14":"ast-product-single-variable","15":"ast-product-tabs-layout-horizontal","16":"ast-qv-on-image","18":"first","19":"instock","20":"featured","21":"taxable","22":"shipping-taxable","23":"purchasable","24":"product-type-variable"},"uagb_featured_image_src":{"full":["https:\/\/www.verilinebazar.com.br\/wp-content\/uploads\/2020\/02\/Sola-chinelo-2.jpg?v=1692637589",361,300,false],"thumbnail":["https:\/\/www.verilinebazar.com.br\/wp-content\/uploads\/2020\/02\/Sola-chinelo-2-150x150.jpg?v=1692637589",150,150,true],"medium":["https:\/\/www.verilinebazar.com.br\/wp-content\/uploads\/2020\/02\/Sola-chinelo-2-300x249.jpg?v=1692637589",300,249,true],"medium_large":["https:\/\/www.verilinebazar.com.br\/wp-content\/uploads\/2020\/02\/Sola-chinelo-2-768x638.jpg?v=1692637589",768,638,true],"large":["https:\/\/www.verilinebazar.com.br\/wp-content\/uploads\/2020\/02\/Sola-chinelo-2-1024x851.jpg?v=1692637589",1024,851,true],"ryviu-small":["https:\/\/www.verilinebazar.com.br\/wp-content\/uploads\/2020\/02\/Sola-chinelo-2-40x40.jpg?v=1692637589",40,40,true],"ryviu-medium":["https:\/\/www.verilinebazar.com.br\/wp-content\/uploads\/2020\/02\/Sola-chinelo-2-132x132.jpg?v=1692637589",132,132,true],"1536x1536":["https:\/\/www.verilinebazar.com.br\/wp-content\/uploads\/2020\/02\/Sola-chinelo-2.jpg?v=1692637589",361,300,false],"2048x2048":["https:\/\/www.verilinebazar.com.br\/wp-content\/uploads\/2020\/02\/Sola-chinelo-2.jpg?v=1692637589",361,300,false],"wishsuite-image":["https:\/\/www.verilinebazar.com.br\/wp-content\/uploads\/2020\/02\/Sola-chinelo-2.jpg?v=1692637589",80,66,false],"ever-compare-image":["https:\/\/www.verilinebazar.com.br\/wp-content\/uploads\/2020\/02\/Sola-chinelo-2.jpg?v=1692637589",300,249,false],"_nx_notification_thumb_100_100":["https:\/\/www.verilinebazar.com.br\/wp-content\/uploads\/2020\/02\/Sola-chinelo-2.jpg?v=1692637589",100,83,false],"_nx_notification_thumb_200_200":["https:\/\/www.verilinebazar.com.br\/wp-content\/uploads\/2020\/02\/Sola-chinelo-2.jpg?v=1692637589",200,166,false],"_nx_notification_thumb_300_300":["https:\/\/www.verilinebazar.com.br\/wp-content\/uploads\/2020\/02\/Sola-chinelo-2.jpg?v=1692637589",300,249,false],"_nx_notification_thumb_400_400":["https:\/\/www.verilinebazar.com.br\/wp-content\/uploads\/2020\/02\/Sola-chinelo-2.jpg?v=1692637589",361,300,false],"_nx_notification_thumb_500_500":["https:\/\/www.verilinebazar.com.br\/wp-content\/uploads\/2020\/02\/Sola-chinelo-2.jpg?v=1692637589",361,300,false],"woocommerce_thumbnail":["https:\/\/www.verilinebazar.com.br\/wp-content\/uploads\/2020\/02\/Sola-chinelo-2-200x200.jpg?v=1692637589",200,200,true],"woocommerce_single":["https:\/\/www.verilinebazar.com.br\/wp-content\/uploads\/2020\/02\/Sola-chinelo-2.jpg?v=1692637589",361,300,false],"woocommerce_gallery_thumbnail":["https:\/\/www.verilinebazar.com.br\/wp-content\/uploads\/2020\/02\/Sola-chinelo-2-100x100.jpg?v=1692637589",100,100,true],"dgwt-wcas-product-suggestion":["https:\/\/www.verilinebazar.com.br\/wp-content\/uploads\/2020\/02\/Sola-chinelo-2-64x53.jpg?v=1692637589",64,53,true],"yith-woocompare-image":["https:\/\/www.verilinebazar.com.br\/wp-content\/uploads\/2020\/02\/Sola-chinelo-2.jpg?v=1692637589",185,154,false]},"uagb_author_info":{"display_name":"admin","author_link":"https:\/\/www.verilinebazar.com.br\/index.php\/author\/"},"uagb_comment_info":0,"uagb_excerpt":"\u00a0Escolha a numera\u00e7\u00e3o desejada Clique em ADICIONAR AO CARRINHO","brands":[{"id":4636,"name":"Veriline","slug":"veriline"}],"post_mailing_queue_ids":[],"_links":{"self":[{"href":"https:\/\/www.verilinebazar.com.br\/index.php\/wp-json\/wp\/v2\/product\/22601","targetHints":{"allow":["GET"]}}],"collection":[{"href":"https:\/\/www.verilinebazar.com.br\/index.php\/wp-json\/wp\/v2\/product"}],"about":[{"href":"https:\/\/www.verilinebazar.com.br\/index.php\/wp-json\/wp\/v2\/types\/product"}],"wp:featuredmedia":[{"embeddable":true,"href":"https:\/\/www.verilinebazar.com.br\/index.php\/wp-json\/wp\/v2\/media\/631"}],"wp:attachment":[{"href":"https:\/\/www.verilinebazar.com.br\/index.php\/wp-json\/wp\/v2\/media?parent=22601"}],"wp:term":[{"taxonomy":"pwb-brand","embeddable":true,"href":"https:\/\/www.verilinebazar.com.br\/index.php\/wp-json\/wp\/v2\/pwb-brand?post=22601"},{"taxonomy":"product_brand","embeddable":true,"href":"https:\/\/www.verilinebazar.com.br\/index.php\/wp-json\/wp\/v2\/product_brand?post=22601"},{"taxonomy":"product_cat","embeddable":true,"href":"https:\/\/www.verilinebazar.com.br\/index.php\/wp-json\/wp\/v2\/product_cat?post=22601"},{"taxonomy":"product_tag","embeddable":true,"href":"https:\/\/www.verilinebazar.com.br\/index.php\/wp-json\/wp\/v2\/product_tag?post=22601"}],"curies":[{"name":"wp","href":"https:\/\/api.w.org\/{rel}","templated":true}]}}