{"id":27315,"date":"2021-10-26T22:10:28","date_gmt":"2021-10-27T01:10:28","guid":{"rendered":"https:\/\/www.verilinebazar.com.br\/?post_type=product&#038;p=27315"},"modified":"2023-06-20T19:14:44","modified_gmt":"2023-06-20T22:14:44","slug":"talagarca-grossa-estilotex-050-x-140m","status":"publish","type":"product","link":"https:\/\/www.verilinebazar.com.br\/index.php\/produto\/talagarca-grossa-estilotex-050-x-140m\/","title":{"rendered":"Talagar\u00e7a Grossa Estilotex 0,50 x 1,40m"},"content":{"rendered":"<p>Talagar\u00e7a Grossa Estilotex 0,50 x 1,40m<\/p>\n<p>Talagar\u00e7a Grossa Estilotex possui a trama mais aberta sendo muito utilizado para a fabrica\u00e7\u00e3o de tapetes artesanais. Contudo sobre o tapete se cria o desenho utilizando tinta apropriada e em seguida \u00e9 coberto com l\u00e3. Sendo assim sua utiliza\u00e7\u00e3o n\u00e3o fica restrita apenas aos tapetes de ch\u00e3o, mas tamb\u00e9m para almofadas de sof\u00e1, tapetes, tape\u00e7aria, encosto de portas, etc. Pontos empregados: casa caiada, rosinha, cruz dupla, romano, etc. Em raz\u00e3o da goma, s\u00f3 \u00e9 comercializado em rolos (n\u00e3o tendo a op\u00e7\u00e3o de enfest\u00e1-lo em tabuleiro).<\/p>\n<p>&nbsp;<\/p>\n<p><span style=\"color: #0000ff\">Foto do Produto Pronto<\/span><\/p>\n<p><img decoding=\"async\" class=\"alignnone wp-image-5407 lazyload\" data-src=\"https:\/\/www.verilinebazar.com.br\/wp-content\/uploads\/2020\/04\/produto-8002.slider-300x87.jpg\" alt=\"Talagar\u00e7a Grossa Estilotex 0,50 x 1,40m\" width=\"452\" height=\"131\" data-srcset=\"https:\/\/www.verilinebazar.com.br\/wp-content\/uploads\/2020\/04\/produto-8002.slider-300x87.jpg?v=1692643527 300w, https:\/\/www.verilinebazar.com.br\/wp-content\/uploads\/2020\/04\/produto-8002.slider-64x19.jpg?v=1692643527 64w, https:\/\/www.verilinebazar.com.br\/wp-content\/uploads\/2020\/04\/produto-8002.slider.jpg?v=1692643527 400w\" data-sizes=\"(max-width: 452px) 100vw, 452px\" src=\"data:image\/svg+xml;base64,PHN2ZyB3aWR0aD0iMSIgaGVpZ2h0PSIxIiB4bWxucz0iaHR0cDovL3d3dy53My5vcmcvMjAwMC9zdmciPjwvc3ZnPg==\" style=\"--smush-placeholder-width: 452px; --smush-placeholder-aspect-ratio: 452\/131;\" \/><\/p>\n<p class=\"western\">\n<p class=\"western\">\u00a0<span style=\"color: #000080\"><a href=\"https:\/\/www.verilinebazar.com.br\/index.php\/categoria-produto\/tecidos-para-pintar\/\"><img decoding=\"async\" class=\"alignnone lazyload\" data-src=\"https:\/\/www.verilinebazar.com.br\/wp-content\/uploads\/2021\/09\/logo-topo.png\" alt=\"Talagar\u00e7a Grossa Estilotex 0,50 x 1,40m\" width=\"142\" height=\"39\" align=\"BOTTOM\" border=\"1\" src=\"data:image\/svg+xml;base64,PHN2ZyB3aWR0aD0iMSIgaGVpZ2h0PSIxIiB4bWxucz0iaHR0cDovL3d3dy53My5vcmcvMjAwMC9zdmciPjwvc3ZnPg==\" style=\"--smush-placeholder-width: 142px; --smush-placeholder-aspect-ratio: 142\/39;\" \/><\/a><\/span> \u00a0\u00a0 \u00a0\u00a0<span style=\"color: #000080\"> <a href=\"https:\/\/www.verilinebazar.com.br\/blog\/\" target=\"_blank\" rel=\"noopener\"><img decoding=\"async\" class=\"alignnone lazyload\" data-src=\"https:\/\/www.verilinebazar.com.br\/wp-content\/uploads\/2020\/04\/Logo-blog-1.jpg\" alt=\"Blog Veriline Bazar\" width=\"140\" height=\"41\" align=\"BOTTOM\" border=\"1\" src=\"data:image\/svg+xml;base64,PHN2ZyB3aWR0aD0iMSIgaGVpZ2h0PSIxIiB4bWxucz0iaHR0cDovL3d3dy53My5vcmcvMjAwMC9zdmciPjwvc3ZnPg==\" style=\"--smush-placeholder-width: 140px; --smush-placeholder-aspect-ratio: 140\/41;\" \/><\/a><\/span><\/p>\n<p class=\"western\"><span style=\"color: #0000ff\">Mais Produtos da Marca \u00a0\u00a0\u00a0\u00a0\u00a0\u00a0\u00a0\u00a0\u00a0\u00a0 Visite nosso Blog!<\/span><\/p>\n<p class=\"western\"><span style=\"color: #0000ff\">Modo de Lavagem <\/span><\/p>\n<p><img decoding=\"async\" class=\"alignnone wp-image-5203 lazyload\" data-src=\"https:\/\/www.verilinebazar.com.br\/wp-content\/uploads\/2020\/04\/Modo-de-lavagem-tecido-master-300x47.png\" alt=\"Modo de lavagem Talagar\u00e7a Grossa Estilotex 0,50 x 1,40m\" width=\"414\" height=\"65\" data-srcset=\"https:\/\/www.verilinebazar.com.br\/wp-content\/uploads\/2020\/04\/Modo-de-lavagem-tecido-master-300x47.png 300w, https:\/\/www.verilinebazar.com.br\/wp-content\/uploads\/2020\/04\/Modo-de-lavagem-tecido-master-64x10.png 64w, https:\/\/www.verilinebazar.com.br\/wp-content\/uploads\/2020\/04\/Modo-de-lavagem-tecido-master-600x94.png 600w, https:\/\/www.verilinebazar.com.br\/wp-content\/uploads\/2020\/04\/Modo-de-lavagem-tecido-master.png 640w\" data-sizes=\"(max-width: 414px) 100vw, 414px\" src=\"data:image\/svg+xml;base64,PHN2ZyB3aWR0aD0iMSIgaGVpZ2h0PSIxIiB4bWxucz0iaHR0cDovL3d3dy53My5vcmcvMjAwMC9zdmciPjwvc3ZnPg==\" style=\"--smush-placeholder-width: 414px; --smush-placeholder-aspect-ratio: 414\/65;\" \/><\/p>\n<div class=\"everest-forms\"><div class=\"evf-container default\" id=\"evf-803\"><form id=\"evf-form-803\" class=\"everest-form\" data-formid=\"803\" data-ajax_submission=\"0\" data-keyboard_friendly_form=\"0\" data-form_state_type=\"\" method=\"post\" enctype=\"multipart\/form-data\" action=\"\/index.php\/wp-json\/wp\/v2\/product\/27315\"><div class=\"evf-field-container\"><input type=\"hidden\" id=\"_wpnonce803\" name=\"_wpnonce803\" value=\"25b6db6636\" \/><input type=\"hidden\" name=\"_wp_http_referer\" value=\"\/index.php\/wp-json\/wp\/v2\/product\/27315\" \/><div class=\"evf-frontend-row\" data-row=\"row_1\" conditional_rules=\"[]\"><div class=\"evf-frontend-grid evf-grid-2\" data-grid=\"grid_1\"><div id=\"evf-803-field_saB3bOpLww-2-container\" class=\"evf-field evf-field-textarea form-row\" data-field-id=\"saB3bOpLww-2\"><label class=\"evf-field-label\" for=\"evf-803-field_saB3bOpLww-2\"><span class=\"evf-label\">Tem alguma d\u00favida sobre este produto?<\/span> <\/label><textarea id=\"evf-803-field_saB3bOpLww-2\" class=\"input-text\" name=\"everest_forms[form_fields][saB3bOpLww-2]\"  ><\/textarea><\/div><\/div><div class=\"evf-frontend-grid evf-grid-2\" data-grid=\"grid_2\"><div id=\"evf-803-field_5x9M4T3hmb-1-container\" class=\"evf-field evf-field-email form-row validate-required validate-email\" data-required-field-message=\"Please enter a valid email address.\" data-field-id=\"5x9M4T3hmb-1\"><label class=\"evf-field-label\" for=\"evf-803-field_5x9M4T3hmb-1\"><span class=\"evf-label\">Email<\/span> <abbr class=\"required\" title=\"Requeridos\">*<\/abbr><\/label><input type=\"email\" id=\"evf-803-field_5x9M4T3hmb-1\" class=\"input-text\" name=\"everest_forms[form_fields][5x9M4T3hmb-1]\" required ><\/div><\/div><\/div><\/div><div class=\"evf-honeypot-container evf-field-hp\"><label for=\"evf-803-field-hp\" class=\"evf-field-label\">Website<\/label><input type=\"text\" name=\"everest_forms[hp]\" id=\"evf-803-field-hp\" class=\"input-text\"><\/div><div class=\"evf-submit-container \" ><input type=\"hidden\" name=\"everest_forms[id]\" value=\"803\"><input type=\"hidden\" name=\"everest_forms[author]\" value=\"1\"><button type='submit' name='everest_forms[submit]' class='everest-forms-submit-button button evf-submit ' id='evf-submit-803' value='evf-submit' data-process-text=\"Preparando....\" conditional_rules='&quot;&quot;' conditional_id='evf-submit-803'  id=\"evf-submit-803\" aria-live=\"assertive\">Enviar<\/button><\/div><\/form><\/div><!-- .evf-container --><\/div>\n","protected":false},"excerpt":{"rendered":"<p class=\"western\"><span style=\"color: #0000ff\">Escolha a quantidade de cada cor<\/span><\/p>\n<p class=\"western\"><span style=\"color: #0000ff\">Clique em ADICIONAR AO CARRINHO<\/span><\/p>\n","protected":false},"featured_media":5407,"template":"","meta":{"_uag_custom_page_level_css":"","site-sidebar-layout":"default","site-content-layout":"default","ast-site-content-layout":"default","site-content-style":"default","site-sidebar-style":"default","ast-global-header-display":"","ast-banner-title-visibility":"","ast-main-header-display":"","ast-hfb-above-header-display":"","ast-hfb-below-header-display":"","ast-hfb-mobile-header-display":"","site-post-title":"","ast-breadcrumbs-content":"","ast-featured-img":"","footer-sml-layout":"","ast-disable-related-posts":"","theme-transparent-header-meta":"default","adv-header-id-meta":"","stick-header-meta":"","header-above-stick-meta":"","header-main-stick-meta":"","header-below-stick-meta":"","astra-migrate-meta-layouts":"default","ast-page-background-enabled":"default","ast-page-background-meta":{"desktop":{"background-color":"","background-image":"","background-repeat":"repeat","background-position":"center center","background-size":"auto","background-attachment":"scroll","background-type":"","background-media":"","overlay-type":"","overlay-color":"","overlay-opacity":"","overlay-gradient":""},"tablet":{"background-color":"","background-image":"","background-repeat":"repeat","background-position":"center center","background-size":"auto","background-attachment":"scroll","background-type":"","background-media":"","overlay-type":"","overlay-color":"","overlay-opacity":"","overlay-gradient":""},"mobile":{"background-color":"","background-image":"","background-repeat":"repeat","background-position":"center center","background-size":"auto","background-attachment":"scroll","background-type":"","background-media":"","overlay-type":"","overlay-color":"","overlay-opacity":"","overlay-gradient":""}},"ast-content-background-meta":{"desktop":{"background-color":"var(--ast-global-color-5)","background-image":"","background-repeat":"repeat","background-position":"center center","background-size":"auto","background-attachment":"scroll","background-type":"","background-media":"","overlay-type":"","overlay-color":"","overlay-opacity":"","overlay-gradient":""},"tablet":{"background-color":"var(--ast-global-color-5)","background-image":"","background-repeat":"repeat","background-position":"center center","background-size":"auto","background-attachment":"scroll","background-type":"","background-media":"","overlay-type":"","overlay-color":"","overlay-opacity":"","overlay-gradient":""},"mobile":{"background-color":"var(--ast-global-color-5)","background-image":"","background-repeat":"repeat","background-position":"center center","background-size":"auto","background-attachment":"scroll","background-type":"","background-media":"","overlay-type":"","overlay-color":"","overlay-opacity":"","overlay-gradient":""}},"_mbp_gutenberg_autopost":false},"pwb-brand":[4586],"product_brand":[],"product_cat":[36],"product_tag":[2415],"class_list":{"0":"post-27315","1":"product","2":"type-product","3":"status-publish","4":"has-post-thumbnail","6":"pwb-brand-estilotex","7":"product_cat-tecidos-para-pintar","8":"product_tag-talagarca","9":"desktop-align-center","10":"tablet-align-left","11":"mobile-align-center","12":"ast-product-gallery-layout-horizontal-slider","13":"ast-product-gallery-with-no-image","14":"ast-product-single-variable","15":"ast-product-tabs-layout-horizontal","16":"ast-qv-on-image","18":"first","19":"instock","20":"taxable","21":"shipping-taxable","22":"purchasable","23":"product-type-variable"},"uagb_featured_image_src":{"full":["https:\/\/www.verilinebazar.com.br\/wp-content\/uploads\/2020\/04\/produto-8002.slider.jpg?v=1692643527",400,116,false],"thumbnail":["https:\/\/www.verilinebazar.com.br\/wp-content\/uploads\/2020\/04\/produto-8002.slider-150x116.jpg?v=1692643527",150,116,true],"medium":["https:\/\/www.verilinebazar.com.br\/wp-content\/uploads\/2020\/04\/produto-8002.slider-300x87.jpg?v=1692643527",300,87,true],"medium_large":["https:\/\/www.verilinebazar.com.br\/wp-content\/uploads\/2020\/04\/produto-8002.slider.jpg?v=1692643527",400,116,false],"large":["https:\/\/www.verilinebazar.com.br\/wp-content\/uploads\/2020\/04\/produto-8002.slider.jpg?v=1692643527",400,116,false],"ryviu-small":["https:\/\/www.verilinebazar.com.br\/wp-content\/uploads\/2020\/04\/produto-8002.slider-40x40.jpg?v=1692643527",40,40,true],"ryviu-medium":["https:\/\/www.verilinebazar.com.br\/wp-content\/uploads\/2020\/04\/produto-8002.slider-132x116.jpg?v=1692643527",132,116,true],"1536x1536":["https:\/\/www.verilinebazar.com.br\/wp-content\/uploads\/2020\/04\/produto-8002.slider.jpg?v=1692643527",400,116,false],"2048x2048":["https:\/\/www.verilinebazar.com.br\/wp-content\/uploads\/2020\/04\/produto-8002.slider.jpg?v=1692643527",400,116,false],"pgmb-post-image":["https:\/\/www.verilinebazar.com.br\/wp-content\/uploads\/2020\/04\/produto-8002.slider.jpg?v=1692643527",400,116,false],"_nx_notification_thumb_100_100":["https:\/\/www.verilinebazar.com.br\/wp-content\/uploads\/2020\/04\/produto-8002.slider.jpg?v=1692643527",100,29,false],"_nx_notification_thumb_200_200":["https:\/\/www.verilinebazar.com.br\/wp-content\/uploads\/2020\/04\/produto-8002.slider.jpg?v=1692643527",200,58,false],"_nx_notification_thumb_300_300":["https:\/\/www.verilinebazar.com.br\/wp-content\/uploads\/2020\/04\/produto-8002.slider.jpg?v=1692643527",300,87,false],"_nx_notification_thumb_400_400":["https:\/\/www.verilinebazar.com.br\/wp-content\/uploads\/2020\/04\/produto-8002.slider.jpg?v=1692643527",400,116,false],"_nx_notification_thumb_500_500":["https:\/\/www.verilinebazar.com.br\/wp-content\/uploads\/2020\/04\/produto-8002.slider.jpg?v=1692643527",400,116,false],"woocommerce_thumbnail":["https:\/\/www.verilinebazar.com.br\/wp-content\/uploads\/2020\/04\/produto-8002.slider-200x116.jpg?v=1692643527",200,116,true],"woocommerce_single":["https:\/\/www.verilinebazar.com.br\/wp-content\/uploads\/2020\/04\/produto-8002.slider.jpg?v=1692643527",400,116,false],"woocommerce_gallery_thumbnail":["https:\/\/www.verilinebazar.com.br\/wp-content\/uploads\/2020\/04\/produto-8002.slider-100x100.jpg?v=1692643527",100,100,true],"dgwt-wcas-product-suggestion":["https:\/\/www.verilinebazar.com.br\/wp-content\/uploads\/2020\/04\/produto-8002.slider-64x19.jpg?v=1692643527",64,19,true],"yith-woocompare-image":["https:\/\/www.verilinebazar.com.br\/wp-content\/uploads\/2020\/04\/produto-8002.slider.jpg?v=1692643527",220,64,false]},"uagb_author_info":{"display_name":"admin","author_link":"https:\/\/www.verilinebazar.com.br\/index.php\/author\/"},"uagb_comment_info":0,"uagb_excerpt":"Escolha a quantidade de cada cor Clique em ADICIONAR AO CARRINHO","brands":[{"id":4586,"name":"Estilotex","slug":"estilotex"}],"post_mailing_queue_ids":[],"_links":{"self":[{"href":"https:\/\/www.verilinebazar.com.br\/index.php\/wp-json\/wp\/v2\/product\/27315","targetHints":{"allow":["GET"]}}],"collection":[{"href":"https:\/\/www.verilinebazar.com.br\/index.php\/wp-json\/wp\/v2\/product"}],"about":[{"href":"https:\/\/www.verilinebazar.com.br\/index.php\/wp-json\/wp\/v2\/types\/product"}],"wp:featuredmedia":[{"embeddable":true,"href":"https:\/\/www.verilinebazar.com.br\/index.php\/wp-json\/wp\/v2\/media\/5407"}],"wp:attachment":[{"href":"https:\/\/www.verilinebazar.com.br\/index.php\/wp-json\/wp\/v2\/media?parent=27315"}],"wp:term":[{"taxonomy":"pwb-brand","embeddable":true,"href":"https:\/\/www.verilinebazar.com.br\/index.php\/wp-json\/wp\/v2\/pwb-brand?post=27315"},{"taxonomy":"product_brand","embeddable":true,"href":"https:\/\/www.verilinebazar.com.br\/index.php\/wp-json\/wp\/v2\/product_brand?post=27315"},{"taxonomy":"product_cat","embeddable":true,"href":"https:\/\/www.verilinebazar.com.br\/index.php\/wp-json\/wp\/v2\/product_cat?post=27315"},{"taxonomy":"product_tag","embeddable":true,"href":"https:\/\/www.verilinebazar.com.br\/index.php\/wp-json\/wp\/v2\/product_tag?post=27315"}],"curies":[{"name":"wp","href":"https:\/\/api.w.org\/{rel}","templated":true}]}}