{"id":27843,"date":"2021-11-02T21:56:23","date_gmt":"2021-11-03T00:56:23","guid":{"rendered":"https:\/\/www.verilinebazar.com.br\/?post_type=product&#038;p=27843"},"modified":"2023-08-13T00:30:34","modified_gmt":"2023-08-13T03:30:34","slug":"barraco-macrame-maxcolor-circulo-400gr","status":"publish","type":"product","link":"https:\/\/www.verilinebazar.com.br\/index.php\/produto\/barraco-macrame-maxcolor-circulo-400gr\/","title":{"rendered":"Barraco Macram\u00ea Maxcolor C\u00edrculo 400gr"},"content":{"rendered":"<p>Barraco Macram\u00ea Maxcolor C\u00edrculo 400gr<\/p>\n<p>Barroco Macram\u00ea Maxcolor possui uma cartela diversificada, ideal para variar suas confec\u00e7\u00f5es e conferir a elas muita personalidade!<\/p>\n<p>S\u00e3o 10 op\u00e7\u00f5es de cores na paleta que ir\u00e3o colorir bem qualquer ambiente ou acess\u00f3rios.<\/p>\n<p>Sobre Barraco Macram\u00ea Maxcolor C\u00edrculo 400gr: \u00e9 o primeiro fio da C\u00edrculo espec\u00edfico para a t\u00e9cnica feita exclusivamente atrav\u00e9s do uso das m\u00e3os e por meio de n\u00f3s.<\/p>\n<p>Com alta espessura e 100% algod\u00e3o, esse fio \u00e9 chamado de 4\/24, pois cada fio possui quatro cabos e cada cabo \u00e9 composto por mais outros 24 fios. Al\u00e9m de facilitar o manuseio durante o trabalho, a espessura de Barroco Macram\u00ea tamb\u00e9m garante o volume ideal para as pe\u00e7as feitas com a t\u00e9cnica.<\/p>\n<p><span style=\"color: #0000ff\">Foto do Produto Pronto<\/span><\/p>\n<p><img decoding=\"async\" class=\"alignnone wp-image-27865 lazyload\" data-src=\"https:\/\/www.verilinebazar.com.br\/wp-content\/uploads\/2021\/11\/DSC0580-1.jpg\" alt=\"Barraco Macram\u00ea Maxcolor C\u00edrculo 400gr\" width=\"224\" height=\"336\" data-srcset=\"https:\/\/www.verilinebazar.com.br\/wp-content\/uploads\/2021\/11\/DSC0580-1.jpg 200w, https:\/\/www.verilinebazar.com.br\/wp-content\/uploads\/2021\/11\/DSC0580-1-64x96.jpg 64w, https:\/\/www.verilinebazar.com.br\/wp-content\/uploads\/2021\/11\/DSC0580-1-160x240.jpg 160w, https:\/\/www.verilinebazar.com.br\/wp-content\/uploads\/2021\/11\/DSC0580-1-133x200.jpg 133w\" data-sizes=\"(max-width: 224px) 100vw, 224px\" src=\"data:image\/svg+xml;base64,PHN2ZyB3aWR0aD0iMSIgaGVpZ2h0PSIxIiB4bWxucz0iaHR0cDovL3d3dy53My5vcmcvMjAwMC9zdmciPjwvc3ZnPg==\" style=\"--smush-placeholder-width: 224px; --smush-placeholder-aspect-ratio: 224\/336;\" \/><\/p>\n<p class=\"western\">\n<p class=\"western\"><a href=\"https:\/\/www.verilinebazar.com.br\/index.php\/categoria-produto\/agulhas\/agulha-croche\/\">\u00a0\u00a0\u00a0\u00a0 <\/a><span style=\"color: #000080\"> <img decoding=\"async\" class=\"alignnone lazyload\" data-src=\"https:\/\/www.verilinebazar.com.br\/wp-content\/uploads\/2020\/04\/Logo-C\u00edrculo.jpg\" alt=\"Barraco Macram\u00ea Maxcolor C\u00edrculo 400gr\" width=\"79\" height=\"53\" align=\"BOTTOM\" border=\"1\" src=\"data:image\/svg+xml;base64,PHN2ZyB3aWR0aD0iMSIgaGVpZ2h0PSIxIiB4bWxucz0iaHR0cDovL3d3dy53My5vcmcvMjAwMC9zdmciPjwvc3ZnPg==\" style=\"--smush-placeholder-width: 79px; --smush-placeholder-aspect-ratio: 79\/53;\" \/><\/span>\u00a0 \u00a0\u00a0 \u00a0 \u00a0 \u00a0 \u00a0 \u00a0\u00a0 <span style=\"color: #000080\"> <a href=\"https:\/\/www.verilinebazar.com.br\/blog\/\" target=\"_blank\" rel=\"noopener\"><img decoding=\"async\" data-src=\"https:\/\/www.verilinebazar.com.br\/wp-content\/uploads\/2020\/04\/Logo-blog-1.jpg\" alt=\"Blog Veriline Bazar\" width=\"140\" height=\"41\" align=\"BOTTOM\" border=\"1\" src=\"data:image\/svg+xml;base64,PHN2ZyB3aWR0aD0iMSIgaGVpZ2h0PSIxIiB4bWxucz0iaHR0cDovL3d3dy53My5vcmcvMjAwMC9zdmciPjwvc3ZnPg==\" class=\"lazyload\" style=\"--smush-placeholder-width: 140px; --smush-placeholder-aspect-ratio: 140\/41;\" \/><\/a><\/span><\/p>\n<p class=\"western\"><span style=\"color: #0000ff\">Mais Produtos da Marca \u00a0\u00a0\u00a0\u00a0\u00a0\u00a0\u00a0\u00a0\u00a0\u00a0 Visite nosso Blog!<\/span><\/p>\n<p><span style=\"color: #0000ff\">Modo de Lavagem<\/span><\/p>\n<p><img decoding=\"async\" class=\"alignnone wp-image-5765 size-full lazyload\" data-src=\"https:\/\/www.verilinebazar.com.br\/wp-content\/uploads\/2020\/04\/Modo-de-lavagem-l\u00e3-circulo.jpg\" alt=\"Modo de Lavagem Barraco Macram\u00ea Maxcolor C\u00edrculo 400gr\" width=\"277\" height=\"51\" data-srcset=\"https:\/\/www.verilinebazar.com.br\/wp-content\/uploads\/2020\/04\/Modo-de-lavagem-l\u00e3-circulo.jpg 277w, https:\/\/www.verilinebazar.com.br\/wp-content\/uploads\/2020\/04\/Modo-de-lavagem-l\u00e3-circulo-64x12.jpg 64w, https:\/\/www.verilinebazar.com.br\/wp-content\/uploads\/2020\/04\/Modo-de-lavagem-l\u00e3-circulo-200x37.jpg 200w\" data-sizes=\"(max-width: 277px) 100vw, 277px\" src=\"data:image\/svg+xml;base64,PHN2ZyB3aWR0aD0iMSIgaGVpZ2h0PSIxIiB4bWxucz0iaHR0cDovL3d3dy53My5vcmcvMjAwMC9zdmciPjwvc3ZnPg==\" style=\"--smush-placeholder-width: 277px; --smush-placeholder-aspect-ratio: 277\/51;\" \/><\/p>\n<div class=\"everest-forms\"><div class=\"evf-container default\" id=\"evf-803\"><form id=\"evf-form-803\" class=\"everest-form\" data-formid=\"803\" data-ajax_submission=\"0\" data-keyboard_friendly_form=\"0\" data-form_state_type=\"\" method=\"post\" enctype=\"multipart\/form-data\" action=\"\/index.php\/wp-json\/wp\/v2\/product\/27843\"><div class=\"evf-field-container\"><input type=\"hidden\" id=\"_wpnonce803\" name=\"_wpnonce803\" value=\"92d0ff2799\" \/><input type=\"hidden\" name=\"_wp_http_referer\" value=\"\/index.php\/wp-json\/wp\/v2\/product\/27843\" \/><div class=\"evf-frontend-row\" data-row=\"row_1\" conditional_rules=\"[]\"><div class=\"evf-frontend-grid evf-grid-2\" data-grid=\"grid_1\"><div id=\"evf-803-field_saB3bOpLww-2-container\" class=\"evf-field evf-field-textarea form-row\" data-field-id=\"saB3bOpLww-2\"><label class=\"evf-field-label\" for=\"evf-803-field_saB3bOpLww-2\"><span class=\"evf-label\">Tem alguma d\u00favida sobre este produto?<\/span> <\/label><textarea id=\"evf-803-field_saB3bOpLww-2\" class=\"input-text\" name=\"everest_forms[form_fields][saB3bOpLww-2]\"  ><\/textarea><\/div><\/div><div class=\"evf-frontend-grid evf-grid-2\" data-grid=\"grid_2\"><div id=\"evf-803-field_5x9M4T3hmb-1-container\" class=\"evf-field evf-field-email form-row validate-required validate-email\" data-required-field-message=\"Please enter a valid email address.\" data-field-id=\"5x9M4T3hmb-1\"><label class=\"evf-field-label\" for=\"evf-803-field_5x9M4T3hmb-1\"><span class=\"evf-label\">Email<\/span> <abbr class=\"required\" title=\"Requeridos\">*<\/abbr><\/label><input type=\"email\" id=\"evf-803-field_5x9M4T3hmb-1\" class=\"input-text\" name=\"everest_forms[form_fields][5x9M4T3hmb-1]\" required ><\/div><\/div><\/div><\/div><div class=\"evf-honeypot-container evf-field-hp\"><label for=\"evf-803-field-hp\" class=\"evf-field-label\">Comment<\/label><input type=\"text\" name=\"everest_forms[hp]\" id=\"evf-803-field-hp\" class=\"input-text\"><\/div><div class=\"evf-submit-container \" ><input type=\"hidden\" name=\"everest_forms[id]\" value=\"803\"><input type=\"hidden\" name=\"everest_forms[author]\" value=\"1\"><button type='submit' name='everest_forms[submit]' class='everest-forms-submit-button button evf-submit ' id='evf-submit-803' value='evf-submit' data-process-text=\"Preparando....\" conditional_rules='&quot;&quot;' conditional_id='evf-submit-803'  id=\"evf-submit-803\" aria-live=\"assertive\">Enviar<\/button><\/div><\/form><\/div><!-- .evf-container --><\/div>\n","protected":false},"excerpt":{"rendered":"<p class=\"western\"><span style=\"color: #0000ff\">Escolha a quantidade de cada cor<\/span><\/p>\n<p class=\"western\"><span style=\"color: #0000ff\">Clique em ADICIONAR AO CARRINHO<\/span><\/p>\n<h6>\u00a0\u00a0\u00a0\u00a0\u00a0 Foto do Fio<\/h6>\n<p><img decoding=\"async\" class=\"alignnone wp-image-27727 lazyload\" data-src=\"https:\/\/www.verilinebazar.com.br\/wp-content\/uploads\/2021\/11\/8212-Cromado.png\" alt=\"\" width=\"163\" height=\"237\" data-srcset=\"https:\/\/www.verilinebazar.com.br\/wp-content\/uploads\/2021\/11\/8212-Cromado.png?v=1692643903 125w, https:\/\/www.verilinebazar.com.br\/wp-content\/uploads\/2021\/11\/8212-Cromado-64x93.png?v=1692643903 64w\" data-sizes=\"(max-width: 163px) 100vw, 163px\" src=\"data:image\/svg+xml;base64,PHN2ZyB3aWR0aD0iMSIgaGVpZ2h0PSIxIiB4bWxucz0iaHR0cDovL3d3dy53My5vcmcvMjAwMC9zdmciPjwvc3ZnPg==\" style=\"--smush-placeholder-width: 163px; --smush-placeholder-aspect-ratio: 163\/237;\" \/><\/p>\n<p>&nbsp;<\/p>\n","protected":false},"featured_media":27729,"template":"","meta":{"_uag_custom_page_level_css":"","site-sidebar-layout":"default","site-content-layout":"default","ast-site-content-layout":"default","site-content-style":"default","site-sidebar-style":"default","ast-global-header-display":"","ast-banner-title-visibility":"","ast-main-header-display":"","ast-hfb-above-header-display":"","ast-hfb-below-header-display":"","ast-hfb-mobile-header-display":"","site-post-title":"","ast-breadcrumbs-content":"","ast-featured-img":"","footer-sml-layout":"","ast-disable-related-posts":"","theme-transparent-header-meta":"default","adv-header-id-meta":"","stick-header-meta":"","header-above-stick-meta":"","header-main-stick-meta":"","header-below-stick-meta":"","astra-migrate-meta-layouts":"default","ast-page-background-enabled":"default","ast-page-background-meta":{"desktop":{"background-color":"","background-image":"","background-repeat":"repeat","background-position":"center center","background-size":"auto","background-attachment":"scroll","background-type":"","background-media":"","overlay-type":"","overlay-color":"","overlay-opacity":"","overlay-gradient":""},"tablet":{"background-color":"","background-image":"","background-repeat":"repeat","background-position":"center center","background-size":"auto","background-attachment":"scroll","background-type":"","background-media":"","overlay-type":"","overlay-color":"","overlay-opacity":"","overlay-gradient":""},"mobile":{"background-color":"","background-image":"","background-repeat":"repeat","background-position":"center center","background-size":"auto","background-attachment":"scroll","background-type":"","background-media":"","overlay-type":"","overlay-color":"","overlay-opacity":"","overlay-gradient":""}},"ast-content-background-meta":{"desktop":{"background-color":"var(--ast-global-color-5)","background-image":"","background-repeat":"repeat","background-position":"center center","background-size":"auto","background-attachment":"scroll","background-type":"","background-media":"","overlay-type":"","overlay-color":"","overlay-opacity":"","overlay-gradient":""},"tablet":{"background-color":"var(--ast-global-color-5)","background-image":"","background-repeat":"repeat","background-position":"center center","background-size":"auto","background-attachment":"scroll","background-type":"","background-media":"","overlay-type":"","overlay-color":"","overlay-opacity":"","overlay-gradient":""},"mobile":{"background-color":"var(--ast-global-color-5)","background-image":"","background-repeat":"repeat","background-position":"center center","background-size":"auto","background-attachment":"scroll","background-type":"","background-media":"","overlay-type":"","overlay-color":"","overlay-opacity":"","overlay-gradient":""}},"_mbp_gutenberg_autopost":false},"pwb-brand":[4582],"product_brand":[],"product_cat":[6451,64],"product_tag":[644],"class_list":{"0":"post-27843","1":"product","2":"type-product","3":"status-publish","4":"has-post-thumbnail","6":"pwb-brand-circulo","7":"product_cat-fios-macrame","8":"product_cat-macrame","9":"product_tag-macrame","10":"desktop-align-center","11":"tablet-align-left","12":"mobile-align-center","13":"ast-product-gallery-layout-horizontal-slider","14":"ast-product-gallery-with-no-image","15":"ast-product-single-variable","16":"ast-product-tabs-layout-horizontal","17":"ast-qv-on-image","19":"first","20":"instock","21":"taxable","22":"shipping-taxable","23":"purchasable","24":"product-type-variable"},"uagb_featured_image_src":{"full":["https:\/\/www.verilinebazar.com.br\/wp-content\/uploads\/2021\/11\/macrame-02-475x550-1-440x550-1.png?v=1692643889",240,300,false],"thumbnail":["https:\/\/www.verilinebazar.com.br\/wp-content\/uploads\/2021\/11\/macrame-02-475x550-1-440x550-1-150x150.png?v=1692643889",150,150,true],"medium":["https:\/\/www.verilinebazar.com.br\/wp-content\/uploads\/2021\/11\/macrame-02-475x550-1-440x550-1.png?v=1692643889",240,300,false],"medium_large":["https:\/\/www.verilinebazar.com.br\/wp-content\/uploads\/2021\/11\/macrame-02-475x550-1-440x550-1.png?v=1692643889",240,300,false],"large":["https:\/\/www.verilinebazar.com.br\/wp-content\/uploads\/2021\/11\/macrame-02-475x550-1-440x550-1.png?v=1692643889",240,300,false],"ryviu-small":["https:\/\/www.verilinebazar.com.br\/wp-content\/uploads\/2021\/11\/macrame-02-475x550-1-440x550-1-40x40.png?v=1692643889",40,40,true],"ryviu-medium":["https:\/\/www.verilinebazar.com.br\/wp-content\/uploads\/2021\/11\/macrame-02-475x550-1-440x550-1-132x132.png?v=1692643889",132,132,true],"1536x1536":["https:\/\/www.verilinebazar.com.br\/wp-content\/uploads\/2021\/11\/macrame-02-475x550-1-440x550-1.png?v=1692643889",240,300,false],"2048x2048":["https:\/\/www.verilinebazar.com.br\/wp-content\/uploads\/2021\/11\/macrame-02-475x550-1-440x550-1.png?v=1692643889",240,300,false],"pgmb-post-image":["https:\/\/www.verilinebazar.com.br\/wp-content\/uploads\/2021\/11\/macrame-02-475x550-1-440x550-1.png?v=1692643889",240,300,false],"_nx_notification_thumb_100_100":["https:\/\/www.verilinebazar.com.br\/wp-content\/uploads\/2021\/11\/macrame-02-475x550-1-440x550-1.png?v=1692643889",80,100,false],"_nx_notification_thumb_200_200":["https:\/\/www.verilinebazar.com.br\/wp-content\/uploads\/2021\/11\/macrame-02-475x550-1-440x550-1.png?v=1692643889",160,200,false],"_nx_notification_thumb_300_300":["https:\/\/www.verilinebazar.com.br\/wp-content\/uploads\/2021\/11\/macrame-02-475x550-1-440x550-1.png?v=1692643889",240,300,false],"_nx_notification_thumb_400_400":["https:\/\/www.verilinebazar.com.br\/wp-content\/uploads\/2021\/11\/macrame-02-475x550-1-440x550-1.png?v=1692643889",240,300,false],"_nx_notification_thumb_500_500":["https:\/\/www.verilinebazar.com.br\/wp-content\/uploads\/2021\/11\/macrame-02-475x550-1-440x550-1.png?v=1692643889",240,300,false],"woocommerce_thumbnail":["https:\/\/www.verilinebazar.com.br\/wp-content\/uploads\/2021\/11\/macrame-02-475x550-1-440x550-1-200x200.png?v=1692643889",200,200,true],"woocommerce_single":["https:\/\/www.verilinebazar.com.br\/wp-content\/uploads\/2021\/11\/macrame-02-475x550-1-440x550-1.png?v=1692643889",240,300,false],"woocommerce_gallery_thumbnail":["https:\/\/www.verilinebazar.com.br\/wp-content\/uploads\/2021\/11\/macrame-02-475x550-1-440x550-1-100x100.png?v=1692643889",100,100,true],"dgwt-wcas-product-suggestion":["https:\/\/www.verilinebazar.com.br\/wp-content\/uploads\/2021\/11\/macrame-02-475x550-1-440x550-1-64x80.png?v=1692643889",64,80,true],"yith-woocompare-image":["https:\/\/www.verilinebazar.com.br\/wp-content\/uploads\/2021\/11\/macrame-02-475x550-1-440x550-1.png?v=1692643889",123,154,false]},"uagb_author_info":{"display_name":"admin","author_link":"https:\/\/www.verilinebazar.com.br\/index.php\/author\/"},"uagb_comment_info":0,"uagb_excerpt":"Escolha a quantidade de cada cor Clique em ADICIONAR AO CARRINHO \u00a0\u00a0\u00a0\u00a0\u00a0 Foto do Fio &nbsp;","brands":[{"id":4582,"name":"Circulo","slug":"circulo"}],"_links":{"self":[{"href":"https:\/\/www.verilinebazar.com.br\/index.php\/wp-json\/wp\/v2\/product\/27843","targetHints":{"allow":["GET"]}}],"collection":[{"href":"https:\/\/www.verilinebazar.com.br\/index.php\/wp-json\/wp\/v2\/product"}],"about":[{"href":"https:\/\/www.verilinebazar.com.br\/index.php\/wp-json\/wp\/v2\/types\/product"}],"wp:featuredmedia":[{"embeddable":true,"href":"https:\/\/www.verilinebazar.com.br\/index.php\/wp-json\/wp\/v2\/media\/27729"}],"wp:attachment":[{"href":"https:\/\/www.verilinebazar.com.br\/index.php\/wp-json\/wp\/v2\/media?parent=27843"}],"wp:term":[{"taxonomy":"pwb-brand","embeddable":true,"href":"https:\/\/www.verilinebazar.com.br\/index.php\/wp-json\/wp\/v2\/pwb-brand?post=27843"},{"taxonomy":"product_brand","embeddable":true,"href":"https:\/\/www.verilinebazar.com.br\/index.php\/wp-json\/wp\/v2\/product_brand?post=27843"},{"taxonomy":"product_cat","embeddable":true,"href":"https:\/\/www.verilinebazar.com.br\/index.php\/wp-json\/wp\/v2\/product_cat?post=27843"},{"taxonomy":"product_tag","embeddable":true,"href":"https:\/\/www.verilinebazar.com.br\/index.php\/wp-json\/wp\/v2\/product_tag?post=27843"}],"curies":[{"name":"wp","href":"https:\/\/api.w.org\/{rel}","templated":true}]}}