{"id":30052,"date":"2022-03-25T18:01:20","date_gmt":"2022-03-25T21:01:20","guid":{"rendered":"https:\/\/www.verilinebazar.com.br\/?post_type=product&#038;p=30052"},"modified":"2023-05-15T18:34:03","modified_gmt":"2023-05-15T21:34:03","slug":"barbante-cru-4-euroroma-600gr","status":"publish","type":"product","link":"https:\/\/www.verilinebazar.com.br\/index.php\/produto\/barbante-cru-4-euroroma-600gr\/","title":{"rendered":"Barbante Cru 4 EuroRoma 600gr"},"content":{"rendered":"<p>Barbante Cru 4 EuroRoma 600gr<\/p>\n<p>O Barbante Cru 4 EuroRoma 600gr \u00e9 composto de 85% algod\u00e3o e 15% outras fibras. Indicado principalmente para a confec\u00e7\u00e3o de pe\u00e7as de decora\u00e7\u00e3o,\u00a0 com um excelente resultado quando utilizado para a confec\u00e7\u00e3o de acess\u00f3rios, como bolsas de praia, por exemplo.<\/p>\n<p>&nbsp;<\/p>\n<p><span style=\"color: #0000ff\">Foto do Produto Pronto<\/span><\/p>\n<p><img decoding=\"async\" class=\"alignnone wp-image-29798 lazyload\" data-src=\"https:\/\/www.verilinebazar.com.br\/wp-content\/uploads\/2022\/03\/1c59b1fc44ee06065c1e5831b7b55132167ff8d7-300x300.jpeg\" alt=\"\" width=\"257\" height=\"257\" data-srcset=\"https:\/\/www.verilinebazar.com.br\/wp-content\/uploads\/2022\/03\/1c59b1fc44ee06065c1e5831b7b55132167ff8d7.jpeg?v=1648154592 300w, https:\/\/www.verilinebazar.com.br\/wp-content\/uploads\/2022\/03\/1c59b1fc44ee06065c1e5831b7b55132167ff8d7-200x200.jpeg?v=1648154592 200w, https:\/\/www.verilinebazar.com.br\/wp-content\/uploads\/2022\/03\/1c59b1fc44ee06065c1e5831b7b55132167ff8d7-100x100.jpeg?v=1648154592 100w, https:\/\/www.verilinebazar.com.br\/wp-content\/uploads\/2022\/03\/1c59b1fc44ee06065c1e5831b7b55132167ff8d7-64x64.jpeg?v=1648154592 64w, https:\/\/www.verilinebazar.com.br\/wp-content\/uploads\/2022\/03\/1c59b1fc44ee06065c1e5831b7b55132167ff8d7-248x248.jpeg?v=1648154592 248w, https:\/\/www.verilinebazar.com.br\/wp-content\/uploads\/2022\/03\/1c59b1fc44ee06065c1e5831b7b55132167ff8d7-150x150.jpeg?v=1648154592 150w, https:\/\/www.verilinebazar.com.br\/wp-content\/uploads\/2022\/03\/1c59b1fc44ee06065c1e5831b7b55132167ff8d7-40x40.jpeg?v=1648154592 40w, https:\/\/www.verilinebazar.com.br\/wp-content\/uploads\/2022\/03\/1c59b1fc44ee06065c1e5831b7b55132167ff8d7-132x132.jpeg?v=1648154592 132w\" data-sizes=\"(max-width: 257px) 100vw, 257px\" src=\"data:image\/svg+xml;base64,PHN2ZyB3aWR0aD0iMSIgaGVpZ2h0PSIxIiB4bWxucz0iaHR0cDovL3d3dy53My5vcmcvMjAwMC9zdmciPjwvc3ZnPg==\" style=\"--smush-placeholder-width: 257px; --smush-placeholder-aspect-ratio: 257\/257;\" \/><\/p>\n<p>&nbsp;<\/p>\n<p><a href=\"https:\/\/www.verilinebazar.com.br\/index.php\/produto\/barbante-spesso-euroroma-24-fios\/\"><img decoding=\"async\" class=\"alignnone wp-image-13199 lazyload\" data-src=\"https:\/\/www.verilinebazar.com.br\/wp-content\/uploads\/2021\/06\/Euroroma.jpg\" alt=\"\" width=\"127\" height=\"68\" data-srcset=\"https:\/\/www.verilinebazar.com.br\/wp-content\/uploads\/2021\/06\/Euroroma.jpg 253w, https:\/\/www.verilinebazar.com.br\/wp-content\/uploads\/2021\/06\/Euroroma-64x34.jpg 64w, https:\/\/www.verilinebazar.com.br\/wp-content\/uploads\/2021\/06\/Euroroma-200x108.jpg 200w\" data-sizes=\"(max-width: 127px) 100vw, 127px\" src=\"data:image\/svg+xml;base64,PHN2ZyB3aWR0aD0iMSIgaGVpZ2h0PSIxIiB4bWxucz0iaHR0cDovL3d3dy53My5vcmcvMjAwMC9zdmciPjwvc3ZnPg==\" style=\"--smush-placeholder-width: 127px; --smush-placeholder-aspect-ratio: 127\/68;\" \/><\/a> \u00a0\u00a0\u00a0\u00a0 <a href=\"https:\/\/www.verilinebazar.com.br\/blog\/\" target=\"_blank\" rel=\"noopener\"><span style=\"color: #000080\"><img decoding=\"async\" data-src=\"https:\/\/www.verilinebazar.com.br\/wp-content\/uploads\/2020\/04\/Logo-blog-1.jpg\" alt=\"Agulha Circular de Bambu Circulo 100cm\" width=\"140\" height=\"41\" align=\"BOTTOM\" border=\"1\" src=\"data:image\/svg+xml;base64,PHN2ZyB3aWR0aD0iMSIgaGVpZ2h0PSIxIiB4bWxucz0iaHR0cDovL3d3dy53My5vcmcvMjAwMC9zdmciPjwvc3ZnPg==\" class=\"lazyload\" style=\"--smush-placeholder-width: 140px; --smush-placeholder-aspect-ratio: 140\/41;\" \/><\/span><\/a><\/p>\n<p class=\"western\"><span style=\"color: #0000ff\">Mais Produtos da Marca\u00a0 \u00a0 \u00a0 \u00a0 \u00a0Visite nosso Blog!<\/span><\/p>\n<p><span style=\"color: #0000ff\">Modo de Lavagem<\/span><\/p>\n<p><img decoding=\"async\" class=\"alignnone wp-image-5913 size-full lazyload\" data-src=\"https:\/\/www.verilinebazar.com.br\/wp-content\/uploads\/2020\/04\/Modo-de-lavagem-linha-circulo.jpg\" alt=\"Modo de lavagem Barbante Cru 4 EuroRoma 600gr\" width=\"299\" height=\"61\" data-srcset=\"https:\/\/www.verilinebazar.com.br\/wp-content\/uploads\/2020\/04\/Modo-de-lavagem-linha-circulo.jpg 299w, https:\/\/www.verilinebazar.com.br\/wp-content\/uploads\/2020\/04\/Modo-de-lavagem-linha-circulo-64x13.jpg 64w, https:\/\/www.verilinebazar.com.br\/wp-content\/uploads\/2020\/04\/Modo-de-lavagem-linha-circulo-200x41.jpg 200w\" data-sizes=\"(max-width: 299px) 100vw, 299px\" src=\"data:image\/svg+xml;base64,PHN2ZyB3aWR0aD0iMSIgaGVpZ2h0PSIxIiB4bWxucz0iaHR0cDovL3d3dy53My5vcmcvMjAwMC9zdmciPjwvc3ZnPg==\" style=\"--smush-placeholder-width: 299px; --smush-placeholder-aspect-ratio: 299\/61;\" \/><\/p>\n<div class=\"everest-forms\"><div class=\"evf-container default\" id=\"evf-803\"><form id=\"evf-form-803\" class=\"everest-form\" data-formid=\"803\" data-ajax_submission=\"0\" data-keyboard_friendly_form=\"0\" data-form_state_type=\"\" method=\"post\" enctype=\"multipart\/form-data\" action=\"\/index.php\/wp-json\/wp\/v2\/product\/30052\"><div class=\"evf-field-container\"><input type=\"hidden\" id=\"_wpnonce803\" name=\"_wpnonce803\" value=\"da1a1fed3d\" \/><input type=\"hidden\" name=\"_wp_http_referer\" value=\"\/index.php\/wp-json\/wp\/v2\/product\/30052\" \/><div class=\"evf-frontend-row\" data-row=\"row_1\" conditional_rules=\"[]\"><div class=\"evf-frontend-grid evf-grid-2\" data-grid=\"grid_1\"><div id=\"evf-803-field_saB3bOpLww-2-container\" class=\"evf-field evf-field-textarea form-row\" data-field-id=\"saB3bOpLww-2\"><label class=\"evf-field-label\" for=\"evf-803-field_saB3bOpLww-2\"><span class=\"evf-label\">Tem alguma d\u00favida sobre este produto?<\/span> <\/label><textarea id=\"evf-803-field_saB3bOpLww-2\" class=\"input-text\" name=\"everest_forms[form_fields][saB3bOpLww-2]\"  ><\/textarea><\/div><\/div><div class=\"evf-frontend-grid evf-grid-2\" data-grid=\"grid_2\"><div id=\"evf-803-field_5x9M4T3hmb-1-container\" class=\"evf-field evf-field-email form-row validate-required validate-email\" data-required-field-message=\"Please enter a valid email address.\" data-field-id=\"5x9M4T3hmb-1\"><label class=\"evf-field-label\" for=\"evf-803-field_5x9M4T3hmb-1\"><span class=\"evf-label\">Email<\/span> <abbr class=\"required\" title=\"Requeridos\">*<\/abbr><\/label><input type=\"email\" id=\"evf-803-field_5x9M4T3hmb-1\" class=\"input-text\" name=\"everest_forms[form_fields][5x9M4T3hmb-1]\" required ><\/div><\/div><\/div><\/div><div class=\"evf-honeypot-container evf-field-hp\"><label for=\"evf-803-field-hp\" class=\"evf-field-label\">Comment<\/label><input type=\"text\" name=\"everest_forms[hp]\" id=\"evf-803-field-hp\" class=\"input-text\"><\/div><div class=\"evf-submit-container \" ><input type=\"hidden\" name=\"everest_forms[id]\" value=\"803\"><input type=\"hidden\" name=\"everest_forms[author]\" value=\"1\"><button type='submit' name='everest_forms[submit]' class='everest-forms-submit-button button evf-submit ' id='evf-submit-803' value='evf-submit' data-process-text=\"Preparando....\" conditional_rules='&quot;&quot;' conditional_id='evf-submit-803'  id=\"evf-submit-803\" aria-live=\"assertive\">Enviar<\/button><\/div><\/form><\/div><!-- .evf-container --><\/div>\n","protected":false},"excerpt":{"rendered":"<p><span style=\"color: #0000ff\">\u00a0<\/span><\/p>\n<p class=\"western\"><span style=\"color: #0000ff\">Escolha a quantidade <\/span><\/p>\n<p class=\"western\"><span style=\"color: #0000ff\">Clique em COMPRAR<\/span><\/p>\n<p>&nbsp;<\/p>\n","protected":false},"featured_media":30049,"template":"","meta":{"_uag_custom_page_level_css":"","site-sidebar-layout":"default","site-content-layout":"default","ast-site-content-layout":"default","site-content-style":"default","site-sidebar-style":"default","ast-global-header-display":"","ast-banner-title-visibility":"","ast-main-header-display":"","ast-hfb-above-header-display":"","ast-hfb-below-header-display":"","ast-hfb-mobile-header-display":"","site-post-title":"","ast-breadcrumbs-content":"","ast-featured-img":"","footer-sml-layout":"","ast-disable-related-posts":"","theme-transparent-header-meta":"default","adv-header-id-meta":"","stick-header-meta":"","header-above-stick-meta":"","header-main-stick-meta":"","header-below-stick-meta":"","astra-migrate-meta-layouts":"default","ast-page-background-enabled":"default","ast-page-background-meta":{"desktop":{"background-color":"","background-image":"","background-repeat":"repeat","background-position":"center center","background-size":"auto","background-attachment":"scroll","background-type":"","background-media":"","overlay-type":"","overlay-color":"","overlay-opacity":"","overlay-gradient":""},"tablet":{"background-color":"","background-image":"","background-repeat":"repeat","background-position":"center center","background-size":"auto","background-attachment":"scroll","background-type":"","background-media":"","overlay-type":"","overlay-color":"","overlay-opacity":"","overlay-gradient":""},"mobile":{"background-color":"","background-image":"","background-repeat":"repeat","background-position":"center center","background-size":"auto","background-attachment":"scroll","background-type":"","background-media":"","overlay-type":"","overlay-color":"","overlay-opacity":"","overlay-gradient":""}},"ast-content-background-meta":{"desktop":{"background-color":"var(--ast-global-color-5)","background-image":"","background-repeat":"repeat","background-position":"center center","background-size":"auto","background-attachment":"scroll","background-type":"","background-media":"","overlay-type":"","overlay-color":"","overlay-opacity":"","overlay-gradient":""},"tablet":{"background-color":"var(--ast-global-color-5)","background-image":"","background-repeat":"repeat","background-position":"center center","background-size":"auto","background-attachment":"scroll","background-type":"","background-media":"","overlay-type":"","overlay-color":"","overlay-opacity":"","overlay-gradient":""},"mobile":{"background-color":"var(--ast-global-color-5)","background-image":"","background-repeat":"repeat","background-position":"center center","background-size":"auto","background-attachment":"scroll","background-type":"","background-media":"","overlay-type":"","overlay-color":"","overlay-opacity":"","overlay-gradient":""}},"_mbp_gutenberg_autopost":false},"pwb-brand":[4637],"product_brand":[],"product_cat":[34,4706],"product_tag":[369],"class_list":{"0":"post-30052","1":"product","2":"type-product","3":"status-publish","4":"has-post-thumbnail","6":"pwb-brand-euroroma","7":"product_cat-barbantes","8":"product_cat-euroroma-barbantes","9":"product_tag-barbante","10":"desktop-align-center","11":"tablet-align-left","12":"mobile-align-center","13":"ast-product-gallery-layout-horizontal-slider","14":"ast-product-gallery-with-no-image","15":"ast-product-tabs-layout-horizontal","16":"ast-qv-on-image","18":"first","19":"instock","20":"taxable","21":"shipping-taxable","22":"purchasable","23":"product-type-simple"},"uagb_featured_image_src":{"full":["https:\/\/www.verilinebazar.com.br\/wp-content\/uploads\/2022\/03\/Barbante-cru-10.jpg?v=1692645817",203,250,false],"thumbnail":["https:\/\/www.verilinebazar.com.br\/wp-content\/uploads\/2022\/03\/Barbante-cru-10-150x150.jpg?v=1692645817",150,150,true],"medium":["https:\/\/www.verilinebazar.com.br\/wp-content\/uploads\/2022\/03\/Barbante-cru-10.jpg?v=1692645817",203,250,false],"medium_large":["https:\/\/www.verilinebazar.com.br\/wp-content\/uploads\/2022\/03\/Barbante-cru-10.jpg?v=1692645817",203,250,false],"large":["https:\/\/www.verilinebazar.com.br\/wp-content\/uploads\/2022\/03\/Barbante-cru-10.jpg?v=1692645817",203,250,false],"ryviu-small":["https:\/\/www.verilinebazar.com.br\/wp-content\/uploads\/2022\/03\/Barbante-cru-10-40x40.jpg?v=1692645817",40,40,true],"ryviu-medium":["https:\/\/www.verilinebazar.com.br\/wp-content\/uploads\/2022\/03\/Barbante-cru-10-132x132.jpg?v=1692645817",132,132,true],"1536x1536":["https:\/\/www.verilinebazar.com.br\/wp-content\/uploads\/2022\/03\/Barbante-cru-10.jpg?v=1692645817",203,250,false],"2048x2048":["https:\/\/www.verilinebazar.com.br\/wp-content\/uploads\/2022\/03\/Barbante-cru-10.jpg?v=1692645817",203,250,false],"pgmb-post-image":["https:\/\/www.verilinebazar.com.br\/wp-content\/uploads\/2022\/03\/Barbante-cru-10.jpg?v=1692645817",203,250,false],"_nx_notification_thumb_100_100":["https:\/\/www.verilinebazar.com.br\/wp-content\/uploads\/2022\/03\/Barbante-cru-10.jpg?v=1692645817",81,100,false],"_nx_notification_thumb_200_200":["https:\/\/www.verilinebazar.com.br\/wp-content\/uploads\/2022\/03\/Barbante-cru-10.jpg?v=1692645817",162,200,false],"_nx_notification_thumb_300_300":["https:\/\/www.verilinebazar.com.br\/wp-content\/uploads\/2022\/03\/Barbante-cru-10.jpg?v=1692645817",203,250,false],"_nx_notification_thumb_400_400":["https:\/\/www.verilinebazar.com.br\/wp-content\/uploads\/2022\/03\/Barbante-cru-10.jpg?v=1692645817",203,250,false],"_nx_notification_thumb_500_500":["https:\/\/www.verilinebazar.com.br\/wp-content\/uploads\/2022\/03\/Barbante-cru-10.jpg?v=1692645817",203,250,false],"woocommerce_thumbnail":["https:\/\/www.verilinebazar.com.br\/wp-content\/uploads\/2022\/03\/Barbante-cru-10-200x200.jpg?v=1692645817",200,200,true],"woocommerce_single":["https:\/\/www.verilinebazar.com.br\/wp-content\/uploads\/2022\/03\/Barbante-cru-10.jpg?v=1692645817",203,250,false],"woocommerce_gallery_thumbnail":["https:\/\/www.verilinebazar.com.br\/wp-content\/uploads\/2022\/03\/Barbante-cru-10-100x100.jpg?v=1692645817",100,100,true],"dgwt-wcas-product-suggestion":["https:\/\/www.verilinebazar.com.br\/wp-content\/uploads\/2022\/03\/Barbante-cru-10-64x79.jpg?v=1692645817",64,79,true],"yith-woocompare-image":["https:\/\/www.verilinebazar.com.br\/wp-content\/uploads\/2022\/03\/Barbante-cru-10.jpg?v=1692645817",125,154,false]},"uagb_author_info":{"display_name":"admin","author_link":"https:\/\/www.verilinebazar.com.br\/index.php\/author\/"},"uagb_comment_info":0,"uagb_excerpt":"\u00a0 Escolha a quantidade Clique em COMPRAR &nbsp;","brands":[{"id":4637,"name":"Euroroma","slug":"euroroma"}],"post_mailing_queue_ids":[],"_links":{"self":[{"href":"https:\/\/www.verilinebazar.com.br\/index.php\/wp-json\/wp\/v2\/product\/30052","targetHints":{"allow":["GET"]}}],"collection":[{"href":"https:\/\/www.verilinebazar.com.br\/index.php\/wp-json\/wp\/v2\/product"}],"about":[{"href":"https:\/\/www.verilinebazar.com.br\/index.php\/wp-json\/wp\/v2\/types\/product"}],"wp:featuredmedia":[{"embeddable":true,"href":"https:\/\/www.verilinebazar.com.br\/index.php\/wp-json\/wp\/v2\/media\/30049"}],"wp:attachment":[{"href":"https:\/\/www.verilinebazar.com.br\/index.php\/wp-json\/wp\/v2\/media?parent=30052"}],"wp:term":[{"taxonomy":"pwb-brand","embeddable":true,"href":"https:\/\/www.verilinebazar.com.br\/index.php\/wp-json\/wp\/v2\/pwb-brand?post=30052"},{"taxonomy":"product_brand","embeddable":true,"href":"https:\/\/www.verilinebazar.com.br\/index.php\/wp-json\/wp\/v2\/product_brand?post=30052"},{"taxonomy":"product_cat","embeddable":true,"href":"https:\/\/www.verilinebazar.com.br\/index.php\/wp-json\/wp\/v2\/product_cat?post=30052"},{"taxonomy":"product_tag","embeddable":true,"href":"https:\/\/www.verilinebazar.com.br\/index.php\/wp-json\/wp\/v2\/product_tag?post=30052"}],"curies":[{"name":"wp","href":"https:\/\/api.w.org\/{rel}","templated":true}]}}