{"id":32763,"date":"2023-08-21T08:38:32","date_gmt":"2023-08-21T11:38:32","guid":{"rendered":"https:\/\/www.verilinebazar.com.br\/?post_type=product&#038;p=32763"},"modified":"2023-08-21T08:55:15","modified_gmt":"2023-08-21T11:55:15","slug":"kit-bordado-colecao-natal-2023-guirlanda-natalina","status":"publish","type":"product","link":"https:\/\/www.verilinebazar.com.br\/index.php\/produto\/kit-bordado-colecao-natal-2023-guirlanda-natalina\/","title":{"rendered":"Kit Bordado Cole\u00e7\u00e3o Natal 2023 Guirlanda Natalina"},"content":{"rendered":"<p class=\"produto-detalhe__titulo\">Kit Bordado Cole\u00e7\u00e3o Natal 2023 Guirlanda Natalina. Ideal para quem aproveita uma das \u00e9pocas mais especias do ano para fazer trabalhos manuais, o Kit Bordado Cole\u00e7\u00e3o Natal 2023 Guirlanda Natalina vai te conquistar! Com 3 lindas op\u00e7\u00f5es de desenhos, vai ficar at\u00e9 dif\u00edcil escolher qual come\u00e7ar primeiro. Muito pr\u00e1tico, o Kit comp\u00f5e todos os materiais necess\u00e1rios para a confec\u00e7\u00e3o. Comece hoje mesmo!<\/p>\n<div class=\"produto-detalhe__conteudo\">\n<div class=\"produto-detalhe__conteudo\">\n<div class=\"col-lg-3 mb-4\">\n<div data-swiper-slide-index=\"4\"><\/div>\n<div class=\"swiper-slide produto-galeria__item swiper-slide-duplicate\" data-swiper-slide-index=\"4\">\n<p>Esse kit cont\u00e9m:<\/p>\n<p class=\"produto-detalhe__subtitulo\">DADOS T\u00c9CNICOS<\/p>\n<div class=\"produto-detalhe__conteudo\">\n<p>Bordado Ponto Cruz<\/p>\n<p>Guirlanda Natalina (cor 20):<\/p>\n<p>Meadas de Maxi Mouline \u2013 cores: 232, 245, 741, 743 e 850<\/p>\n<p>1 Agulha de Bordado n\u00ba 24 \u2013 244252<\/p>\n<p>1 Bastidor de Bambu n\u00ba 7 (17,7 cm)<\/p>\n<p><img decoding=\"async\" class=\"alignnone size-medium wp-image-32766 lazyload\" data-src=\"https:\/\/www.verilinebazar.com.br\/wp-content\/uploads\/2023\/08\/Kit-Bordado-Colecao-Natal-2023-Guirlanda-Natalina-2-200x300.png\" alt=\"\" width=\"200\" height=\"300\" data-srcset=\"https:\/\/www.verilinebazar.com.br\/wp-content\/uploads\/2023\/08\/Kit-Bordado-Colecao-Natal-2023-Guirlanda-Natalina-2-200x300.png?v=1692618806 200w, https:\/\/www.verilinebazar.com.br\/wp-content\/uploads\/2023\/08\/Kit-Bordado-Colecao-Natal-2023-Guirlanda-Natalina-2-64x96.png?v=1692618806 64w, https:\/\/www.verilinebazar.com.br\/wp-content\/uploads\/2023\/08\/Kit-Bordado-Colecao-Natal-2023-Guirlanda-Natalina-2-683x1024.png?v=1692618806 683w, https:\/\/www.verilinebazar.com.br\/wp-content\/uploads\/2023\/08\/Kit-Bordado-Colecao-Natal-2023-Guirlanda-Natalina-2-600x900.png?v=1692618806 600w, https:\/\/www.verilinebazar.com.br\/wp-content\/uploads\/2023\/08\/Kit-Bordado-Colecao-Natal-2023-Guirlanda-Natalina-2.png?v=1692618806 700w\" data-sizes=\"(max-width: 200px) 100vw, 200px\" src=\"data:image\/svg+xml;base64,PHN2ZyB3aWR0aD0iMSIgaGVpZ2h0PSIxIiB4bWxucz0iaHR0cDovL3d3dy53My5vcmcvMjAwMC9zdmciPjwvc3ZnPg==\" style=\"--smush-placeholder-width: 200px; --smush-placeholder-aspect-ratio: 200\/300;\" \/><\/p>\n<p>&nbsp;<\/p>\n<\/div>\n<\/div>\n<\/div>\n<\/div>\n<\/div>\n<div data-swiper-slide-index=\"4\"><\/div>\n<div data-swiper-slide-index=\"4\">\n<div data-swiper-slide-index=\"4\">\n<p class=\"western\"><a href=\"https:\/\/www.verilinebazar.com.br\/index.php\/categoria-produto\/agulhas\/agulha-croche\/\">\u00a0\u00a0\u00a0\u00a0 <\/a> <a href=\"https:\/\/www.verilinebazar.com.br\/index.php\/categoria-produto\/agulhas\/agulha-croche\/\"><img decoding=\"async\" class=\"alignnone lazyload\" data-src=\"https:\/\/www.verilinebazar.com.br\/wp-content\/uploads\/2020\/04\/Logo-C\u00edrculo.jpg\" alt=\"Kit Bordado Cole\u00e7\u00e3o Natal 2023 Guirlanda Natalina\" width=\"79\" height=\"53\" align=\"BOTTOM\" border=\"1\" src=\"data:image\/svg+xml;base64,PHN2ZyB3aWR0aD0iMSIgaGVpZ2h0PSIxIiB4bWxucz0iaHR0cDovL3d3dy53My5vcmcvMjAwMC9zdmciPjwvc3ZnPg==\" style=\"--smush-placeholder-width: 79px; --smush-placeholder-aspect-ratio: 79\/53;\" \/><\/a>\u00a0 \u00a0\u00a0 \u00a0 \u00a0 \u00a0 \u00a0 \u00a0 \u00a0 \u00a0\u00a0 <a href=\"https:\/\/www.verilinebazar.com.br\/blog\/\" target=\"_blank\" rel=\"noopener\"><img decoding=\"async\" class=\"alignnone lazyload\" data-src=\"https:\/\/www.verilinebazar.com.br\/wp-content\/uploads\/2020\/04\/Logo-blog-1.jpg\" alt=\"Blog Veriline Bazar\" width=\"140\" height=\"41\" align=\"BOTTOM\" border=\"1\" src=\"data:image\/svg+xml;base64,PHN2ZyB3aWR0aD0iMSIgaGVpZ2h0PSIxIiB4bWxucz0iaHR0cDovL3d3dy53My5vcmcvMjAwMC9zdmciPjwvc3ZnPg==\" style=\"--smush-placeholder-width: 140px; --smush-placeholder-aspect-ratio: 140\/41;\" \/><\/a><\/p>\n<\/div>\n<p><span style=\"color: #0000ff;\">Mais Produtos da Marca \u00a0\u00a0\u00a0\u00a0\u00a0\u00a0\u00a0\u00a0\u00a0\u00a0 Visite nosso Blog!<\/span><strong><br \/>\n<\/strong><\/p>\n<\/div>\n<div class=\"everest-forms\"><div class=\"evf-container default\" id=\"evf-803\"><form id=\"evf-form-803\" class=\"everest-form\" data-formid=\"803\" data-ajax_submission=\"0\" data-keyboard_friendly_form=\"0\" data-form_state_type=\"\" method=\"post\" enctype=\"multipart\/form-data\" action=\"\/index.php\/wp-json\/wp\/v2\/product\/32763\"><div class=\"evf-field-container\"><input type=\"hidden\" id=\"_wpnonce803\" name=\"_wpnonce803\" value=\"59f44e7807\" \/><input type=\"hidden\" name=\"_wp_http_referer\" value=\"\/index.php\/wp-json\/wp\/v2\/product\/32763\" \/><div class=\"evf-frontend-row\" data-row=\"row_1\" conditional_rules=\"[]\"><div class=\"evf-frontend-grid evf-grid-2\" data-grid=\"grid_1\"><div id=\"evf-803-field_saB3bOpLww-2-container\" class=\"evf-field evf-field-textarea form-row\" data-field-id=\"saB3bOpLww-2\"><label class=\"evf-field-label\" for=\"evf-803-field_saB3bOpLww-2\"><span class=\"evf-label\">Tem alguma d\u00favida sobre este produto?<\/span> <\/label><textarea id=\"evf-803-field_saB3bOpLww-2\" class=\"input-text\" name=\"everest_forms[form_fields][saB3bOpLww-2]\"  ><\/textarea><\/div><\/div><div class=\"evf-frontend-grid evf-grid-2\" data-grid=\"grid_2\"><div id=\"evf-803-field_5x9M4T3hmb-1-container\" class=\"evf-field evf-field-email form-row validate-required validate-email\" data-required-field-message=\"Please enter a valid email address.\" data-field-id=\"5x9M4T3hmb-1\"><label class=\"evf-field-label\" for=\"evf-803-field_5x9M4T3hmb-1\"><span class=\"evf-label\">Email<\/span> <abbr class=\"required\" title=\"Requeridos\">*<\/abbr><\/label><input type=\"email\" id=\"evf-803-field_5x9M4T3hmb-1\" class=\"input-text\" name=\"everest_forms[form_fields][5x9M4T3hmb-1]\" required ><\/div><\/div><\/div><\/div><div class=\"evf-honeypot-container evf-field-hp\"><label for=\"evf-803-field-hp\" class=\"evf-field-label\">Website<\/label><input type=\"text\" name=\"everest_forms[hp]\" id=\"evf-803-field-hp\" class=\"input-text\"><\/div><div class=\"evf-submit-container \" ><input type=\"hidden\" name=\"everest_forms[id]\" value=\"803\"><input type=\"hidden\" name=\"everest_forms[author]\" value=\"7\"><button type='submit' name='everest_forms[submit]' class='everest-forms-submit-button button evf-submit ' id='evf-submit-803' value='evf-submit' data-process-text=\"Preparando....\" conditional_rules='&quot;&quot;' conditional_id='evf-submit-803'  id=\"evf-submit-803\" aria-live=\"assertive\">Enviar<\/button><\/div><\/form><\/div><!-- .evf-container --><\/div>\n","protected":false},"excerpt":{"rendered":"<p><span style=\"color: #0000ff;\">\u00a0<\/span><\/p>\n<p class=\"western\"><span style=\"color: #0000ff;\">Escolha a quantidade <\/span><\/p>\n<p class=\"western\"><span style=\"color: #0000ff;\">Clique em COMPRAR<\/span><\/p>\n<p>&nbsp;<\/p>\n","protected":false},"featured_media":32765,"template":"","meta":{"_uag_custom_page_level_css":"","site-sidebar-layout":"default","site-content-layout":"default","ast-site-content-layout":"default","site-content-style":"default","site-sidebar-style":"default","ast-global-header-display":"","ast-banner-title-visibility":"","ast-main-header-display":"","ast-hfb-above-header-display":"","ast-hfb-below-header-display":"","ast-hfb-mobile-header-display":"","site-post-title":"","ast-breadcrumbs-content":"","ast-featured-img":"","footer-sml-layout":"","ast-disable-related-posts":"","theme-transparent-header-meta":"default","adv-header-id-meta":"","stick-header-meta":"","header-above-stick-meta":"","header-main-stick-meta":"","header-below-stick-meta":"","astra-migrate-meta-layouts":"set","ast-page-background-enabled":"default","ast-page-background-meta":{"desktop":{"background-color":"","background-image":"","background-repeat":"repeat","background-position":"center center","background-size":"auto","background-attachment":"scroll","background-type":"","background-media":"","overlay-type":"","overlay-color":"","overlay-opacity":"","overlay-gradient":""},"tablet":{"background-color":"","background-image":"","background-repeat":"repeat","background-position":"center center","background-size":"auto","background-attachment":"scroll","background-type":"","background-media":"","overlay-type":"","overlay-color":"","overlay-opacity":"","overlay-gradient":""},"mobile":{"background-color":"","background-image":"","background-repeat":"repeat","background-position":"center center","background-size":"auto","background-attachment":"scroll","background-type":"","background-media":"","overlay-type":"","overlay-color":"","overlay-opacity":"","overlay-gradient":""}},"ast-content-background-meta":{"desktop":{"background-color":"var(--ast-global-color-5)","background-image":"","background-repeat":"repeat","background-position":"center center","background-size":"auto","background-attachment":"scroll","background-type":"","background-media":"","overlay-type":"","overlay-color":"","overlay-opacity":"","overlay-gradient":""},"tablet":{"background-color":"var(--ast-global-color-5)","background-image":"","background-repeat":"repeat","background-position":"center center","background-size":"auto","background-attachment":"scroll","background-type":"","background-media":"","overlay-type":"","overlay-color":"","overlay-opacity":"","overlay-gradient":""},"mobile":{"background-color":"var(--ast-global-color-5)","background-image":"","background-repeat":"repeat","background-position":"center center","background-size":"auto","background-attachment":"scroll","background-type":"","background-media":"","overlay-type":"","overlay-color":"","overlay-opacity":"","overlay-gradient":""}},"_mbp_gutenberg_autopost":false},"pwb-brand":[4582],"product_brand":[],"product_cat":[60,6371],"product_tag":[72],"class_list":{"0":"post-32763","1":"product","2":"type-product","3":"status-publish","4":"has-post-thumbnail","6":"pwb-brand-circulo","7":"product_cat-fios-para-bordado","8":"product_cat-kit-bordado","9":"product_tag-bordado","10":"desktop-align-center","11":"tablet-align-left","12":"mobile-align-center","13":"ast-product-gallery-layout-horizontal-slider","14":"ast-product-tabs-layout-horizontal","15":"ast-qv-on-image","17":"first","18":"instock","19":"taxable","20":"shipping-taxable","21":"purchasable","22":"product-type-simple"},"uagb_featured_image_src":{"full":["https:\/\/www.verilinebazar.com.br\/wp-content\/uploads\/2023\/08\/Kit-Bordado-Colecao-Natal-2023-Guirlanda-Natalina.png?v=1692646484",621,621,false],"thumbnail":["https:\/\/www.verilinebazar.com.br\/wp-content\/uploads\/2023\/08\/Kit-Bordado-Colecao-Natal-2023-Guirlanda-Natalina-150x150.png?v=1692646484",150,150,true],"medium":["https:\/\/www.verilinebazar.com.br\/wp-content\/uploads\/2023\/08\/Kit-Bordado-Colecao-Natal-2023-Guirlanda-Natalina-300x300.png?v=1692646484",300,300,true],"medium_large":["https:\/\/www.verilinebazar.com.br\/wp-content\/uploads\/2023\/08\/Kit-Bordado-Colecao-Natal-2023-Guirlanda-Natalina.png?v=1692646484",621,621,false],"large":["https:\/\/www.verilinebazar.com.br\/wp-content\/uploads\/2023\/08\/Kit-Bordado-Colecao-Natal-2023-Guirlanda-Natalina.png?v=1692646484",621,621,false],"ryviu-small":["https:\/\/www.verilinebazar.com.br\/wp-content\/uploads\/2023\/08\/Kit-Bordado-Colecao-Natal-2023-Guirlanda-Natalina-40x40.png?v=1692646484",40,40,true],"ryviu-medium":["https:\/\/www.verilinebazar.com.br\/wp-content\/uploads\/2023\/08\/Kit-Bordado-Colecao-Natal-2023-Guirlanda-Natalina-132x132.png?v=1692646484",132,132,true],"1536x1536":["https:\/\/www.verilinebazar.com.br\/wp-content\/uploads\/2023\/08\/Kit-Bordado-Colecao-Natal-2023-Guirlanda-Natalina.png?v=1692646484",621,621,false],"2048x2048":["https:\/\/www.verilinebazar.com.br\/wp-content\/uploads\/2023\/08\/Kit-Bordado-Colecao-Natal-2023-Guirlanda-Natalina.png?v=1692646484",621,621,false],"pgmb-post-image":["https:\/\/www.verilinebazar.com.br\/wp-content\/uploads\/2023\/08\/Kit-Bordado-Colecao-Natal-2023-Guirlanda-Natalina.png?v=1692646484",621,621,false],"_nx_notification_thumb_100_100":["https:\/\/www.verilinebazar.com.br\/wp-content\/uploads\/2023\/08\/Kit-Bordado-Colecao-Natal-2023-Guirlanda-Natalina.png?v=1692646484",100,100,false],"_nx_notification_thumb_200_200":["https:\/\/www.verilinebazar.com.br\/wp-content\/uploads\/2023\/08\/Kit-Bordado-Colecao-Natal-2023-Guirlanda-Natalina.png?v=1692646484",200,200,false],"_nx_notification_thumb_300_300":["https:\/\/www.verilinebazar.com.br\/wp-content\/uploads\/2023\/08\/Kit-Bordado-Colecao-Natal-2023-Guirlanda-Natalina.png?v=1692646484",300,300,false],"_nx_notification_thumb_400_400":["https:\/\/www.verilinebazar.com.br\/wp-content\/uploads\/2023\/08\/Kit-Bordado-Colecao-Natal-2023-Guirlanda-Natalina.png?v=1692646484",400,400,false],"_nx_notification_thumb_500_500":["https:\/\/www.verilinebazar.com.br\/wp-content\/uploads\/2023\/08\/Kit-Bordado-Colecao-Natal-2023-Guirlanda-Natalina.png?v=1692646484",500,500,false],"woocommerce_thumbnail":["https:\/\/www.verilinebazar.com.br\/wp-content\/uploads\/2023\/08\/Kit-Bordado-Colecao-Natal-2023-Guirlanda-Natalina-200x200.png?v=1692646484",200,200,true],"woocommerce_single":["https:\/\/www.verilinebazar.com.br\/wp-content\/uploads\/2023\/08\/Kit-Bordado-Colecao-Natal-2023-Guirlanda-Natalina.png?v=1692646484",621,621,false],"woocommerce_gallery_thumbnail":["https:\/\/www.verilinebazar.com.br\/wp-content\/uploads\/2023\/08\/Kit-Bordado-Colecao-Natal-2023-Guirlanda-Natalina-100x100.png?v=1692646484",100,100,true],"dgwt-wcas-product-suggestion":["https:\/\/www.verilinebazar.com.br\/wp-content\/uploads\/2023\/08\/Kit-Bordado-Colecao-Natal-2023-Guirlanda-Natalina-64x64.png?v=1692646484",64,64,true],"yith-woocompare-image":["https:\/\/www.verilinebazar.com.br\/wp-content\/uploads\/2023\/08\/Kit-Bordado-Colecao-Natal-2023-Guirlanda-Natalina.png?v=1692646484",154,154,false]},"uagb_author_info":{"display_name":"Flavio Strutzel","author_link":"https:\/\/www.verilinebazar.com.br\/index.php\/author\/"},"uagb_comment_info":0,"uagb_excerpt":"\u00a0 Escolha a quantidade Clique em COMPRAR &nbsp;","brands":[{"id":4582,"name":"Circulo","slug":"circulo"}],"post_mailing_queue_ids":[],"_links":{"self":[{"href":"https:\/\/www.verilinebazar.com.br\/index.php\/wp-json\/wp\/v2\/product\/32763","targetHints":{"allow":["GET"]}}],"collection":[{"href":"https:\/\/www.verilinebazar.com.br\/index.php\/wp-json\/wp\/v2\/product"}],"about":[{"href":"https:\/\/www.verilinebazar.com.br\/index.php\/wp-json\/wp\/v2\/types\/product"}],"wp:featuredmedia":[{"embeddable":true,"href":"https:\/\/www.verilinebazar.com.br\/index.php\/wp-json\/wp\/v2\/media\/32765"}],"wp:attachment":[{"href":"https:\/\/www.verilinebazar.com.br\/index.php\/wp-json\/wp\/v2\/media?parent=32763"}],"wp:term":[{"taxonomy":"pwb-brand","embeddable":true,"href":"https:\/\/www.verilinebazar.com.br\/index.php\/wp-json\/wp\/v2\/pwb-brand?post=32763"},{"taxonomy":"product_brand","embeddable":true,"href":"https:\/\/www.verilinebazar.com.br\/index.php\/wp-json\/wp\/v2\/product_brand?post=32763"},{"taxonomy":"product_cat","embeddable":true,"href":"https:\/\/www.verilinebazar.com.br\/index.php\/wp-json\/wp\/v2\/product_cat?post=32763"},{"taxonomy":"product_tag","embeddable":true,"href":"https:\/\/www.verilinebazar.com.br\/index.php\/wp-json\/wp\/v2\/product_tag?post=32763"}],"curies":[{"name":"wp","href":"https:\/\/api.w.org\/{rel}","templated":true}]}}