{"id":32815,"date":"2023-08-23T09:09:17","date_gmt":"2023-08-23T12:09:17","guid":{"rendered":"https:\/\/www.verilinebazar.com.br\/?post_type=product&#038;p=32815"},"modified":"2026-01-28T18:13:56","modified_gmt":"2026-01-28T21:13:56","slug":"kit-meu-primeiro-amigurumi-colecao-fazendinha-porquinho","status":"publish","type":"product","link":"https:\/\/www.verilinebazar.com.br\/index.php\/produto\/kit-meu-primeiro-amigurumi-colecao-fazendinha-porquinho\/","title":{"rendered":"Kit Meu Primeiro Amigurumi &#8211; Cole\u00e7\u00e3o Fazendinha Porquinho"},"content":{"rendered":"<div class=\"descricao\">\n<p>O Kit Meu Primeiro Amigurumi &#8211; Cole\u00e7\u00e3o Fazendinha Porquinho foi desenvolvido especialmente para quem ainda n\u00e3o sabe fazer amigurumi, mas se apaixonou pela t\u00e9cnica e quer aprender! Com receitas simples, s\u00e3o 5 personagens encantadores para celebrar a vida na fazenda com o amor e carinho das pe\u00e7as feitas \u00e0 m\u00e3o. Dif\u00edcil vai ser escolher um favorito! Cada embalagem vem com o material necess\u00e1rio para a confec\u00e7\u00e3o de uma pe\u00e7a completa<\/p>\n<\/div>\n<div class=\"dados_tecnicos\">\n<div class=\"produto-detalhe__conteudo\">\n<p>Este Kit Meu Primeiro Amigurumi &#8211; Cole\u00e7\u00e3o Fazendinha Porquinho cont\u00e9m:<\/p>\n<div class=\"produto-detalhe__conteudo\">\n<p>Novelos de Amigurumi;<\/p>\n<p>Meadas de Amigurumi;<\/p>\n<p>1 par de olhos de seguran\u00e7a;<\/p>\n<p>Agulha para croch\u00ea &#8211; 2,5 mm;<\/p>\n<p>Agulha de tape\u00e7aria n\u00ba 16;<\/p>\n<p>Fibra de enchimento \u2013 40 g;<\/p>\n<p>Marcador de ponto Cadeado.<\/p>\n<\/div>\n<\/div>\n<\/div>\n<p><span style=\"color: #0000ff;\">Foto do Produto Pronto<\/span><\/p>\n<p><img decoding=\"async\" class=\"alignnone wp-image-32804 size-medium lazyload\" data-src=\"https:\/\/www.verilinebazar.com.br\/wp-content\/uploads\/2023\/08\/Kit-Meu-Primeiro-Amigurumi-Colecao-Fazendinha-Porco-2-244x300.jpg\" alt=\"Kit Meu Primeiro Amigurumi - Cole\u00e7\u00e3o Fazendinha Porquinho\" width=\"244\" height=\"300\" data-srcset=\"https:\/\/www.verilinebazar.com.br\/wp-content\/uploads\/2023\/08\/Kit-Meu-Primeiro-Amigurumi-Colecao-Fazendinha-Porco-2-244x300.jpg?v=1692791232 244w, https:\/\/www.verilinebazar.com.br\/wp-content\/uploads\/2023\/08\/Kit-Meu-Primeiro-Amigurumi-Colecao-Fazendinha-Porco-2-64x79.jpg?v=1692791232 64w, https:\/\/www.verilinebazar.com.br\/wp-content\/uploads\/2023\/08\/Kit-Meu-Primeiro-Amigurumi-Colecao-Fazendinha-Porco-2.jpg?v=1692791232 700w\" data-sizes=\"(max-width: 244px) 100vw, 244px\" src=\"data:image\/svg+xml;base64,PHN2ZyB3aWR0aD0iMSIgaGVpZ2h0PSIxIiB4bWxucz0iaHR0cDovL3d3dy53My5vcmcvMjAwMC9zdmciPjwvc3ZnPg==\" style=\"--smush-placeholder-width: 244px; --smush-placeholder-aspect-ratio: 244\/300;\" \/> <img decoding=\"async\" class=\"alignnone wp-image-32803 size-medium lazyload\" data-src=\"https:\/\/www.verilinebazar.com.br\/wp-content\/uploads\/2023\/08\/Kit-Meu-Primeiro-Amigurumi-Colecao-Fazendinha-Porco-1-244x300.jpg\" alt=\"Kit Meu Primeiro Amigurumi - Cole\u00e7\u00e3o Fazendinha Porquinho\" width=\"244\" height=\"300\" data-srcset=\"https:\/\/www.verilinebazar.com.br\/wp-content\/uploads\/2023\/08\/Kit-Meu-Primeiro-Amigurumi-Colecao-Fazendinha-Porco-1-244x300.jpg?v=1692791225 244w, https:\/\/www.verilinebazar.com.br\/wp-content\/uploads\/2023\/08\/Kit-Meu-Primeiro-Amigurumi-Colecao-Fazendinha-Porco-1-64x79.jpg?v=1692791225 64w, https:\/\/www.verilinebazar.com.br\/wp-content\/uploads\/2023\/08\/Kit-Meu-Primeiro-Amigurumi-Colecao-Fazendinha-Porco-1.jpg?v=1692791225 700w\" data-sizes=\"(max-width: 244px) 100vw, 244px\" src=\"data:image\/svg+xml;base64,PHN2ZyB3aWR0aD0iMSIgaGVpZ2h0PSIxIiB4bWxucz0iaHR0cDovL3d3dy53My5vcmcvMjAwMC9zdmciPjwvc3ZnPg==\" style=\"--smush-placeholder-width: 244px; --smush-placeholder-aspect-ratio: 244\/300;\" \/><\/p>\n<p class=\"western\"><a href=\"https:\/\/www.verilinebazar.com.br\/index.php\/categoria-produto\/agulhas\/agulha-croche\/\">\u00a0\u00a0\u00a0\u00a0 <\/a><span style=\"color: #000080;\"> <img decoding=\"async\" class=\"alignnone lazyload\" data-src=\"https:\/\/www.verilinebazar.com.br\/wp-content\/uploads\/2020\/04\/Logo-C\u00edrculo.jpg\" alt=\"Linhas C\u00edrculo\" width=\"79\" height=\"53\" align=\"BOTTOM\" border=\"1\" src=\"data:image\/svg+xml;base64,PHN2ZyB3aWR0aD0iMSIgaGVpZ2h0PSIxIiB4bWxucz0iaHR0cDovL3d3dy53My5vcmcvMjAwMC9zdmciPjwvc3ZnPg==\" style=\"--smush-placeholder-width: 79px; --smush-placeholder-aspect-ratio: 79\/53;\" \/><\/span>\u00a0 \u00a0\u00a0 \u00a0 \u00a0 \u00a0 \u00a0 \u00a0\u00a0 <span style=\"color: #000080;\"> <a href=\"https:\/\/www.verilinebazar.com.br\/blog\/\" target=\"_blank\" rel=\"noopener\"><img decoding=\"async\" data-src=\"https:\/\/www.verilinebazar.com.br\/wp-content\/uploads\/2020\/04\/Logo-blog-1.jpg\" alt=\"Blog Veriline Bazar\" width=\"140\" height=\"41\" align=\"BOTTOM\" border=\"1\" src=\"data:image\/svg+xml;base64,PHN2ZyB3aWR0aD0iMSIgaGVpZ2h0PSIxIiB4bWxucz0iaHR0cDovL3d3dy53My5vcmcvMjAwMC9zdmciPjwvc3ZnPg==\" class=\"lazyload\" style=\"--smush-placeholder-width: 140px; --smush-placeholder-aspect-ratio: 140\/41;\" \/><\/a><\/span><\/p>\n<p class=\"western\"><span style=\"color: #0000ff;\">Mais Produtos da Marca \u00a0\u00a0\u00a0\u00a0\u00a0\u00a0\u00a0\u00a0\u00a0\u00a0 Visite nosso Blog!<\/span><\/p>\n<p><span style=\"color: #0000ff;\">Modo de Lavagem<\/span><\/p>\n<p><img decoding=\"async\" class=\"alignnone wp-image-5913 size-full lazyload\" data-src=\"https:\/\/www.verilinebazar.com.br\/wp-content\/uploads\/2020\/04\/Modo-de-lavagem-linha-circulo.jpg\" alt=\"Modo de lavagem Kit Meu Primeiro Amigurumi - Cole\u00e7\u00e3o Fazendinha Porquinho\" width=\"299\" height=\"61\" data-srcset=\"https:\/\/www.verilinebazar.com.br\/wp-content\/uploads\/2020\/04\/Modo-de-lavagem-linha-circulo.jpg 299w, https:\/\/www.verilinebazar.com.br\/wp-content\/uploads\/2020\/04\/Modo-de-lavagem-linha-circulo-64x13.jpg 64w, https:\/\/www.verilinebazar.com.br\/wp-content\/uploads\/2020\/04\/Modo-de-lavagem-linha-circulo-200x41.jpg 200w\" data-sizes=\"(max-width: 299px) 100vw, 299px\" src=\"data:image\/svg+xml;base64,PHN2ZyB3aWR0aD0iMSIgaGVpZ2h0PSIxIiB4bWxucz0iaHR0cDovL3d3dy53My5vcmcvMjAwMC9zdmciPjwvc3ZnPg==\" style=\"--smush-placeholder-width: 299px; --smush-placeholder-aspect-ratio: 299\/61;\" \/><\/p>\n<div class=\"everest-forms\"><div class=\"evf-container default\" id=\"evf-803\"><form id=\"evf-form-803\" class=\"everest-form\" data-formid=\"803\" data-ajax_submission=\"0\" data-keyboard_friendly_form=\"0\" data-form_state_type=\"\" method=\"post\" enctype=\"multipart\/form-data\" action=\"\/index.php\/wp-json\/wp\/v2\/product\/32815\"><div class=\"evf-field-container\"><input type=\"hidden\" id=\"_wpnonce803\" name=\"_wpnonce803\" value=\"a62b1d4861\" \/><input type=\"hidden\" name=\"_wp_http_referer\" value=\"\/index.php\/wp-json\/wp\/v2\/product\/32815\" \/><div class=\"evf-frontend-row\" data-row=\"row_1\" conditional_rules=\"[]\"><div class=\"evf-frontend-grid evf-grid-2\" data-grid=\"grid_1\"><div id=\"evf-803-field_saB3bOpLww-2-container\" class=\"evf-field evf-field-textarea form-row\" data-field-id=\"saB3bOpLww-2\"><label class=\"evf-field-label\" for=\"evf-803-field_saB3bOpLww-2\"><span class=\"evf-label\">Tem alguma d\u00favida sobre este produto?<\/span> <\/label><textarea id=\"evf-803-field_saB3bOpLww-2\" class=\"input-text\" name=\"everest_forms[form_fields][saB3bOpLww-2]\"  ><\/textarea><\/div><\/div><div class=\"evf-frontend-grid evf-grid-2\" data-grid=\"grid_2\"><div id=\"evf-803-field_5x9M4T3hmb-1-container\" class=\"evf-field evf-field-email form-row validate-required validate-email\" data-required-field-message=\"Please enter a valid email address.\" data-field-id=\"5x9M4T3hmb-1\"><label class=\"evf-field-label\" for=\"evf-803-field_5x9M4T3hmb-1\"><span class=\"evf-label\">Email<\/span> <abbr class=\"required\" title=\"Requeridos\">*<\/abbr><\/label><input type=\"email\" id=\"evf-803-field_5x9M4T3hmb-1\" class=\"input-text\" name=\"everest_forms[form_fields][5x9M4T3hmb-1]\" required ><\/div><\/div><\/div><\/div><div class=\"evf-honeypot-container evf-field-hp\"><label for=\"evf-803-field-hp\" class=\"evf-field-label\">Email<\/label><input type=\"text\" name=\"everest_forms[hp]\" id=\"evf-803-field-hp\" class=\"input-text\"><\/div><div class=\"evf-submit-container \" ><input type=\"hidden\" name=\"everest_forms[id]\" value=\"803\"><input type=\"hidden\" name=\"everest_forms[author]\" value=\"7\"><button type='submit' name='everest_forms[submit]' class='everest-forms-submit-button button evf-submit ' id='evf-submit-803' value='evf-submit' data-process-text=\"Preparando....\" conditional_rules='&quot;&quot;' conditional_id='evf-submit-803'  id=\"evf-submit-803\" aria-live=\"assertive\">Enviar<\/button><\/div><\/form><\/div><!-- .evf-container --><\/div>\n","protected":false},"excerpt":{"rendered":"<p><span style=\"color: #0000ff;\">\u00a0<\/span><\/p>\n<p><span style=\"color: #0000ff;\">Escolha a quantidade <\/span><\/p>\n<p class=\"western\"><span style=\"color: #0000ff;\">Clique em COMPRAR<\/span><\/p>\n","protected":false},"featured_media":32806,"template":"","meta":{"_uag_custom_page_level_css":"","site-sidebar-layout":"default","site-content-layout":"default","ast-site-content-layout":"default","site-content-style":"default","site-sidebar-style":"default","ast-global-header-display":"","ast-banner-title-visibility":"","ast-main-header-display":"","ast-hfb-above-header-display":"","ast-hfb-below-header-display":"","ast-hfb-mobile-header-display":"","site-post-title":"","ast-breadcrumbs-content":"","ast-featured-img":"","footer-sml-layout":"","ast-disable-related-posts":"","theme-transparent-header-meta":"default","adv-header-id-meta":"","stick-header-meta":"","header-above-stick-meta":"","header-main-stick-meta":"","header-below-stick-meta":"","astra-migrate-meta-layouts":"set","ast-page-background-enabled":"default","ast-page-background-meta":{"desktop":{"background-color":"","background-image":"","background-repeat":"repeat","background-position":"center center","background-size":"auto","background-attachment":"scroll","background-type":"","background-media":"","overlay-type":"","overlay-color":"","overlay-opacity":"","overlay-gradient":""},"tablet":{"background-color":"","background-image":"","background-repeat":"repeat","background-position":"center center","background-size":"auto","background-attachment":"scroll","background-type":"","background-media":"","overlay-type":"","overlay-color":"","overlay-opacity":"","overlay-gradient":""},"mobile":{"background-color":"","background-image":"","background-repeat":"repeat","background-position":"center center","background-size":"auto","background-attachment":"scroll","background-type":"","background-media":"","overlay-type":"","overlay-color":"","overlay-opacity":"","overlay-gradient":""}},"ast-content-background-meta":{"desktop":{"background-color":"var(--ast-global-color-5)","background-image":"","background-repeat":"repeat","background-position":"center center","background-size":"auto","background-attachment":"scroll","background-type":"","background-media":"","overlay-type":"","overlay-color":"","overlay-opacity":"","overlay-gradient":""},"tablet":{"background-color":"var(--ast-global-color-5)","background-image":"","background-repeat":"repeat","background-position":"center center","background-size":"auto","background-attachment":"scroll","background-type":"","background-media":"","overlay-type":"","overlay-color":"","overlay-opacity":"","overlay-gradient":""},"mobile":{"background-color":"var(--ast-global-color-5)","background-image":"","background-repeat":"repeat","background-position":"center center","background-size":"auto","background-attachment":"scroll","background-type":"","background-media":"","overlay-type":"","overlay-color":"","overlay-opacity":"","overlay-gradient":""}},"_mbp_gutenberg_autopost":false},"pwb-brand":[4582],"product_brand":[],"product_cat":[572,6417],"product_tag":[424],"class_list":{"0":"post-32815","1":"product","2":"type-product","3":"status-publish","4":"has-post-thumbnail","6":"pwb-brand-circulo","7":"product_cat-kit-amigurumi","8":"product_cat-kit-colecao-fazendinha","9":"product_tag-kit-amigurumi","10":"desktop-align-center","11":"tablet-align-left","12":"mobile-align-center","13":"ast-product-gallery-layout-horizontal-slider","14":"ast-product-tabs-layout-horizontal","15":"ast-qv-on-image","17":"first","18":"outofstock","19":"taxable","20":"shipping-taxable","21":"purchasable","22":"product-type-simple"},"uagb_featured_image_src":{"full":["https:\/\/www.verilinebazar.com.br\/wp-content\/uploads\/2023\/08\/Kit-Meu-Primeiro-Amigurumi-Colecao-Fazendinha-porco.png?v=1692791245",700,1050,false],"thumbnail":["https:\/\/www.verilinebazar.com.br\/wp-content\/uploads\/2023\/08\/Kit-Meu-Primeiro-Amigurumi-Colecao-Fazendinha-porco-150x150.png?v=1692791245",150,150,true],"medium":["https:\/\/www.verilinebazar.com.br\/wp-content\/uploads\/2023\/08\/Kit-Meu-Primeiro-Amigurumi-Colecao-Fazendinha-porco-200x300.png?v=1692791245",200,300,true],"medium_large":["https:\/\/www.verilinebazar.com.br\/wp-content\/uploads\/2023\/08\/Kit-Meu-Primeiro-Amigurumi-Colecao-Fazendinha-porco.png?v=1692791245",700,1050,false],"large":["https:\/\/www.verilinebazar.com.br\/wp-content\/uploads\/2023\/08\/Kit-Meu-Primeiro-Amigurumi-Colecao-Fazendinha-porco-683x1024.png?v=1692791245",683,1024,true],"ryviu-small":["https:\/\/www.verilinebazar.com.br\/wp-content\/uploads\/2023\/08\/Kit-Meu-Primeiro-Amigurumi-Colecao-Fazendinha-porco-40x40.png?v=1692791245",40,40,true],"ryviu-medium":["https:\/\/www.verilinebazar.com.br\/wp-content\/uploads\/2023\/08\/Kit-Meu-Primeiro-Amigurumi-Colecao-Fazendinha-porco-132x132.png?v=1692791245",132,132,true],"1536x1536":["https:\/\/www.verilinebazar.com.br\/wp-content\/uploads\/2023\/08\/Kit-Meu-Primeiro-Amigurumi-Colecao-Fazendinha-porco.png?v=1692791245",700,1050,false],"2048x2048":["https:\/\/www.verilinebazar.com.br\/wp-content\/uploads\/2023\/08\/Kit-Meu-Primeiro-Amigurumi-Colecao-Fazendinha-porco.png?v=1692791245",700,1050,false],"pgmb-post-image":["https:\/\/www.verilinebazar.com.br\/wp-content\/uploads\/2023\/08\/Kit-Meu-Primeiro-Amigurumi-Colecao-Fazendinha-porco-600x900.png?v=1692791245",445,667,true],"_nx_notification_thumb_100_100":["https:\/\/www.verilinebazar.com.br\/wp-content\/uploads\/2023\/08\/Kit-Meu-Primeiro-Amigurumi-Colecao-Fazendinha-porco.png?v=1692791245",67,100,false],"_nx_notification_thumb_200_200":["https:\/\/www.verilinebazar.com.br\/wp-content\/uploads\/2023\/08\/Kit-Meu-Primeiro-Amigurumi-Colecao-Fazendinha-porco.png?v=1692791245",133,200,false],"_nx_notification_thumb_300_300":["https:\/\/www.verilinebazar.com.br\/wp-content\/uploads\/2023\/08\/Kit-Meu-Primeiro-Amigurumi-Colecao-Fazendinha-porco.png?v=1692791245",200,300,false],"_nx_notification_thumb_400_400":["https:\/\/www.verilinebazar.com.br\/wp-content\/uploads\/2023\/08\/Kit-Meu-Primeiro-Amigurumi-Colecao-Fazendinha-porco.png?v=1692791245",267,400,false],"_nx_notification_thumb_500_500":["https:\/\/www.verilinebazar.com.br\/wp-content\/uploads\/2023\/08\/Kit-Meu-Primeiro-Amigurumi-Colecao-Fazendinha-porco.png?v=1692791245",333,500,false],"woocommerce_thumbnail":["https:\/\/www.verilinebazar.com.br\/wp-content\/uploads\/2023\/08\/Kit-Meu-Primeiro-Amigurumi-Colecao-Fazendinha-porco-200x200.png?v=1692791245",200,200,true],"woocommerce_single":["https:\/\/www.verilinebazar.com.br\/wp-content\/uploads\/2023\/08\/Kit-Meu-Primeiro-Amigurumi-Colecao-Fazendinha-porco.png?v=1692791245",700,1050,false],"woocommerce_gallery_thumbnail":["https:\/\/www.verilinebazar.com.br\/wp-content\/uploads\/2023\/08\/Kit-Meu-Primeiro-Amigurumi-Colecao-Fazendinha-porco-100x100.png?v=1692791245",100,100,true],"dgwt-wcas-product-suggestion":["https:\/\/www.verilinebazar.com.br\/wp-content\/uploads\/2023\/08\/Kit-Meu-Primeiro-Amigurumi-Colecao-Fazendinha-porco-64x96.png?v=1692791245",64,96,true],"yith-woocompare-image":["https:\/\/www.verilinebazar.com.br\/wp-content\/uploads\/2023\/08\/Kit-Meu-Primeiro-Amigurumi-Colecao-Fazendinha-porco.png?v=1692791245",103,154,false]},"uagb_author_info":{"display_name":"Flavio Strutzel","author_link":"https:\/\/www.verilinebazar.com.br\/index.php\/author\/"},"uagb_comment_info":0,"uagb_excerpt":"\u00a0 Escolha a quantidade Clique em COMPRAR","brands":[{"id":4582,"name":"Circulo","slug":"circulo"}],"post_mailing_queue_ids":[],"_links":{"self":[{"href":"https:\/\/www.verilinebazar.com.br\/index.php\/wp-json\/wp\/v2\/product\/32815","targetHints":{"allow":["GET"]}}],"collection":[{"href":"https:\/\/www.verilinebazar.com.br\/index.php\/wp-json\/wp\/v2\/product"}],"about":[{"href":"https:\/\/www.verilinebazar.com.br\/index.php\/wp-json\/wp\/v2\/types\/product"}],"wp:featuredmedia":[{"embeddable":true,"href":"https:\/\/www.verilinebazar.com.br\/index.php\/wp-json\/wp\/v2\/media\/32806"}],"wp:attachment":[{"href":"https:\/\/www.verilinebazar.com.br\/index.php\/wp-json\/wp\/v2\/media?parent=32815"}],"wp:term":[{"taxonomy":"pwb-brand","embeddable":true,"href":"https:\/\/www.verilinebazar.com.br\/index.php\/wp-json\/wp\/v2\/pwb-brand?post=32815"},{"taxonomy":"product_brand","embeddable":true,"href":"https:\/\/www.verilinebazar.com.br\/index.php\/wp-json\/wp\/v2\/product_brand?post=32815"},{"taxonomy":"product_cat","embeddable":true,"href":"https:\/\/www.verilinebazar.com.br\/index.php\/wp-json\/wp\/v2\/product_cat?post=32815"},{"taxonomy":"product_tag","embeddable":true,"href":"https:\/\/www.verilinebazar.com.br\/index.php\/wp-json\/wp\/v2\/product_tag?post=32815"}],"curies":[{"name":"wp","href":"https:\/\/api.w.org\/{rel}","templated":true}]}}