{"id":33197,"date":"2023-09-11T08:26:40","date_gmt":"2023-09-11T11:26:40","guid":{"rendered":"https:\/\/www.verilinebazar.com.br\/?post_type=product&#038;p=33197"},"modified":"2025-03-17T20:23:05","modified_gmt":"2025-03-17T23:23:05","slug":"kit-maxi-mouline-circulo-72-meadas","status":"publish","type":"product","link":"https:\/\/www.verilinebazar.com.br\/index.php\/produto\/kit-maxi-mouline-circulo-72-meadas\/","title":{"rendered":"Kit Maxi Mouline C\u00edrculo 72 Meadas"},"content":{"rendered":"<div class=\"descricao\">\n<div class=\"produto-detalhe__conteudo\">\n<p>Kit Maxi Mouline C\u00edrculo 72 Meadas. Os bordados conquistaram os amantes da moda e decora\u00e7\u00e3o, com os mais diversos tipos de pontos proporcionam resultados incr\u00edveis \u00e0s pe\u00e7as. O Kit de Maxi Mouline vem para atender est\u00e1 demanda crescente. Ideal para pessoas que procuram o mix de cores perfeitos, o Kit de Maxi Mouline conta com 72 meadas de cores diversas, contendo duas meadas pretas e duas brancas.<\/p>\n<\/div>\n<\/div>\n<div class=\"dados_tecnicos\">\n<div class=\"produto-detalhe__conteudo\">\n<div class=\"produto-detalhe__conteudo\">\n<div class=\"produto-detalhe__conteudo\"><\/div>\n<\/div>\n<\/div>\n<\/div>\n<p>&nbsp;<\/p>\n<p class=\"western\"><a href=\"https:\/\/www.verilinebazar.com.br\/index.php\/categoria-produto\/agulhas\/agulha-croche\/\">\u00a0\u00a0\u00a0\u00a0 <\/a><span style=\"color: #000080;\"> <img decoding=\"async\" class=\"alignnone lazyload\" data-src=\"https:\/\/www.verilinebazar.com.br\/wp-content\/uploads\/2020\/04\/Logo-C\u00edrculo.jpg\" alt=\"Kit Maxi Mouline C\u00edrculo 72 Meadas\" width=\"79\" height=\"53\" align=\"BOTTOM\" border=\"1\" src=\"data:image\/svg+xml;base64,PHN2ZyB3aWR0aD0iMSIgaGVpZ2h0PSIxIiB4bWxucz0iaHR0cDovL3d3dy53My5vcmcvMjAwMC9zdmciPjwvc3ZnPg==\" style=\"--smush-placeholder-width: 79px; --smush-placeholder-aspect-ratio: 79\/53;\" \/><\/span>\u00a0 \u00a0\u00a0 \u00a0 \u00a0 \u00a0 \u00a0 \u00a0\u00a0 <span style=\"color: #000080;\"> <a href=\"https:\/\/www.verilinebazar.com.br\/blog\/\" target=\"_blank\" rel=\"noopener\"><img decoding=\"async\" class=\"alignnone lazyload\" data-src=\"https:\/\/www.verilinebazar.com.br\/wp-content\/uploads\/2020\/04\/Logo-blog-1.jpg\" alt=\"Blog Veriline Bazar\" width=\"140\" height=\"41\" align=\"BOTTOM\" border=\"1\" src=\"data:image\/svg+xml;base64,PHN2ZyB3aWR0aD0iMSIgaGVpZ2h0PSIxIiB4bWxucz0iaHR0cDovL3d3dy53My5vcmcvMjAwMC9zdmciPjwvc3ZnPg==\" style=\"--smush-placeholder-width: 140px; --smush-placeholder-aspect-ratio: 140\/41;\" \/><\/a><\/span><\/p>\n<p class=\"western\"><span style=\"color: #0000ff;\">Mais Produtos da Marca \u00a0\u00a0\u00a0\u00a0\u00a0\u00a0\u00a0\u00a0\u00a0\u00a0 Visite nosso Blog!<\/span><\/p>\n<p><span style=\"color: #0000ff;\">Modo de Lavagem<\/span><\/p>\n<p><img decoding=\"async\" class=\"alignnone wp-image-19621 size-full lazyload\" data-src=\"https:\/\/www.verilinebazar.com.br\/wp-content\/uploads\/2020\/03\/Modo-de-lavagem-linha-circulo.jpg\" alt=\"Modo de Lavagem Kit Maxi Mouline C\u00edrculo 72 Meadas\" width=\"299\" height=\"61\" data-srcset=\"https:\/\/www.verilinebazar.com.br\/wp-content\/uploads\/2020\/03\/Modo-de-lavagem-linha-circulo.jpg 299w, https:\/\/www.verilinebazar.com.br\/wp-content\/uploads\/2020\/03\/Modo-de-lavagem-linha-circulo-64x13.jpg 64w, https:\/\/www.verilinebazar.com.br\/wp-content\/uploads\/2020\/03\/Modo-de-lavagem-linha-circulo-200x41.jpg 200w\" data-sizes=\"(max-width: 299px) 100vw, 299px\" src=\"data:image\/svg+xml;base64,PHN2ZyB3aWR0aD0iMSIgaGVpZ2h0PSIxIiB4bWxucz0iaHR0cDovL3d3dy53My5vcmcvMjAwMC9zdmciPjwvc3ZnPg==\" style=\"--smush-placeholder-width: 299px; --smush-placeholder-aspect-ratio: 299\/61;\" \/><\/p>\n<div class=\"everest-forms\"><div class=\"evf-container default\" id=\"evf-803\"><form id=\"evf-form-803\" class=\"everest-form\" data-formid=\"803\" data-ajax_submission=\"0\" data-keyboard_friendly_form=\"0\" data-form_state_type=\"\" method=\"post\" enctype=\"multipart\/form-data\" action=\"\/index.php\/wp-json\/wp\/v2\/product\/33197\"><div class=\"evf-field-container\"><input type=\"hidden\" id=\"_wpnonce803\" name=\"_wpnonce803\" value=\"a5fb31aa74\" \/><input type=\"hidden\" name=\"_wp_http_referer\" value=\"\/index.php\/wp-json\/wp\/v2\/product\/33197\" \/><div class=\"evf-frontend-row\" data-row=\"row_1\" conditional_rules=\"[]\"><div class=\"evf-frontend-grid evf-grid-2\" data-grid=\"grid_1\"><div id=\"evf-803-field_saB3bOpLww-2-container\" class=\"evf-field evf-field-textarea form-row\" data-field-id=\"saB3bOpLww-2\"><label class=\"evf-field-label\" for=\"evf-803-field_saB3bOpLww-2\"><span class=\"evf-label\">Tem alguma d\u00favida sobre este produto?<\/span> <\/label><textarea id=\"evf-803-field_saB3bOpLww-2\" class=\"input-text\" name=\"everest_forms[form_fields][saB3bOpLww-2]\"  ><\/textarea><\/div><\/div><div class=\"evf-frontend-grid evf-grid-2\" data-grid=\"grid_2\"><div id=\"evf-803-field_5x9M4T3hmb-1-container\" class=\"evf-field evf-field-email form-row validate-required validate-email\" data-required-field-message=\"Please enter a valid email address.\" data-field-id=\"5x9M4T3hmb-1\"><label class=\"evf-field-label\" for=\"evf-803-field_5x9M4T3hmb-1\"><span class=\"evf-label\">Email<\/span> <abbr class=\"required\" title=\"Requeridos\">*<\/abbr><\/label><input type=\"email\" id=\"evf-803-field_5x9M4T3hmb-1\" class=\"input-text\" name=\"everest_forms[form_fields][5x9M4T3hmb-1]\" required ><\/div><\/div><\/div><\/div><div class=\"evf-honeypot-container evf-field-hp\"><label for=\"evf-803-field-hp\" class=\"evf-field-label\">Phone<\/label><input type=\"text\" name=\"everest_forms[hp]\" id=\"evf-803-field-hp\" class=\"input-text\"><\/div><div class=\"evf-submit-container \" ><input type=\"hidden\" name=\"everest_forms[id]\" value=\"803\"><input type=\"hidden\" name=\"everest_forms[author]\" value=\"7\"><button type='submit' name='everest_forms[submit]' class='everest-forms-submit-button button evf-submit ' id='evf-submit-803' value='evf-submit' data-process-text=\"Preparando....\" conditional_rules='&quot;&quot;' conditional_id='evf-submit-803'  id=\"evf-submit-803\" aria-live=\"assertive\">Enviar<\/button><\/div><\/form><\/div><!-- .evf-container --><\/div>\n","protected":false},"excerpt":{"rendered":"<p><span style=\"color: #0000ff;\">\u00a0<\/span><\/p>\n<p><span style=\"color: #0000ff;\">Escolha a quantidade <\/span><\/p>\n<p class=\"western\"><span style=\"color: #0000ff;\">Clique em COMPRAR<\/span><\/p>\n","protected":false},"featured_media":33198,"template":"","meta":{"_uag_custom_page_level_css":"","site-sidebar-layout":"default","site-content-layout":"default","ast-site-content-layout":"default","site-content-style":"default","site-sidebar-style":"default","ast-global-header-display":"","ast-banner-title-visibility":"","ast-main-header-display":"","ast-hfb-above-header-display":"","ast-hfb-below-header-display":"","ast-hfb-mobile-header-display":"","site-post-title":"","ast-breadcrumbs-content":"","ast-featured-img":"","footer-sml-layout":"","ast-disable-related-posts":"","theme-transparent-header-meta":"default","adv-header-id-meta":"","stick-header-meta":"default","header-above-stick-meta":"","header-main-stick-meta":"","header-below-stick-meta":"","astra-migrate-meta-layouts":"set","ast-page-background-enabled":"default","ast-page-background-meta":{"desktop":{"background-color":"","background-image":"","background-repeat":"repeat","background-position":"center center","background-size":"auto","background-attachment":"scroll","background-type":"","background-media":"","overlay-type":"","overlay-color":"","overlay-opacity":"","overlay-gradient":""},"tablet":{"background-color":"","background-image":"","background-repeat":"repeat","background-position":"center center","background-size":"auto","background-attachment":"scroll","background-type":"","background-media":"","overlay-type":"","overlay-color":"","overlay-opacity":"","overlay-gradient":""},"mobile":{"background-color":"","background-image":"","background-repeat":"repeat","background-position":"center center","background-size":"auto","background-attachment":"scroll","background-type":"","background-media":"","overlay-type":"","overlay-color":"","overlay-opacity":"","overlay-gradient":""}},"ast-content-background-meta":{"desktop":{"background-color":"var(--ast-global-color-5)","background-image":"","background-repeat":"repeat","background-position":"center center","background-size":"auto","background-attachment":"scroll","background-type":"","background-media":"","overlay-type":"","overlay-color":"","overlay-opacity":"","overlay-gradient":""},"tablet":{"background-color":"var(--ast-global-color-5)","background-image":"","background-repeat":"repeat","background-position":"center center","background-size":"auto","background-attachment":"scroll","background-type":"","background-media":"","overlay-type":"","overlay-color":"","overlay-opacity":"","overlay-gradient":""},"mobile":{"background-color":"var(--ast-global-color-5)","background-image":"","background-repeat":"repeat","background-position":"center center","background-size":"auto","background-attachment":"scroll","background-type":"","background-media":"","overlay-type":"","overlay-color":"","overlay-opacity":"","overlay-gradient":""}},"_mbp_gutenberg_autopost":false},"pwb-brand":[4582],"product_brand":[],"product_cat":[60],"product_tag":[424],"class_list":{"0":"post-33197","1":"product","2":"type-product","3":"status-publish","4":"has-post-thumbnail","6":"pwb-brand-circulo","7":"product_cat-fios-para-bordado","8":"product_tag-kit-amigurumi","9":"desktop-align-center","10":"tablet-align-left","11":"mobile-align-center","12":"ast-product-gallery-layout-horizontal-slider","13":"ast-product-gallery-with-no-image","14":"ast-product-tabs-layout-horizontal","15":"ast-qv-on-image","17":"first","18":"outofstock","19":"taxable","20":"shipping-taxable","21":"purchasable","22":"product-type-simple"},"uagb_featured_image_src":{"full":["https:\/\/www.verilinebazar.com.br\/wp-content\/uploads\/2023\/09\/62a38ba23827711340362a38ba23827d1.png?v=1694431978",200,232,false],"thumbnail":["https:\/\/www.verilinebazar.com.br\/wp-content\/uploads\/2023\/09\/62a38ba23827711340362a38ba23827d1-150x150.png?v=1694431978",150,150,true],"medium":["https:\/\/www.verilinebazar.com.br\/wp-content\/uploads\/2023\/09\/62a38ba23827711340362a38ba23827d1.png?v=1694431978",200,232,false],"medium_large":["https:\/\/www.verilinebazar.com.br\/wp-content\/uploads\/2023\/09\/62a38ba23827711340362a38ba23827d1.png?v=1694431978",200,232,false],"large":["https:\/\/www.verilinebazar.com.br\/wp-content\/uploads\/2023\/09\/62a38ba23827711340362a38ba23827d1.png?v=1694431978",200,232,false],"ryviu-small":["https:\/\/www.verilinebazar.com.br\/wp-content\/uploads\/2023\/09\/62a38ba23827711340362a38ba23827d1-40x40.png?v=1694431978",40,40,true],"ryviu-medium":["https:\/\/www.verilinebazar.com.br\/wp-content\/uploads\/2023\/09\/62a38ba23827711340362a38ba23827d1-132x132.png?v=1694431978",132,132,true],"1536x1536":["https:\/\/www.verilinebazar.com.br\/wp-content\/uploads\/2023\/09\/62a38ba23827711340362a38ba23827d1.png?v=1694431978",200,232,false],"2048x2048":["https:\/\/www.verilinebazar.com.br\/wp-content\/uploads\/2023\/09\/62a38ba23827711340362a38ba23827d1.png?v=1694431978",200,232,false],"pgmb-post-image":["https:\/\/www.verilinebazar.com.br\/wp-content\/uploads\/2023\/09\/62a38ba23827711340362a38ba23827d1.png?v=1694431978",200,232,false],"_nx_notification_thumb_100_100":["https:\/\/www.verilinebazar.com.br\/wp-content\/uploads\/2023\/09\/62a38ba23827711340362a38ba23827d1.png?v=1694431978",86,100,false],"_nx_notification_thumb_200_200":["https:\/\/www.verilinebazar.com.br\/wp-content\/uploads\/2023\/09\/62a38ba23827711340362a38ba23827d1.png?v=1694431978",172,200,false],"_nx_notification_thumb_300_300":["https:\/\/www.verilinebazar.com.br\/wp-content\/uploads\/2023\/09\/62a38ba23827711340362a38ba23827d1.png?v=1694431978",200,232,false],"_nx_notification_thumb_400_400":["https:\/\/www.verilinebazar.com.br\/wp-content\/uploads\/2023\/09\/62a38ba23827711340362a38ba23827d1.png?v=1694431978",200,232,false],"_nx_notification_thumb_500_500":["https:\/\/www.verilinebazar.com.br\/wp-content\/uploads\/2023\/09\/62a38ba23827711340362a38ba23827d1.png?v=1694431978",200,232,false],"woocommerce_thumbnail":["https:\/\/www.verilinebazar.com.br\/wp-content\/uploads\/2023\/09\/62a38ba23827711340362a38ba23827d1-200x200.png?v=1694431978",200,200,true],"woocommerce_single":["https:\/\/www.verilinebazar.com.br\/wp-content\/uploads\/2023\/09\/62a38ba23827711340362a38ba23827d1.png?v=1694431978",200,232,false],"woocommerce_gallery_thumbnail":["https:\/\/www.verilinebazar.com.br\/wp-content\/uploads\/2023\/09\/62a38ba23827711340362a38ba23827d1-100x100.png?v=1694431978",100,100,true],"dgwt-wcas-product-suggestion":["https:\/\/www.verilinebazar.com.br\/wp-content\/uploads\/2023\/09\/62a38ba23827711340362a38ba23827d1-64x74.png?v=1694431978",64,74,true],"yith-woocompare-image":["https:\/\/www.verilinebazar.com.br\/wp-content\/uploads\/2023\/09\/62a38ba23827711340362a38ba23827d1.png?v=1694431978",133,154,false]},"uagb_author_info":{"display_name":"Flavio Strutzel","author_link":"https:\/\/www.verilinebazar.com.br\/index.php\/author\/"},"uagb_comment_info":0,"uagb_excerpt":"\u00a0 Escolha a quantidade Clique em COMPRAR","brands":[{"id":4582,"name":"Circulo","slug":"circulo"}],"post_mailing_queue_ids":[],"_links":{"self":[{"href":"https:\/\/www.verilinebazar.com.br\/index.php\/wp-json\/wp\/v2\/product\/33197","targetHints":{"allow":["GET"]}}],"collection":[{"href":"https:\/\/www.verilinebazar.com.br\/index.php\/wp-json\/wp\/v2\/product"}],"about":[{"href":"https:\/\/www.verilinebazar.com.br\/index.php\/wp-json\/wp\/v2\/types\/product"}],"wp:featuredmedia":[{"embeddable":true,"href":"https:\/\/www.verilinebazar.com.br\/index.php\/wp-json\/wp\/v2\/media\/33198"}],"wp:attachment":[{"href":"https:\/\/www.verilinebazar.com.br\/index.php\/wp-json\/wp\/v2\/media?parent=33197"}],"wp:term":[{"taxonomy":"pwb-brand","embeddable":true,"href":"https:\/\/www.verilinebazar.com.br\/index.php\/wp-json\/wp\/v2\/pwb-brand?post=33197"},{"taxonomy":"product_brand","embeddable":true,"href":"https:\/\/www.verilinebazar.com.br\/index.php\/wp-json\/wp\/v2\/product_brand?post=33197"},{"taxonomy":"product_cat","embeddable":true,"href":"https:\/\/www.verilinebazar.com.br\/index.php\/wp-json\/wp\/v2\/product_cat?post=33197"},{"taxonomy":"product_tag","embeddable":true,"href":"https:\/\/www.verilinebazar.com.br\/index.php\/wp-json\/wp\/v2\/product_tag?post=33197"}],"curies":[{"name":"wp","href":"https:\/\/api.w.org\/{rel}","templated":true}]}}