{"id":3801,"date":"2020-03-25T14:41:19","date_gmt":"2020-03-25T17:41:19","guid":{"rendered":"https:\/\/www.verilinebazar.com.br\/?post_type=product&#038;p=3801"},"modified":"2026-04-09T09:28:52","modified_gmt":"2026-04-09T12:28:52","slug":"linha-amigurumi-circulo","status":"publish","type":"product","link":"https:\/\/www.verilinebazar.com.br\/index.php\/produto\/linha-amigurumi-circulo\/","title":{"rendered":"Linha Amigurumi Circulo 125g"},"content":{"rendered":"<p>Linha Amigurumi Circulo 125g<\/p>\n<p>O Linha Amigurumi Circulo 125g \u00e9 ideal para a t\u00e9cnica de crochetar ou tricotar pequenos bonecos tridimensionais. Com uma cartela completa de cores, voc\u00ea pode usar a sua criatividade e criar divertidos bichinhos, personagens infantis e bonecos. O fio \u00e9 composto por 100% algod\u00e3o mercerizado, contendo espessura m\u00e9dia e\u00a0 rendimento com delicadeza.<\/p>\n<p>&nbsp;<\/p>\n<p><span style=\"color: #0000ff;\">Foto do Produto Pronto<\/span><\/p>\n<p><img decoding=\"async\" class=\"alignnone wp-image-3804 lazyload\" data-src=\"https:\/\/www.verilinebazar.com.br\/wp-content\/uploads\/2020\/03\/Amigurumi-2-200x300.jpg\" alt=\"Produto Pronto Linha Amigurumi Circulo 125g\" width=\"284\" height=\"427\" data-srcset=\"https:\/\/www.verilinebazar.com.br\/wp-content\/uploads\/2020\/03\/Amigurumi-2-200x300.jpg 200w, https:\/\/www.verilinebazar.com.br\/wp-content\/uploads\/2020\/03\/Amigurumi-2-scaled-1200x1804.jpg 1200w, https:\/\/www.verilinebazar.com.br\/wp-content\/uploads\/2020\/03\/Amigurumi-2-scaled-64x96.jpg 64w, https:\/\/www.verilinebazar.com.br\/wp-content\/uploads\/2020\/03\/Amigurumi-2-681x1024.jpg 681w, https:\/\/www.verilinebazar.com.br\/wp-content\/uploads\/2020\/03\/Amigurumi-2-768x1154.jpg 768w, https:\/\/www.verilinebazar.com.br\/wp-content\/uploads\/2020\/03\/Amigurumi-2-1022x1536.jpg 1022w, https:\/\/www.verilinebazar.com.br\/wp-content\/uploads\/2020\/03\/Amigurumi-2-1363x2048.jpg 1363w, https:\/\/www.verilinebazar.com.br\/wp-content\/uploads\/2020\/03\/Amigurumi-2-scaled-600x902.jpg 600w, https:\/\/www.verilinebazar.com.br\/wp-content\/uploads\/2020\/03\/Amigurumi-2-scaled.jpg 1703w\" data-sizes=\"(max-width: 284px) 100vw, 284px\" src=\"data:image\/svg+xml;base64,PHN2ZyB3aWR0aD0iMSIgaGVpZ2h0PSIxIiB4bWxucz0iaHR0cDovL3d3dy53My5vcmcvMjAwMC9zdmciPjwvc3ZnPg==\" style=\"--smush-placeholder-width: 284px; --smush-placeholder-aspect-ratio: 284\/427;\" \/><\/p>\n<p>&nbsp;<\/p>\n<p class=\"western\"><a href=\"https:\/\/www.verilinebazar.com.br\/index.php\/categoria-produto\/agulhas\/agulha-croche\/\">\u00a0\u00a0\u00a0\u00a0 <\/a> <span style=\"color: #000080;\"><img decoding=\"async\" class=\"alignnone lazyload\" data-src=\"https:\/\/www.verilinebazar.com.br\/wp-content\/uploads\/2020\/04\/Logo-C\u00edrculo.jpg\" alt=\"Linha Amigurumi Circulo 125g\" width=\"79\" height=\"53\" align=\"BOTTOM\" border=\"1\" src=\"data:image\/svg+xml;base64,PHN2ZyB3aWR0aD0iMSIgaGVpZ2h0PSIxIiB4bWxucz0iaHR0cDovL3d3dy53My5vcmcvMjAwMC9zdmciPjwvc3ZnPg==\" style=\"--smush-placeholder-width: 79px; --smush-placeholder-aspect-ratio: 79\/53;\" \/><\/span>\u00a0 \u00a0\u00a0 \u00a0 \u00a0 \u00a0 \u00a0 \u00a0 \u00a0 \u00a0\u00a0 <a href=\"https:\/\/www.verilinebazar.com.br\/blog\/\" target=\"_blank\" rel=\"noopener\"><span style=\"color: #000080;\"><img decoding=\"async\" class=\"alignnone lazyload\" data-src=\"https:\/\/www.verilinebazar.com.br\/wp-content\/uploads\/2020\/04\/Logo-blog-1.jpg\" alt=\"Blog Veriline Bazar\" width=\"140\" height=\"41\" align=\"BOTTOM\" border=\"1\" src=\"data:image\/svg+xml;base64,PHN2ZyB3aWR0aD0iMSIgaGVpZ2h0PSIxIiB4bWxucz0iaHR0cDovL3d3dy53My5vcmcvMjAwMC9zdmciPjwvc3ZnPg==\" style=\"--smush-placeholder-width: 140px; --smush-placeholder-aspect-ratio: 140\/41;\" \/><\/span><\/a><\/p>\n<p class=\"western\"><span style=\"color: #0000ff;\">Mais Produtos da Marca \u00a0\u00a0\u00a0\u00a0\u00a0\u00a0\u00a0\u00a0\u00a0\u00a0 Visite nosso Blog!<\/span><\/p>\n<p><span style=\"color: #0000ff;\">Modo de Lavagem<\/span><\/p>\n<p><img decoding=\"async\" class=\"alignnone wp-image-5913 size-full lazyload\" data-src=\"https:\/\/www.verilinebazar.com.br\/wp-content\/uploads\/2020\/04\/Modo-de-lavagem-linha-circulo.jpg\" alt=\"Modo de lavagem Linha Amigurumi Circulo\" width=\"299\" height=\"61\" data-srcset=\"https:\/\/www.verilinebazar.com.br\/wp-content\/uploads\/2020\/04\/Modo-de-lavagem-linha-circulo.jpg 299w, https:\/\/www.verilinebazar.com.br\/wp-content\/uploads\/2020\/04\/Modo-de-lavagem-linha-circulo-64x13.jpg 64w, https:\/\/www.verilinebazar.com.br\/wp-content\/uploads\/2020\/04\/Modo-de-lavagem-linha-circulo-200x41.jpg 200w\" data-sizes=\"(max-width: 299px) 100vw, 299px\" src=\"data:image\/svg+xml;base64,PHN2ZyB3aWR0aD0iMSIgaGVpZ2h0PSIxIiB4bWxucz0iaHR0cDovL3d3dy53My5vcmcvMjAwMC9zdmciPjwvc3ZnPg==\" style=\"--smush-placeholder-width: 299px; --smush-placeholder-aspect-ratio: 299\/61;\" \/><\/p>\n<div class=\"everest-forms\"><div class=\"evf-container default\" id=\"evf-803\"><form id=\"evf-form-803\" class=\"everest-form\" data-formid=\"803\" data-ajax_submission=\"0\" data-keyboard_friendly_form=\"0\" data-form_state_type=\"\" method=\"post\" enctype=\"multipart\/form-data\" action=\"\/index.php\/wp-json\/wp\/v2\/product\/3801\"><div class=\"evf-field-container\"><input type=\"hidden\" id=\"_wpnonce803\" name=\"_wpnonce803\" value=\"a5fb31aa74\" \/><input type=\"hidden\" name=\"_wp_http_referer\" value=\"\/index.php\/wp-json\/wp\/v2\/product\/3801\" \/><div class=\"evf-frontend-row\" data-row=\"row_1\" conditional_rules=\"[]\"><div class=\"evf-frontend-grid evf-grid-2\" data-grid=\"grid_1\"><div id=\"evf-803-field_saB3bOpLww-2-container\" class=\"evf-field evf-field-textarea form-row\" data-field-id=\"saB3bOpLww-2\"><label class=\"evf-field-label\" for=\"evf-803-field_saB3bOpLww-2\"><span class=\"evf-label\">Tem alguma d\u00favida sobre este produto?<\/span> <\/label><textarea id=\"evf-803-field_saB3bOpLww-2\" class=\"input-text\" name=\"everest_forms[form_fields][saB3bOpLww-2]\"  ><\/textarea><\/div><\/div><div class=\"evf-frontend-grid evf-grid-2\" data-grid=\"grid_2\"><div id=\"evf-803-field_5x9M4T3hmb-1-container\" class=\"evf-field evf-field-email form-row validate-required validate-email\" data-required-field-message=\"Please enter a valid email address.\" data-field-id=\"5x9M4T3hmb-1\"><label class=\"evf-field-label\" for=\"evf-803-field_5x9M4T3hmb-1\"><span class=\"evf-label\">Email<\/span> <abbr class=\"required\" title=\"Requeridos\">*<\/abbr><\/label><input type=\"email\" id=\"evf-803-field_5x9M4T3hmb-1\" class=\"input-text\" name=\"everest_forms[form_fields][5x9M4T3hmb-1]\" required ><\/div><\/div><\/div><\/div><div class=\"evf-honeypot-container evf-field-hp\"><label for=\"evf-803-field-hp\" class=\"evf-field-label\">Email<\/label><input type=\"text\" name=\"everest_forms[hp]\" id=\"evf-803-field-hp\" class=\"input-text\"><\/div><div class=\"evf-submit-container \" ><input type=\"hidden\" name=\"everest_forms[id]\" value=\"803\"><input type=\"hidden\" name=\"everest_forms[author]\" value=\"1\"><button type='submit' name='everest_forms[submit]' class='everest-forms-submit-button button evf-submit ' id='evf-submit-803' value='evf-submit' data-process-text=\"Preparando....\" conditional_rules='&quot;&quot;' conditional_id='evf-submit-803'  id=\"evf-submit-803\" aria-live=\"assertive\">Enviar<\/button><\/div><\/form><\/div><!-- .evf-container --><\/div>\n","protected":false},"excerpt":{"rendered":"<p class=\"western\"><span style=\"color: #0000ff;\">Escolha a quantidade de cada cor<\/span><\/p>\n<p class=\"western\"><span style=\"color: #0000ff;\">Clique em ADICIONAR AO CARRINHO<\/span><\/p>\n<h6>\u00a0 \u00a0 \u00a0 \u00a0 \u00a0 \u00a0 Foto do Fio<\/h6>\n<p><img decoding=\"async\" class=\"alignnone wp-image-23878 lazyload\" data-src=\"https:\/\/www.verilinebazar.com.br\/wp-content\/uploads\/2020\/03\/9278_Amigurumi-e1633034661447.png\" alt=\"\" width=\"232\" height=\"159\" data-srcset=\"https:\/\/www.verilinebazar.com.br\/wp-content\/uploads\/2020\/03\/9278_Amigurumi-e1633034661447.png 182w, https:\/\/www.verilinebazar.com.br\/wp-content\/uploads\/2020\/03\/9278_Amigurumi-e1633034661447-64x44.png 64w, https:\/\/www.verilinebazar.com.br\/wp-content\/uploads\/2020\/03\/9278_Amigurumi-e1633034661447-160x110.png 160w\" data-sizes=\"(max-width: 232px) 100vw, 232px\" src=\"data:image\/svg+xml;base64,PHN2ZyB3aWR0aD0iMSIgaGVpZ2h0PSIxIiB4bWxucz0iaHR0cDovL3d3dy53My5vcmcvMjAwMC9zdmciPjwvc3ZnPg==\" style=\"--smush-placeholder-width: 232px; --smush-placeholder-aspect-ratio: 232\/159;\" \/><\/p>\n<p>&nbsp;<\/p>\n","protected":false},"featured_media":3802,"template":"","meta":{"_uag_custom_page_level_css":"","site-sidebar-layout":"default","site-content-layout":"default","ast-site-content-layout":"default","site-content-style":"default","site-sidebar-style":"default","ast-global-header-display":"","ast-banner-title-visibility":"","ast-main-header-display":"","ast-hfb-above-header-display":"","ast-hfb-below-header-display":"","ast-hfb-mobile-header-display":"","site-post-title":"","ast-breadcrumbs-content":"","ast-featured-img":"","footer-sml-layout":"","ast-disable-related-posts":"","theme-transparent-header-meta":"default","adv-header-id-meta":"","stick-header-meta":"default","header-above-stick-meta":"","header-main-stick-meta":"","header-below-stick-meta":"","astra-migrate-meta-layouts":"set","ast-page-background-enabled":"default","ast-page-background-meta":{"desktop":{"background-color":"","background-image":"","background-repeat":"repeat","background-position":"center center","background-size":"auto","background-attachment":"scroll","background-type":"","background-media":"","overlay-type":"","overlay-color":"","overlay-opacity":"","overlay-gradient":""},"tablet":{"background-color":"","background-image":"","background-repeat":"repeat","background-position":"center center","background-size":"auto","background-attachment":"scroll","background-type":"","background-media":"","overlay-type":"","overlay-color":"","overlay-opacity":"","overlay-gradient":""},"mobile":{"background-color":"","background-image":"","background-repeat":"repeat","background-position":"center center","background-size":"auto","background-attachment":"scroll","background-type":"","background-media":"","overlay-type":"","overlay-color":"","overlay-opacity":"","overlay-gradient":""}},"ast-content-background-meta":{"desktop":{"background-color":"var(--ast-global-color-5)","background-image":"","background-repeat":"repeat","background-position":"center center","background-size":"auto","background-attachment":"scroll","background-type":"","background-media":"","overlay-type":"","overlay-color":"","overlay-opacity":"","overlay-gradient":""},"tablet":{"background-color":"var(--ast-global-color-5)","background-image":"","background-repeat":"repeat","background-position":"center center","background-size":"auto","background-attachment":"scroll","background-type":"","background-media":"","overlay-type":"","overlay-color":"","overlay-opacity":"","overlay-gradient":""},"mobile":{"background-color":"var(--ast-global-color-5)","background-image":"","background-repeat":"repeat","background-position":"center center","background-size":"auto","background-attachment":"scroll","background-type":"","background-media":"","overlay-type":"","overlay-color":"","overlay-opacity":"","overlay-gradient":""}},"_mbp_gutenberg_autopost":false},"pwb-brand":[4582],"product_brand":[],"product_cat":[2644,32],"product_tag":[73],"class_list":{"0":"post-3801","1":"product","2":"type-product","3":"status-publish","4":"has-post-thumbnail","6":"pwb-brand-circulo","7":"product_cat-circulo-fios-de-verao","8":"product_cat-fios-de-verao","9":"product_tag-amigurumi","10":"desktop-align-center","11":"tablet-align-left","12":"mobile-align-center","13":"ast-product-gallery-layout-horizontal-slider","14":"ast-product-gallery-with-no-image","15":"ast-product-single-variable","16":"ast-product-tabs-layout-horizontal","17":"ast-qv-on-image","19":"first","20":"instock","21":"featured","22":"taxable","23":"shipping-taxable","24":"purchasable","25":"product-type-variable"},"uagb_featured_image_src":{"full":["https:\/\/www.verilinebazar.com.br\/wp-content\/uploads\/2020\/03\/Amigurumi-1112-300x300-1.png?v=1692630879",300,300,false],"thumbnail":["https:\/\/www.verilinebazar.com.br\/wp-content\/uploads\/2020\/03\/Amigurumi-1112-300x300-1-150x150.png?v=1692630879",150,150,true],"medium":["https:\/\/www.verilinebazar.com.br\/wp-content\/uploads\/2020\/03\/Amigurumi-1112-300x300-1.png?v=1692630879",300,300,false],"medium_large":["https:\/\/www.verilinebazar.com.br\/wp-content\/uploads\/2020\/03\/Amigurumi-1112-300x300-1.png?v=1692630879",300,300,false],"large":["https:\/\/www.verilinebazar.com.br\/wp-content\/uploads\/2020\/03\/Amigurumi-1112-300x300-1.png?v=1692630879",300,300,false],"ryviu-small":["https:\/\/www.verilinebazar.com.br\/wp-content\/uploads\/2020\/03\/Amigurumi-1112-300x300-1-40x40.png?v=1692630879",40,40,true],"ryviu-medium":["https:\/\/www.verilinebazar.com.br\/wp-content\/uploads\/2020\/03\/Amigurumi-1112-300x300-1-132x132.png?v=1692630879",132,132,true],"1536x1536":["https:\/\/www.verilinebazar.com.br\/wp-content\/uploads\/2020\/03\/Amigurumi-1112-300x300-1.png?v=1692630879",300,300,false],"2048x2048":["https:\/\/www.verilinebazar.com.br\/wp-content\/uploads\/2020\/03\/Amigurumi-1112-300x300-1.png?v=1692630879",300,300,false],"pgmb-post-image":["https:\/\/www.verilinebazar.com.br\/wp-content\/uploads\/2020\/03\/Amigurumi-1112-300x300-1.png?v=1692630879",300,300,false],"_nx_notification_thumb_100_100":["https:\/\/www.verilinebazar.com.br\/wp-content\/uploads\/2020\/03\/Amigurumi-1112-300x300-1.png?v=1692630879",100,100,false],"_nx_notification_thumb_200_200":["https:\/\/www.verilinebazar.com.br\/wp-content\/uploads\/2020\/03\/Amigurumi-1112-300x300-1.png?v=1692630879",200,200,false],"_nx_notification_thumb_300_300":["https:\/\/www.verilinebazar.com.br\/wp-content\/uploads\/2020\/03\/Amigurumi-1112-300x300-1.png?v=1692630879",300,300,false],"_nx_notification_thumb_400_400":["https:\/\/www.verilinebazar.com.br\/wp-content\/uploads\/2020\/03\/Amigurumi-1112-300x300-1.png?v=1692630879",300,300,false],"_nx_notification_thumb_500_500":["https:\/\/www.verilinebazar.com.br\/wp-content\/uploads\/2020\/03\/Amigurumi-1112-300x300-1.png?v=1692630879",300,300,false],"woocommerce_thumbnail":["https:\/\/www.verilinebazar.com.br\/wp-content\/uploads\/2020\/03\/Amigurumi-1112-300x300-1-200x200.png?v=1692630879",200,200,true],"woocommerce_single":["https:\/\/www.verilinebazar.com.br\/wp-content\/uploads\/2020\/03\/Amigurumi-1112-300x300-1.png?v=1692630879",300,300,false],"woocommerce_gallery_thumbnail":["https:\/\/www.verilinebazar.com.br\/wp-content\/uploads\/2020\/03\/Amigurumi-1112-300x300-1-100x100.png?v=1692630879",100,100,true],"dgwt-wcas-product-suggestion":["https:\/\/www.verilinebazar.com.br\/wp-content\/uploads\/2020\/03\/Amigurumi-1112-300x300-1-64x64.png?v=1692630879",64,64,true],"yith-woocompare-image":["https:\/\/www.verilinebazar.com.br\/wp-content\/uploads\/2020\/03\/Amigurumi-1112-300x300-1.png?v=1692630879",154,154,false]},"uagb_author_info":{"display_name":"admin","author_link":"https:\/\/www.verilinebazar.com.br\/index.php\/author\/"},"uagb_comment_info":0,"uagb_excerpt":"Escolha a quantidade de cada cor Clique em ADICIONAR AO CARRINHO \u00a0 \u00a0 \u00a0 \u00a0 \u00a0 \u00a0 Foto do Fio &nbsp;","brands":[{"id":4582,"name":"Circulo","slug":"circulo"}],"post_mailing_queue_ids":[],"_links":{"self":[{"href":"https:\/\/www.verilinebazar.com.br\/index.php\/wp-json\/wp\/v2\/product\/3801","targetHints":{"allow":["GET"]}}],"collection":[{"href":"https:\/\/www.verilinebazar.com.br\/index.php\/wp-json\/wp\/v2\/product"}],"about":[{"href":"https:\/\/www.verilinebazar.com.br\/index.php\/wp-json\/wp\/v2\/types\/product"}],"wp:featuredmedia":[{"embeddable":true,"href":"https:\/\/www.verilinebazar.com.br\/index.php\/wp-json\/wp\/v2\/media\/3802"}],"wp:attachment":[{"href":"https:\/\/www.verilinebazar.com.br\/index.php\/wp-json\/wp\/v2\/media?parent=3801"}],"wp:term":[{"taxonomy":"pwb-brand","embeddable":true,"href":"https:\/\/www.verilinebazar.com.br\/index.php\/wp-json\/wp\/v2\/pwb-brand?post=3801"},{"taxonomy":"product_brand","embeddable":true,"href":"https:\/\/www.verilinebazar.com.br\/index.php\/wp-json\/wp\/v2\/product_brand?post=3801"},{"taxonomy":"product_cat","embeddable":true,"href":"https:\/\/www.verilinebazar.com.br\/index.php\/wp-json\/wp\/v2\/product_cat?post=3801"},{"taxonomy":"product_tag","embeddable":true,"href":"https:\/\/www.verilinebazar.com.br\/index.php\/wp-json\/wp\/v2\/product_tag?post=3801"}],"curies":[{"name":"wp","href":"https:\/\/api.w.org\/{rel}","templated":true}]}}