{"id":447,"date":"2020-02-07T13:11:15","date_gmt":"2020-02-07T16:11:15","guid":{"rendered":"https:\/\/www.verilinebazar.com.br\/?post_type=product&#038;p=447"},"modified":"2026-03-18T12:48:56","modified_gmt":"2026-03-18T15:48:56","slug":"linha-princesa-moda-incomfio-500m","status":"publish","type":"product","link":"https:\/\/www.verilinebazar.com.br\/index.php\/produto\/linha-princesa-moda-incomfio-500m\/","title":{"rendered":"Linha Princesa Moda Incomfio 500m"},"content":{"rendered":"<p>Linha Princesa Moda Incomfio 500m<\/p>\n<p>Linha Princesa Moda Incomfio 500m. Ideal para trabalhos manuais em Croch\u00ea e Tric\u00f4, fio 100%, Polipropileno, com toque macio e acetinado, \u00e9 muito indicado para pe\u00e7as de vestu\u00e1rio tais como blusas, regatinhas, tops e sa\u00edda de praia.<\/p>\n<p><span style=\"color: #0000ff;\">Foto do Produto Pronto<\/span><\/p>\n<p><a href=\"https:\/\/www.verilinebazar.com.br\/blog\/2020\/04\/13\/receita-blusa-verde-princesa-moda\/\"><img decoding=\"async\" class=\"alignnone wp-image-449 lazyload\" data-src=\"https:\/\/www.verilinebazar.com.br\/wp-content\/uploads\/2020\/02\/Foto-Blusa-Princesa-moda-214x300.jpg\" alt=\"Foto Blusa Linha Princesa Moda Incomfio 500m\" width=\"314\" height=\"441\" data-srcset=\"https:\/\/www.verilinebazar.com.br\/wp-content\/uploads\/2020\/02\/Foto-Blusa-Princesa-moda-214x300.jpg?v=1581107619 214w, https:\/\/www.verilinebazar.com.br\/wp-content\/uploads\/2020\/02\/Foto-Blusa-Princesa-moda-64x90.jpg?v=1581107619 64w, https:\/\/www.verilinebazar.com.br\/wp-content\/uploads\/2020\/02\/Foto-Blusa-Princesa-moda-600x842.jpg?v=1581107619 600w, https:\/\/www.verilinebazar.com.br\/wp-content\/uploads\/2020\/02\/Foto-Blusa-Princesa-moda-730x1024.jpg?v=1581107619 730w, https:\/\/www.verilinebazar.com.br\/wp-content\/uploads\/2020\/02\/Foto-Blusa-Princesa-moda-768x1078.jpg?v=1581107619 768w, https:\/\/www.verilinebazar.com.br\/wp-content\/uploads\/2020\/02\/Foto-Blusa-Princesa-moda.jpg?v=1581107619 841w\" data-sizes=\"(max-width: 314px) 100vw, 314px\" src=\"data:image\/svg+xml;base64,PHN2ZyB3aWR0aD0iMSIgaGVpZ2h0PSIxIiB4bWxucz0iaHR0cDovL3d3dy53My5vcmcvMjAwMC9zdmciPjwvc3ZnPg==\" style=\"--smush-placeholder-width: 314px; --smush-placeholder-aspect-ratio: 314\/441;\" \/><\/a><\/p>\n<p>&nbsp;<\/p>\n<p class=\"western\"><span style=\"color: #000080;\"> <a href=\"https:\/\/www.verilinebazar.com.br\/index.php\/categoria-produto\/fios-de-verao\/incomfio-fios-de-verao\/\"><img decoding=\"async\" class=\"alignnone lazyload\" data-src=\"https:\/\/www.verilinebazar.com.br\/wp-content\/uploads\/2020\/02\/Incomfio-princesa-1.jpg\" alt=\"Linha Princesa Moda Incomfio 500m\" width=\"99\" height=\"53\" align=\"BOTTOM\" border=\"1\" src=\"data:image\/svg+xml;base64,PHN2ZyB3aWR0aD0iMSIgaGVpZ2h0PSIxIiB4bWxucz0iaHR0cDovL3d3dy53My5vcmcvMjAwMC9zdmciPjwvc3ZnPg==\" style=\"--smush-placeholder-width: 99px; --smush-placeholder-aspect-ratio: 99\/53;\" \/>\u00a0 <\/a><\/span> <span style=\"color: #000080;\"><a href=\"https:\/\/www.verilinebazar.com.br\/blog\/\" target=\"_blank\" rel=\"noopener\"><img decoding=\"async\" class=\"alignnone lazyload\" data-src=\"https:\/\/www.verilinebazar.com.br\/wp-content\/uploads\/2020\/04\/Logo-blog-1.jpg\" alt=\"Blog Veriline Bazar\" width=\"140\" height=\"41\" align=\"BOTTOM\" border=\"1\" src=\"data:image\/svg+xml;base64,PHN2ZyB3aWR0aD0iMSIgaGVpZ2h0PSIxIiB4bWxucz0iaHR0cDovL3d3dy53My5vcmcvMjAwMC9zdmciPjwvc3ZnPg==\" style=\"--smush-placeholder-width: 140px; --smush-placeholder-aspect-ratio: 140\/41;\" \/><\/a><\/span><\/p>\n<p class=\"western\"><span style=\"color: #0000ff;\">Mais Produtos da Marca \u00a0\u00a0\u00a0\u00a0\u00a0\u00a0\u00a0\u00a0\u00a0\u00a0 Visite nosso Blog!<\/span><\/p>\n<p><span style=\"color: #0000ff;\">Modo de Lavagem<\/span><\/p>\n<p><img decoding=\"async\" class=\"alignnone wp-image-5627 size-medium lazyload\" data-src=\"https:\/\/www.verilinebazar.com.br\/wp-content\/uploads\/2020\/02\/Modo-lavagem-Princesa-300x100.jpg\" alt=\"Modo de lavagem Linha Princesa Moda Incomfio 500m\" width=\"300\" height=\"100\" data-srcset=\"https:\/\/www.verilinebazar.com.br\/wp-content\/uploads\/2020\/02\/Modo-lavagem-Princesa-300x100.jpg 300w, https:\/\/www.verilinebazar.com.br\/wp-content\/uploads\/2020\/02\/Modo-lavagem-Princesa-64x21.jpg 64w, https:\/\/www.verilinebazar.com.br\/wp-content\/uploads\/2020\/02\/Modo-lavagem-Princesa.jpg 334w\" data-sizes=\"(max-width: 300px) 100vw, 300px\" src=\"data:image\/svg+xml;base64,PHN2ZyB3aWR0aD0iMSIgaGVpZ2h0PSIxIiB4bWxucz0iaHR0cDovL3d3dy53My5vcmcvMjAwMC9zdmciPjwvc3ZnPg==\" style=\"--smush-placeholder-width: 300px; --smush-placeholder-aspect-ratio: 300\/100;\" \/><\/p>\n<div class=\"everest-forms\"><div class=\"evf-container default\" id=\"evf-803\"><form id=\"evf-form-803\" class=\"everest-form\" data-formid=\"803\" data-ajax_submission=\"0\" data-keyboard_friendly_form=\"0\" data-form_state_type=\"\" method=\"post\" enctype=\"multipart\/form-data\" action=\"\/index.php\/wp-json\/wp\/v2\/product\/447\"><div class=\"evf-field-container\"><input type=\"hidden\" id=\"_wpnonce803\" name=\"_wpnonce803\" value=\"4d8ded8740\" \/><input type=\"hidden\" name=\"_wp_http_referer\" value=\"\/index.php\/wp-json\/wp\/v2\/product\/447\" \/><div class=\"evf-frontend-row\" data-row=\"row_1\" conditional_rules=\"[]\"><div class=\"evf-frontend-grid evf-grid-2\" data-grid=\"grid_1\"><div id=\"evf-803-field_saB3bOpLww-2-container\" class=\"evf-field evf-field-textarea form-row\" data-field-id=\"saB3bOpLww-2\"><label class=\"evf-field-label\" for=\"evf-803-field_saB3bOpLww-2\"><span class=\"evf-label\">Tem alguma d\u00favida sobre este produto?<\/span> <\/label><textarea id=\"evf-803-field_saB3bOpLww-2\" class=\"input-text\" name=\"everest_forms[form_fields][saB3bOpLww-2]\"  ><\/textarea><\/div><\/div><div class=\"evf-frontend-grid evf-grid-2\" data-grid=\"grid_2\"><div id=\"evf-803-field_5x9M4T3hmb-1-container\" class=\"evf-field evf-field-email form-row validate-required validate-email\" data-required-field-message=\"Please enter a valid email address.\" data-field-id=\"5x9M4T3hmb-1\"><label class=\"evf-field-label\" for=\"evf-803-field_5x9M4T3hmb-1\"><span class=\"evf-label\">Email<\/span> <abbr class=\"required\" title=\"Requeridos\">*<\/abbr><\/label><input type=\"email\" id=\"evf-803-field_5x9M4T3hmb-1\" class=\"input-text\" name=\"everest_forms[form_fields][5x9M4T3hmb-1]\" required ><\/div><\/div><\/div><\/div><div class=\"evf-honeypot-container evf-field-hp\"><label for=\"evf-803-field-hp\" class=\"evf-field-label\">Message<\/label><input type=\"text\" name=\"everest_forms[hp]\" id=\"evf-803-field-hp\" class=\"input-text\"><\/div><div class=\"evf-submit-container \" ><input type=\"hidden\" name=\"everest_forms[id]\" value=\"803\"><input type=\"hidden\" name=\"everest_forms[author]\" value=\"1\"><button type='submit' name='everest_forms[submit]' class='everest-forms-submit-button button evf-submit ' id='evf-submit-803' value='evf-submit' data-process-text=\"Preparando....\" conditional_rules='&quot;&quot;' conditional_id='evf-submit-803'  id=\"evf-submit-803\" aria-live=\"assertive\">Enviar<\/button><\/div><\/form><\/div><!-- .evf-container --><\/div>\n","protected":false},"excerpt":{"rendered":"<p class=\"western\"><span style=\"color: #0000ff;\">Escolha a quantidade de cada cor<\/span><\/p>\n<p class=\"western\"><span style=\"color: #0000ff;\">Clique em ADICIONAR AO CARRINHO<\/span><\/p>\n<h6><strong>\u00a0\u00a0\u00a0\u00a0\u00a0\u00a0\u00a0\u00a0\u00a0\u00a0\u00a0\u00a0\u00a0\u00a0\u00a0\u00a0\u00a0\u00a0\u00a0 Foto do Fio<\/strong><\/h6>\n<p><a href=\"https:\/\/www.verilinebazar.com.br\/wp-content\/uploads\/2020\/02\/3066.jpg\"><img decoding=\"async\" class=\"alignnone size-medium wp-image-30733 lazyload\" data-src=\"https:\/\/www.verilinebazar.com.br\/wp-content\/uploads\/2020\/02\/3066-300x122.jpg\" alt=\"\" width=\"300\" height=\"122\" data-srcset=\"https:\/\/www.verilinebazar.com.br\/wp-content\/uploads\/2020\/02\/3066-300x122.jpg?v=1655065273 300w, https:\/\/www.verilinebazar.com.br\/wp-content\/uploads\/2020\/02\/3066-64x26.jpg?v=1655065273 64w, https:\/\/www.verilinebazar.com.br\/wp-content\/uploads\/2020\/02\/3066-248x100.jpg?v=1655065273 248w, https:\/\/www.verilinebazar.com.br\/wp-content\/uploads\/2020\/02\/3066.jpg?v=1655065273 400w\" data-sizes=\"(max-width: 300px) 100vw, 300px\" src=\"data:image\/svg+xml;base64,PHN2ZyB3aWR0aD0iMSIgaGVpZ2h0PSIxIiB4bWxucz0iaHR0cDovL3d3dy53My5vcmcvMjAwMC9zdmciPjwvc3ZnPg==\" style=\"--smush-placeholder-width: 300px; --smush-placeholder-aspect-ratio: 300\/122;\" \/><\/a><\/p>\n","protected":false},"featured_media":448,"template":"","meta":{"_uag_custom_page_level_css":"","site-sidebar-layout":"default","site-content-layout":"default","ast-site-content-layout":"default","site-content-style":"default","site-sidebar-style":"default","ast-global-header-display":"","ast-banner-title-visibility":"","ast-main-header-display":"","ast-hfb-above-header-display":"","ast-hfb-below-header-display":"","ast-hfb-mobile-header-display":"","site-post-title":"","ast-breadcrumbs-content":"","ast-featured-img":"","footer-sml-layout":"","ast-disable-related-posts":"","theme-transparent-header-meta":"default","adv-header-id-meta":"","stick-header-meta":"default","header-above-stick-meta":"","header-main-stick-meta":"","header-below-stick-meta":"","astra-migrate-meta-layouts":"set","ast-page-background-enabled":"default","ast-page-background-meta":{"desktop":{"background-color":"","background-image":"","background-repeat":"repeat","background-position":"center center","background-size":"auto","background-attachment":"scroll","background-type":"","background-media":"","overlay-type":"","overlay-color":"","overlay-opacity":"","overlay-gradient":""},"tablet":{"background-color":"","background-image":"","background-repeat":"repeat","background-position":"center center","background-size":"auto","background-attachment":"scroll","background-type":"","background-media":"","overlay-type":"","overlay-color":"","overlay-opacity":"","overlay-gradient":""},"mobile":{"background-color":"","background-image":"","background-repeat":"repeat","background-position":"center center","background-size":"auto","background-attachment":"scroll","background-type":"","background-media":"","overlay-type":"","overlay-color":"","overlay-opacity":"","overlay-gradient":""}},"ast-content-background-meta":{"desktop":{"background-color":"var(--ast-global-color-5)","background-image":"","background-repeat":"repeat","background-position":"center center","background-size":"auto","background-attachment":"scroll","background-type":"","background-media":"","overlay-type":"","overlay-color":"","overlay-opacity":"","overlay-gradient":""},"tablet":{"background-color":"var(--ast-global-color-5)","background-image":"","background-repeat":"repeat","background-position":"center center","background-size":"auto","background-attachment":"scroll","background-type":"","background-media":"","overlay-type":"","overlay-color":"","overlay-opacity":"","overlay-gradient":""},"mobile":{"background-color":"var(--ast-global-color-5)","background-image":"","background-repeat":"repeat","background-position":"center center","background-size":"auto","background-attachment":"scroll","background-type":"","background-media":"","overlay-type":"","overlay-color":"","overlay-opacity":"","overlay-gradient":""}},"_mbp_gutenberg_autopost":false},"pwb-brand":[4583],"product_brand":[],"product_cat":[32,2646],"product_tag":[75],"class_list":{"0":"post-447","1":"product","2":"type-product","3":"status-publish","4":"has-post-thumbnail","6":"pwb-brand-incomfio","7":"product_cat-fios-de-verao","8":"product_cat-incomfio-fios-de-verao","9":"product_tag-princesa-moda","10":"pa_cores-princesa-moda-3501-branco","11":"pa_cores-princesa-moda-3502-verde-pistache","12":"pa_cores-princesa-moda-3503-verde-militar","13":"pa_cores-princesa-moda-3504-azul-marinho","14":"pa_cores-princesa-moda-3505-amarelo-bebe","15":"pa_cores-princesa-moda-3506-rosa-bebe","16":"pa_cores-princesa-moda-3507-bege-palha","17":"pa_cores-princesa-moda-3508-bege","18":"pa_cores-princesa-moda-3509-bege-claro","19":"pa_cores-princesa-moda-3511-bege-rosado","20":"pa_cores-princesa-moda-3512-marrom-claro","21":"pa_cores-princesa-moda-3513-vermelho","22":"pa_cores-princesa-moda-3514-verde-bandeira","23":"pa_cores-princesa-moda-3515-verde-agua","24":"pa_cores-princesa-moda-3516-azul-topazio","25":"pa_cores-princesa-moda-3517-azul-bebe","26":"pa_cores-princesa-moda-3518-amarelo-ouro","27":"pa_cores-princesa-moda-3519-cinza","28":"pa_cores-princesa-moda-3520-lilas","29":"pa_cores-princesa-moda-3521-preto","30":"pa_cores-princesa-moda-3522-cenoura","31":"pa_cores-princesa-moda-3523-salmao","32":"pa_cores-princesa-moda-3524-vinho","33":"pa_cores-princesa-moda-3527-azul-turquesa","34":"pa_cores-princesa-moda-3529-azul-royal","35":"pa_cores-princesa-moda-3530-pink","36":"pa_cores-princesa-moda-3531-violeta","37":"pa_cores-princesa-moda-3532-azul-pacifico","38":"pa_cores-princesa-moda-3533-vermelho-sangue","39":"pa_cores-princesa-moda-3534-azul-piscina","40":"pa_cores-princesa-moda-3537-rose","41":"pa_cores-princesa-moda-3538-dourado","42":"pa_cores-princesa-moda-3540-marrom-cafe","43":"pa_cores-princesa-moda-3541-rosa-forte","44":"pa_cores-princesa-moda-3542-laranja","45":"pa_cores-princesa-moda-3548-flanela","46":"pa_cores-princesa-moda-3550-roxo","47":"pa_cores-princesa-moda-3552-rosa-florescente","48":"pa_cores-princesa-moda-3553-amarelo-florescente","49":"pa_cores-princesa-moda-3554-verde-mesclado","50":"pa_cores-princesa-moda-3555-azul-mesclado","51":"pa_cores-princesa-moda-3556-cinza-mesclado","52":"pa_cores-princesa-moda-3557-roxo-mesclado","53":"pa_cores-princesa-moda-3558-marrom-mesclado","54":"pa_cores-princesa-moda-3559-rosa-mesclado","55":"pa_cores-princesa-moda-3560-vermelho-mesclado","56":"pa_cores-princesa-moda-3561-laranja-mesclado","57":"pa_cores-princesa-moda-3562-grafite-mesclado","58":"pa_cores-princesa-moda-3563-juta","59":"pa_cores-princesa-moda-3564-beterraba","60":"pa_cores-princesa-moda-3565-ouro-velho","61":"pa_cores-princesa-moda-3567-nata","62":"pa_cores-princesa-moda-3568-chantily","63":"pa_cores-princesa-moda-3569-lavanda","64":"desktop-align-center","65":"tablet-align-left","66":"mobile-align-center","67":"ast-product-gallery-layout-horizontal-slider","68":"ast-product-gallery-with-no-image","69":"ast-product-single-variable","70":"ast-product-tabs-layout-horizontal","71":"ast-qv-on-image","73":"first","74":"instock","75":"featured","76":"taxable","77":"shipping-taxable","78":"purchasable","79":"product-type-variable"},"uagb_featured_image_src":{"full":["https:\/\/www.verilinebazar.com.br\/wp-content\/uploads\/2020\/02\/3001.png?v=1692629587",259,300,false],"thumbnail":["https:\/\/www.verilinebazar.com.br\/wp-content\/uploads\/2020\/02\/3001-150x150.png?v=1692629587",150,150,true],"medium":["https:\/\/www.verilinebazar.com.br\/wp-content\/uploads\/2020\/02\/3001.png?v=1692629587",259,300,false],"medium_large":["https:\/\/www.verilinebazar.com.br\/wp-content\/uploads\/2020\/02\/3001.png?v=1692629587",259,300,false],"large":["https:\/\/www.verilinebazar.com.br\/wp-content\/uploads\/2020\/02\/3001.png?v=1692629587",259,300,false],"ryviu-small":["https:\/\/www.verilinebazar.com.br\/wp-content\/uploads\/2020\/02\/3001-40x40.png?v=1692629587",40,40,true],"ryviu-medium":["https:\/\/www.verilinebazar.com.br\/wp-content\/uploads\/2020\/02\/3001-132x132.png?v=1692629587",132,132,true],"1536x1536":["https:\/\/www.verilinebazar.com.br\/wp-content\/uploads\/2020\/02\/3001.png?v=1692629587",259,300,false],"2048x2048":["https:\/\/www.verilinebazar.com.br\/wp-content\/uploads\/2020\/02\/3001.png?v=1692629587",259,300,false],"pgmb-post-image":["https:\/\/www.verilinebazar.com.br\/wp-content\/uploads\/2020\/02\/3001.png?v=1692629587",259,300,false],"_nx_notification_thumb_100_100":["https:\/\/www.verilinebazar.com.br\/wp-content\/uploads\/2020\/02\/3001.png?v=1692629587",86,100,false],"_nx_notification_thumb_200_200":["https:\/\/www.verilinebazar.com.br\/wp-content\/uploads\/2020\/02\/3001.png?v=1692629587",173,200,false],"_nx_notification_thumb_300_300":["https:\/\/www.verilinebazar.com.br\/wp-content\/uploads\/2020\/02\/3001.png?v=1692629587",259,300,false],"_nx_notification_thumb_400_400":["https:\/\/www.verilinebazar.com.br\/wp-content\/uploads\/2020\/02\/3001.png?v=1692629587",259,300,false],"_nx_notification_thumb_500_500":["https:\/\/www.verilinebazar.com.br\/wp-content\/uploads\/2020\/02\/3001.png?v=1692629587",259,300,false],"woocommerce_thumbnail":["https:\/\/www.verilinebazar.com.br\/wp-content\/uploads\/2020\/02\/3001-200x200.png?v=1692629587",200,200,true],"woocommerce_single":["https:\/\/www.verilinebazar.com.br\/wp-content\/uploads\/2020\/02\/3001.png?v=1692629587",259,300,false],"woocommerce_gallery_thumbnail":["https:\/\/www.verilinebazar.com.br\/wp-content\/uploads\/2020\/02\/3001-100x100.png?v=1692629587",100,100,true],"dgwt-wcas-product-suggestion":["https:\/\/www.verilinebazar.com.br\/wp-content\/uploads\/2020\/02\/3001-64x74.png?v=1692629587",64,74,true],"yith-woocompare-image":["https:\/\/www.verilinebazar.com.br\/wp-content\/uploads\/2020\/02\/3001.png?v=1692629587",133,154,false]},"uagb_author_info":{"display_name":"admin","author_link":"https:\/\/www.verilinebazar.com.br\/index.php\/author\/"},"uagb_comment_info":0,"uagb_excerpt":"Escolha a quantidade de cada cor Clique em ADICIONAR AO CARRINHO \u00a0\u00a0\u00a0\u00a0\u00a0\u00a0\u00a0\u00a0\u00a0\u00a0\u00a0\u00a0\u00a0\u00a0\u00a0\u00a0\u00a0\u00a0\u00a0 Foto do Fio","brands":[{"id":4583,"name":"Incomfio","slug":"incomfio"}],"post_mailing_queue_ids":[],"_links":{"self":[{"href":"https:\/\/www.verilinebazar.com.br\/index.php\/wp-json\/wp\/v2\/product\/447","targetHints":{"allow":["GET"]}}],"collection":[{"href":"https:\/\/www.verilinebazar.com.br\/index.php\/wp-json\/wp\/v2\/product"}],"about":[{"href":"https:\/\/www.verilinebazar.com.br\/index.php\/wp-json\/wp\/v2\/types\/product"}],"wp:featuredmedia":[{"embeddable":true,"href":"https:\/\/www.verilinebazar.com.br\/index.php\/wp-json\/wp\/v2\/media\/448"}],"wp:attachment":[{"href":"https:\/\/www.verilinebazar.com.br\/index.php\/wp-json\/wp\/v2\/media?parent=447"}],"wp:term":[{"taxonomy":"pwb-brand","embeddable":true,"href":"https:\/\/www.verilinebazar.com.br\/index.php\/wp-json\/wp\/v2\/pwb-brand?post=447"},{"taxonomy":"product_brand","embeddable":true,"href":"https:\/\/www.verilinebazar.com.br\/index.php\/wp-json\/wp\/v2\/product_brand?post=447"},{"taxonomy":"product_cat","embeddable":true,"href":"https:\/\/www.verilinebazar.com.br\/index.php\/wp-json\/wp\/v2\/product_cat?post=447"},{"taxonomy":"product_tag","embeddable":true,"href":"https:\/\/www.verilinebazar.com.br\/index.php\/wp-json\/wp\/v2\/product_tag?post=447"}],"curies":[{"name":"wp","href":"https:\/\/api.w.org\/{rel}","templated":true}]}}