{"id":981,"date":"2020-02-14T15:57:57","date_gmt":"2020-02-14T18:57:57","guid":{"rendered":"https:\/\/www.verilinebazar.com.br\/?post_type=product&#038;p=981"},"modified":"2022-04-18T09:45:19","modified_gmt":"2022-04-18T12:45:19","slug":"agulha-magica-circulo","status":"publish","type":"product","link":"https:\/\/www.verilinebazar.com.br\/index.php\/produto\/agulha-magica-circulo\/","title":{"rendered":"Agulha M\u00e1gica Circulo"},"content":{"rendered":"<p>Agulha M\u00e1gica Circulo<\/p>\n<p>&nbsp;<\/p>\n<p>Ideal para bordados de alto relevo, o kit Agulha M\u00e1gica \u00e9 composto por tr\u00eas agulhas de tamanhos diferentes (1,3mm, 1,6mm e 2,2mm), dois passadores e um suporte. Com os produtos \u00e9 poss\u00edvel elaborar diversas pe\u00e7a como bordados, tapetes, quadros e artesanatos com l\u00e3 e linha.<\/p>\n<p>Cont\u00e9m: 3 Agulhas (1,3mm, 1,6mm e 2,2mm), 2 Passadores e 1 Suporte.<\/p>\n<p>&nbsp;<\/p>\n<p>[gravityform id=&#8221;3&#8243; title=&#8221;true&#8221; description=&#8221;true&#8221;]<\/p>\n<p>&nbsp;<\/p>\n","protected":false},"excerpt":{"rendered":"<p><span style=\"color: #0000ff;\">Selecione a medida desejada<\/span><\/p>\n<p><span style=\"color: #0000ff;\">Coloque\u00a0 a quantidade abaixo<\/span><\/p>\n<p><span style=\"color: #0000ff;\">Clique em COMPRAR<\/span><\/p>\n","protected":false},"featured_media":982,"template":"","meta":{"_crdt_document":"","_uag_custom_page_level_css":"","site-sidebar-layout":"default","site-content-layout":"","ast-site-content-layout":"default","site-content-style":"default","site-sidebar-style":"default","ast-global-header-display":"","ast-banner-title-visibility":"","ast-main-header-display":"","ast-hfb-above-header-display":"","ast-hfb-below-header-display":"","ast-hfb-mobile-header-display":"","site-post-title":"","ast-breadcrumbs-content":"","ast-featured-img":"","footer-sml-layout":"","ast-disable-related-posts":"","theme-transparent-header-meta":"","adv-header-id-meta":"","stick-header-meta":"","header-above-stick-meta":"","header-main-stick-meta":"","header-below-stick-meta":"","astra-migrate-meta-layouts":"default","ast-page-background-enabled":"default","ast-page-background-meta":{"desktop":{"background-color":"","background-image":"","background-repeat":"repeat","background-position":"center center","background-size":"auto","background-attachment":"scroll","background-type":"","background-media":"","overlay-type":"","overlay-color":"","overlay-opacity":"","overlay-gradient":""},"tablet":{"background-color":"","background-image":"","background-repeat":"repeat","background-position":"center center","background-size":"auto","background-attachment":"scroll","background-type":"","background-media":"","overlay-type":"","overlay-color":"","overlay-opacity":"","overlay-gradient":""},"mobile":{"background-color":"","background-image":"","background-repeat":"repeat","background-position":"center center","background-size":"auto","background-attachment":"scroll","background-type":"","background-media":"","overlay-type":"","overlay-color":"","overlay-opacity":"","overlay-gradient":""}},"ast-content-background-meta":{"desktop":{"background-color":"var(--ast-global-color-5)","background-image":"","background-repeat":"repeat","background-position":"center center","background-size":"auto","background-attachment":"scroll","background-type":"","background-media":"","overlay-type":"","overlay-color":"","overlay-opacity":"","overlay-gradient":""},"tablet":{"background-color":"var(--ast-global-color-5)","background-image":"","background-repeat":"repeat","background-position":"center center","background-size":"auto","background-attachment":"scroll","background-type":"","background-media":"","overlay-type":"","overlay-color":"","overlay-opacity":"","overlay-gradient":""},"mobile":{"background-color":"var(--ast-global-color-5)","background-image":"","background-repeat":"repeat","background-position":"center center","background-size":"auto","background-attachment":"scroll","background-type":"","background-media":"","overlay-type":"","overlay-color":"","overlay-opacity":"","overlay-gradient":""}}},"pwb-brand":[],"product_brand":[],"product_cat":[31],"product_tag":[252],"class_list":{"0":"post-981","1":"product","2":"type-product","3":"status-publish","4":"has-post-thumbnail","6":"product_cat-agulhas","7":"product_tag-agulha-magica","8":"desktop-align-center","9":"tablet-align-left","10":"mobile-align-center","11":"ast-product-gallery-layout-horizontal-slider","12":"ast-product-gallery-with-no-image","13":"ast-product-tabs-layout-horizontal","14":"ast-qv-on-image","16":"first","17":"instock","18":"taxable","19":"shipping-taxable","20":"purchasable","21":"product-type-simple"},"uagb_featured_image_src":{"full":["https:\/\/www.verilinebazar.com.br\/wp-content\/uploads\/2020\/02\/359475_agulha_magica_475x550-1-440x550-1.png?v=1692629877",240,300,false],"thumbnail":["https:\/\/www.verilinebazar.com.br\/wp-content\/uploads\/2020\/02\/359475_agulha_magica_475x550-1-440x550-1-150x150.png?v=1692629877",150,150,true],"medium":["https:\/\/www.verilinebazar.com.br\/wp-content\/uploads\/2020\/02\/359475_agulha_magica_475x550-1-440x550-1-240x300.png?v=1692629877",240,300,true],"medium_large":["https:\/\/www.verilinebazar.com.br\/wp-content\/uploads\/2020\/02\/359475_agulha_magica_475x550-1-440x550-1.png?v=1692629877",240,300,false],"large":["https:\/\/www.verilinebazar.com.br\/wp-content\/uploads\/2020\/02\/359475_agulha_magica_475x550-1-440x550-1.png?v=1692629877",240,300,false],"ryviu-small":["https:\/\/www.verilinebazar.com.br\/wp-content\/uploads\/2020\/02\/359475_agulha_magica_475x550-1-440x550-1-40x40.png?v=1692629877",40,40,true],"ryviu-medium":["https:\/\/www.verilinebazar.com.br\/wp-content\/uploads\/2020\/02\/359475_agulha_magica_475x550-1-440x550-1-132x132.png?v=1692629877",132,132,true],"1536x1536":["https:\/\/www.verilinebazar.com.br\/wp-content\/uploads\/2020\/02\/359475_agulha_magica_475x550-1-440x550-1.png?v=1692629877",240,300,false],"2048x2048":["https:\/\/www.verilinebazar.com.br\/wp-content\/uploads\/2020\/02\/359475_agulha_magica_475x550-1-440x550-1.png?v=1692629877",240,300,false],"wishsuite-image":["https:\/\/www.verilinebazar.com.br\/wp-content\/uploads\/2020\/02\/359475_agulha_magica_475x550-1-440x550-1.png?v=1692629877",64,80,false],"ever-compare-image":["https:\/\/www.verilinebazar.com.br\/wp-content\/uploads\/2020\/02\/359475_agulha_magica_475x550-1-440x550-1.png?v=1692629877",240,300,false],"_nx_notification_thumb_100_100":["https:\/\/www.verilinebazar.com.br\/wp-content\/uploads\/2020\/02\/359475_agulha_magica_475x550-1-440x550-1.png?v=1692629877",80,100,false],"_nx_notification_thumb_200_200":["https:\/\/www.verilinebazar.com.br\/wp-content\/uploads\/2020\/02\/359475_agulha_magica_475x550-1-440x550-1.png?v=1692629877",160,200,false],"_nx_notification_thumb_300_300":["https:\/\/www.verilinebazar.com.br\/wp-content\/uploads\/2020\/02\/359475_agulha_magica_475x550-1-440x550-1.png?v=1692629877",240,300,false],"_nx_notification_thumb_400_400":["https:\/\/www.verilinebazar.com.br\/wp-content\/uploads\/2020\/02\/359475_agulha_magica_475x550-1-440x550-1.png?v=1692629877",240,300,false],"_nx_notification_thumb_500_500":["https:\/\/www.verilinebazar.com.br\/wp-content\/uploads\/2020\/02\/359475_agulha_magica_475x550-1-440x550-1.png?v=1692629877",240,300,false],"woocommerce_thumbnail":["https:\/\/www.verilinebazar.com.br\/wp-content\/uploads\/2020\/02\/359475_agulha_magica_475x550-1-440x550-1-200x200.png?v=1692629877",200,200,true],"woocommerce_single":["https:\/\/www.verilinebazar.com.br\/wp-content\/uploads\/2020\/02\/359475_agulha_magica_475x550-1-440x550-1.png?v=1692629877",240,300,false],"woocommerce_gallery_thumbnail":["https:\/\/www.verilinebazar.com.br\/wp-content\/uploads\/2020\/02\/359475_agulha_magica_475x550-1-440x550-1-100x100.png?v=1692629877",100,100,true],"dgwt-wcas-product-suggestion":["https:\/\/www.verilinebazar.com.br\/wp-content\/uploads\/2020\/02\/359475_agulha_magica_475x550-1-440x550-1-64x80.png?v=1692629877",64,80,true],"yith-woocompare-image":["https:\/\/www.verilinebazar.com.br\/wp-content\/uploads\/2020\/02\/359475_agulha_magica_475x550-1-440x550-1.png?v=1692629877",123,154,false]},"uagb_author_info":{"display_name":"admin","author_link":"https:\/\/www.verilinebazar.com.br\/index.php\/author\/"},"uagb_comment_info":0,"uagb_excerpt":"Selecione a medida desejada Coloque\u00a0 a quantidade abaixo Clique em COMPRAR","brands":[],"post_mailing_queue_ids":[],"_links":{"self":[{"href":"https:\/\/www.verilinebazar.com.br\/index.php\/wp-json\/wp\/v2\/product\/981","targetHints":{"allow":["GET"]}}],"collection":[{"href":"https:\/\/www.verilinebazar.com.br\/index.php\/wp-json\/wp\/v2\/product"}],"about":[{"href":"https:\/\/www.verilinebazar.com.br\/index.php\/wp-json\/wp\/v2\/types\/product"}],"wp:featuredmedia":[{"embeddable":true,"href":"https:\/\/www.verilinebazar.com.br\/index.php\/wp-json\/wp\/v2\/media\/982"}],"wp:attachment":[{"href":"https:\/\/www.verilinebazar.com.br\/index.php\/wp-json\/wp\/v2\/media?parent=981"}],"wp:term":[{"taxonomy":"pwb-brand","embeddable":true,"href":"https:\/\/www.verilinebazar.com.br\/index.php\/wp-json\/wp\/v2\/pwb-brand?post=981"},{"taxonomy":"product_brand","embeddable":true,"href":"https:\/\/www.verilinebazar.com.br\/index.php\/wp-json\/wp\/v2\/product_brand?post=981"},{"taxonomy":"product_cat","embeddable":true,"href":"https:\/\/www.verilinebazar.com.br\/index.php\/wp-json\/wp\/v2\/product_cat?post=981"},{"taxonomy":"product_tag","embeddable":true,"href":"https:\/\/www.verilinebazar.com.br\/index.php\/wp-json\/wp\/v2\/product_tag?post=981"}],"curies":[{"name":"wp","href":"https:\/\/api.w.org\/{rel}","templated":true}]}}